{"id":6784,"date":"2024-12-10T00:32:47","date_gmt":"2024-12-09T23:32:47","guid":{"rendered":"http:\/\/turismoliberty.pe\/activities\/"},"modified":"2025-12-05T17:14:28","modified_gmt":"2025-12-05T16:14:28","slug":"activities","status":"publish","type":"page","link":"https:\/\/turismoliberty.pe\/en\/activities\/","title":{"rendered":"Activities"},"content":{"rendered":"\t\t<div data-elementor-type=\"wp-page\" data-elementor-id=\"6784\" class=\"elementor elementor-6784 elementor-10\">\n\t\t\t\t\t\t<section class=\"elementor-section elementor-top-section elementor-element elementor-element-4bcd8809 elementor-section-boxed elementor-section-height-default elementor-section-height-default\" data-id=\"4bcd8809\" data-element_type=\"section\" data-e-type=\"section\" data-settings=\"{&quot;background_background&quot;:&quot;classic&quot;}\">\n\t\t\t\t\t\t\t<div class=\"elementor-background-overlay\"><\/div>\n\t\t\t\t\t\t\t<div class=\"elementor-container elementor-column-gap-default\">\n\t\t\t\t\t<div class=\"elementor-column elementor-col-100 elementor-top-column elementor-element elementor-element-78f5e70f\" data-id=\"78f5e70f\" data-element_type=\"column\" data-e-type=\"column\">\n\t\t\t<div class=\"elementor-widget-wrap elementor-element-populated\">\n\t\t\t\t\t\t<div class=\"elementor-element elementor-element-3b0af56a --secondaryFontFamily elementor-widget elementor-widget-heading\" data-id=\"3b0af56a\" data-element_type=\"widget\" data-e-type=\"widget\" data-widget_type=\"heading.default\">\n\t\t\t\t\t<h1 class=\"elementor-heading-title elementor-size-default\">Activities<\/h1>\t\t\t\t<\/div>\n\t\t\t\t\t<\/div>\n\t\t<\/div>\n\t\t\t\t\t<\/div>\n\t\t<\/section>\n\t\t\t\t<section class=\"elementor-section elementor-top-section elementor-element elementor-element-22543eba elementor-section-boxed elementor-section-height-default elementor-section-height-default\" data-id=\"22543eba\" data-element_type=\"section\" data-e-type=\"section\">\n\t\t\t\t\t\t<div class=\"elementor-container elementor-column-gap-default\">\n\t\t\t\t\t<div class=\"elementor-column elementor-col-100 elementor-top-column elementor-element elementor-element-10429b6\" data-id=\"10429b6\" data-element_type=\"column\" data-e-type=\"column\">\n\t\t\t<div class=\"elementor-widget-wrap elementor-element-populated\">\n\t\t\t\t\t\t<div class=\"elementor-element elementor-element-2aebbd97 elementor-widget elementor-widget-text-editor\" data-id=\"2aebbd97\" data-element_type=\"widget\" data-e-type=\"widget\" data-widget_type=\"text-editor.default\">\n\t\t\t\t\t\t\t\t\t<p>&#8220;The best activities, designed especially for you and tailored to each destination.&#8221;<\/p>\t\t\t\t\t\t\t\t<\/div>\n\t\t\t\t\t<\/div>\n\t\t<\/div>\n\t\t\t\t\t<\/div>\n\t\t<\/section>\n\t\t<div class=\"elementor-element elementor-element-d4ba388 e-flex e-con-boxed e-con e-parent\" data-id=\"d4ba388\" data-element_type=\"container\" data-e-type=\"container\">\n\t\t\t\t\t<div class=\"e-con-inner\">\n\t\t\t\t<div class=\"elementor-element elementor-element-8cad325 elementor-widget elementor-widget-spacer\" data-id=\"8cad325\" data-element_type=\"widget\" data-e-type=\"widget\" data-widget_type=\"spacer.default\">\n\t\t\t\t\t\t\t<div class=\"elementor-spacer\">\n\t\t\t<div class=\"elementor-spacer-inner\"><\/div>\n\t\t<\/div>\n\t\t\t\t\t\t<\/div>\n\t\t\t\t<div class=\"elementor-element elementor-element-fc2dcb4 elementor-widget elementor-widget-wptravelengine-activities\" data-id=\"fc2dcb4\" data-element_type=\"widget\" data-e-type=\"widget\" data-widget_type=\"wptravelengine-activities.default\">\n\t\t\t\t<div class=\"elementor-widget-container\">\n\t\t\t\t\t<div class=\"wp-block-wptravelengine wpte-gblock-wrapper wpte-elementor-widget\">\n\t<div class=\"category-grid wte-d-flex wte-layout-grid wpte-trip-list-wrapper default  wte-col-3 \t\">\n\t<div class=\"wpte-trip-category\">\n\t<div class=\"wpte-inner-container\">\n\t\t<div class=\"wpte-trip-category-img-wrap\">\n\t\t\t<figure class=\"thumbnail\">\n\t\t\t\t\t\t\t<\/figure>\n\t\t\t\t\t<\/div>\n\t\t\t\t\t<div class=\"wpte-trip-category-text-wrap\">\n\t\t\t\t<h2 class=\"wpte-trip-category-title\"><a href=\"https:\/\/turismoliberty.pe\/en\/activities\/atvs\/\">ATVs<\/a>\n\t\t\t\t\t\t\t\t\t\t\t<span class=\"trip-count\">(28 Viajes)<\/span>\n\t\t\t\t\t\t\t\t\t\t<span class=\"wpte-icon\">\n\t\t\t\t\t\t\t\t\t\t\t\t\t\t<svg width=\"16\" height=\"18\" viewBox=\"0 0 16 18\" fill=\"none\" xmlns=\"http:\/\/www.w3.org\/2000\/svg\"><path d=\"M15.8933 8.49342C15.8299 8.32975 15.7347 8.18022 15.6133 8.05342L8.94667 1.38675C8.82235 1.26243 8.67476 1.16382 8.51233 1.09654C8.3499 1.02926 8.17581 0.994629 8 0.994629C7.64493 0.994629 7.30441 1.13568 7.05333 1.38675C6.92902 1.51107 6.8304 1.65866 6.76312 1.82109C6.69584 1.98352 6.66121 2.15761 6.66121 2.33342C6.66121 2.68849 6.80226 3.02901 7.05333 3.28008L11.4533 7.66675H1.33333C0.979711 7.66675 0.640573 7.80723 0.390525 8.05728C0.140476 8.30733 0 8.64646 0 9.00009C0 9.35371 0.140476 9.69285 0.390525 9.94289C0.640573 10.1929 0.979711 10.3334 1.33333 10.3334H11.4533L7.05333 14.7201C6.92836 14.844 6.82917 14.9915 6.76148 15.154C6.69379 15.3165 6.65894 15.4907 6.65894 15.6668C6.65894 15.8428 6.69379 16.017 6.76148 16.1795C6.82917 16.342 6.92836 16.4895 7.05333 16.6134C7.17728 16.7384 7.32475 16.8376 7.48723 16.9053C7.64971 16.973 7.82398 17.0078 8 17.0078C8.17602 17.0078 8.35029 16.973 8.51277 16.9053C8.67525 16.8376 8.82272 16.7384 8.94667 16.6134L15.6133 9.94675C15.7347 9.81995 15.8299 9.67042 15.8933 9.50675C16.0267 9.18214 16.0267 8.81803 15.8933 8.49342Z\" fill=\"#2183DF\" \/><\/svg>\n\t\t\t\t\t\t\t\t\t\t\t\t\t\t<\/span>\n\t\t\t\t<\/h2>\n\t\t\t<\/div>\n\t\t\t<\/div>\n<\/div>\n<div class=\"wpte-trip-category\">\n\t<div class=\"wpte-inner-container\">\n\t\t<div class=\"wpte-trip-category-img-wrap\">\n\t\t\t<figure class=\"thumbnail\">\n\t\t\t\t\t\t\t<\/figure>\n\t\t\t\t\t<\/div>\n\t\t\t\t\t<div class=\"wpte-trip-category-text-wrap\">\n\t\t\t\t<h2 class=\"wpte-trip-category-title\"><a href=\"https:\/\/turismoliberty.pe\/en\/activities\/canopy-en\/\">Canopy<\/a>\n\t\t\t\t\t\t\t\t\t\t\t<span class=\"trip-count\">(17 Viajes)<\/span>\n\t\t\t\t\t\t\t\t\t\t<span class=\"wpte-icon\">\n\t\t\t\t\t\t\t\t\t\t\t\t\t\t<svg width=\"16\" height=\"18\" viewBox=\"0 0 16 18\" fill=\"none\" xmlns=\"http:\/\/www.w3.org\/2000\/svg\"><path d=\"M15.8933 8.49342C15.8299 8.32975 15.7347 8.18022 15.6133 8.05342L8.94667 1.38675C8.82235 1.26243 8.67476 1.16382 8.51233 1.09654C8.3499 1.02926 8.17581 0.994629 8 0.994629C7.64493 0.994629 7.30441 1.13568 7.05333 1.38675C6.92902 1.51107 6.8304 1.65866 6.76312 1.82109C6.69584 1.98352 6.66121 2.15761 6.66121 2.33342C6.66121 2.68849 6.80226 3.02901 7.05333 3.28008L11.4533 7.66675H1.33333C0.979711 7.66675 0.640573 7.80723 0.390525 8.05728C0.140476 8.30733 0 8.64646 0 9.00009C0 9.35371 0.140476 9.69285 0.390525 9.94289C0.640573 10.1929 0.979711 10.3334 1.33333 10.3334H11.4533L7.05333 14.7201C6.92836 14.844 6.82917 14.9915 6.76148 15.154C6.69379 15.3165 6.65894 15.4907 6.65894 15.6668C6.65894 15.8428 6.69379 16.017 6.76148 16.1795C6.82917 16.342 6.92836 16.4895 7.05333 16.6134C7.17728 16.7384 7.32475 16.8376 7.48723 16.9053C7.64971 16.973 7.82398 17.0078 8 17.0078C8.17602 17.0078 8.35029 16.973 8.51277 16.9053C8.67525 16.8376 8.82272 16.7384 8.94667 16.6134L15.6133 9.94675C15.7347 9.81995 15.8299 9.67042 15.8933 9.50675C16.0267 9.18214 16.0267 8.81803 15.8933 8.49342Z\" fill=\"#2183DF\" \/><\/svg>\n\t\t\t\t\t\t\t\t\t\t\t\t\t\t<\/span>\n\t\t\t\t<\/h2>\n\t\t\t<\/div>\n\t\t\t<\/div>\n<\/div>\n<div class=\"wpte-trip-category\">\n\t<div class=\"wpte-inner-container\">\n\t\t<div class=\"wpte-trip-category-img-wrap\">\n\t\t\t<figure class=\"thumbnail\">\n\t\t\t\t\t\t\t\t<a href=\"https:\/\/turismoliberty.pe\/en\/activities\/city-tour-en\/\">\n\t\t\t\t\t<img decoding=\"async\" src=\"https:\/\/turismoliberty.pe\/wp-content\/uploads\/2022\/11\/City-Tour-2-6.jpeg\" alt=\"City Tour 2\" \/>\n\t\t\t\t<\/a>\n\t\t\t\t\t\t\t<\/figure>\n\t\t\t\t\t<\/div>\n\t\t\t\t\t<div class=\"wpte-trip-category-text-wrap\">\n\t\t\t\t<h2 class=\"wpte-trip-category-title\"><a href=\"https:\/\/turismoliberty.pe\/en\/activities\/city-tour-en\/\">City Tour<\/a>\n\t\t\t\t\t\t\t\t\t\t\t<span class=\"trip-count\">(24 Viajes)<\/span>\n\t\t\t\t\t\t\t\t\t\t<span class=\"wpte-icon\">\n\t\t\t\t\t\t\t\t\t\t\t\t\t\t<svg width=\"16\" height=\"18\" viewBox=\"0 0 16 18\" fill=\"none\" xmlns=\"http:\/\/www.w3.org\/2000\/svg\"><path d=\"M15.8933 8.49342C15.8299 8.32975 15.7347 8.18022 15.6133 8.05342L8.94667 1.38675C8.82235 1.26243 8.67476 1.16382 8.51233 1.09654C8.3499 1.02926 8.17581 0.994629 8 0.994629C7.64493 0.994629 7.30441 1.13568 7.05333 1.38675C6.92902 1.51107 6.8304 1.65866 6.76312 1.82109C6.69584 1.98352 6.66121 2.15761 6.66121 2.33342C6.66121 2.68849 6.80226 3.02901 7.05333 3.28008L11.4533 7.66675H1.33333C0.979711 7.66675 0.640573 7.80723 0.390525 8.05728C0.140476 8.30733 0 8.64646 0 9.00009C0 9.35371 0.140476 9.69285 0.390525 9.94289C0.640573 10.1929 0.979711 10.3334 1.33333 10.3334H11.4533L7.05333 14.7201C6.92836 14.844 6.82917 14.9915 6.76148 15.154C6.69379 15.3165 6.65894 15.4907 6.65894 15.6668C6.65894 15.8428 6.69379 16.017 6.76148 16.1795C6.82917 16.342 6.92836 16.4895 7.05333 16.6134C7.17728 16.7384 7.32475 16.8376 7.48723 16.9053C7.64971 16.973 7.82398 17.0078 8 17.0078C8.17602 17.0078 8.35029 16.973 8.51277 16.9053C8.67525 16.8376 8.82272 16.7384 8.94667 16.6134L15.6133 9.94675C15.7347 9.81995 15.8299 9.67042 15.8933 9.50675C16.0267 9.18214 16.0267 8.81803 15.8933 8.49342Z\" fill=\"#2183DF\" \/><\/svg>\n\t\t\t\t\t\t\t\t\t\t\t\t\t\t<\/span>\n\t\t\t\t<\/h2>\n\t\t\t<\/div>\n\t\t\t<\/div>\n<\/div>\n<div class=\"wpte-trip-category\">\n\t<div class=\"wpte-inner-container\">\n\t\t<div class=\"wpte-trip-category-img-wrap\">\n\t\t\t<figure class=\"thumbnail\">\n\t\t\t\t\t\t\t\t<a href=\"https:\/\/turismoliberty.pe\/en\/activities\/hiking-en\/\">\n\t\t\t\t\t<img decoding=\"async\" src=\"https:\/\/turismoliberty.pe\/wp-content\/uploads\/2022\/11\/Hiking-6.jpeg\" alt=\"Hiking\" \/>\n\t\t\t\t<\/a>\n\t\t\t\t\t\t\t<\/figure>\n\t\t\t\t\t<\/div>\n\t\t\t\t\t<div class=\"wpte-trip-category-text-wrap\">\n\t\t\t\t<h2 class=\"wpte-trip-category-title\"><a href=\"https:\/\/turismoliberty.pe\/en\/activities\/hiking-en\/\">Hiking<\/a>\n\t\t\t\t\t\t\t\t\t\t\t<span class=\"trip-count\">(51 Viajes)<\/span>\n\t\t\t\t\t\t\t\t\t\t<span class=\"wpte-icon\">\n\t\t\t\t\t\t\t\t\t\t\t\t\t\t<svg width=\"16\" height=\"18\" viewBox=\"0 0 16 18\" fill=\"none\" xmlns=\"http:\/\/www.w3.org\/2000\/svg\"><path d=\"M15.8933 8.49342C15.8299 8.32975 15.7347 8.18022 15.6133 8.05342L8.94667 1.38675C8.82235 1.26243 8.67476 1.16382 8.51233 1.09654C8.3499 1.02926 8.17581 0.994629 8 0.994629C7.64493 0.994629 7.30441 1.13568 7.05333 1.38675C6.92902 1.51107 6.8304 1.65866 6.76312 1.82109C6.69584 1.98352 6.66121 2.15761 6.66121 2.33342C6.66121 2.68849 6.80226 3.02901 7.05333 3.28008L11.4533 7.66675H1.33333C0.979711 7.66675 0.640573 7.80723 0.390525 8.05728C0.140476 8.30733 0 8.64646 0 9.00009C0 9.35371 0.140476 9.69285 0.390525 9.94289C0.640573 10.1929 0.979711 10.3334 1.33333 10.3334H11.4533L7.05333 14.7201C6.92836 14.844 6.82917 14.9915 6.76148 15.154C6.69379 15.3165 6.65894 15.4907 6.65894 15.6668C6.65894 15.8428 6.69379 16.017 6.76148 16.1795C6.82917 16.342 6.92836 16.4895 7.05333 16.6134C7.17728 16.7384 7.32475 16.8376 7.48723 16.9053C7.64971 16.973 7.82398 17.0078 8 17.0078C8.17602 17.0078 8.35029 16.973 8.51277 16.9053C8.67525 16.8376 8.82272 16.7384 8.94667 16.6134L15.6133 9.94675C15.7347 9.81995 15.8299 9.67042 15.8933 9.50675C16.0267 9.18214 16.0267 8.81803 15.8933 8.49342Z\" fill=\"#2183DF\" \/><\/svg>\n\t\t\t\t\t\t\t\t\t\t\t\t\t\t<\/span>\n\t\t\t\t<\/h2>\n\t\t\t<\/div>\n\t\t\t<\/div>\n<\/div>\n<div class=\"wpte-trip-category\">\n\t<div class=\"wpte-inner-container\">\n\t\t<div class=\"wpte-trip-category-img-wrap\">\n\t\t\t<figure class=\"thumbnail\">\n\t\t\t\t\t\t\t<\/figure>\n\t\t\t\t\t<\/div>\n\t\t\t\t\t<div class=\"wpte-trip-category-text-wrap\">\n\t\t\t\t<h2 class=\"wpte-trip-category-title\"><a href=\"https:\/\/turismoliberty.pe\/en\/activities\/rafting-en\/\">Rafting<\/a>\n\t\t\t\t\t\t\t\t\t\t\t<span class=\"trip-count\">(1 Viaje)<\/span>\n\t\t\t\t\t\t\t\t\t\t<span class=\"wpte-icon\">\n\t\t\t\t\t\t\t\t\t\t\t\t\t\t<svg width=\"16\" height=\"18\" viewBox=\"0 0 16 18\" fill=\"none\" xmlns=\"http:\/\/www.w3.org\/2000\/svg\"><path d=\"M15.8933 8.49342C15.8299 8.32975 15.7347 8.18022 15.6133 8.05342L8.94667 1.38675C8.82235 1.26243 8.67476 1.16382 8.51233 1.09654C8.3499 1.02926 8.17581 0.994629 8 0.994629C7.64493 0.994629 7.30441 1.13568 7.05333 1.38675C6.92902 1.51107 6.8304 1.65866 6.76312 1.82109C6.69584 1.98352 6.66121 2.15761 6.66121 2.33342C6.66121 2.68849 6.80226 3.02901 7.05333 3.28008L11.4533 7.66675H1.33333C0.979711 7.66675 0.640573 7.80723 0.390525 8.05728C0.140476 8.30733 0 8.64646 0 9.00009C0 9.35371 0.140476 9.69285 0.390525 9.94289C0.640573 10.1929 0.979711 10.3334 1.33333 10.3334H11.4533L7.05333 14.7201C6.92836 14.844 6.82917 14.9915 6.76148 15.154C6.69379 15.3165 6.65894 15.4907 6.65894 15.6668C6.65894 15.8428 6.69379 16.017 6.76148 16.1795C6.82917 16.342 6.92836 16.4895 7.05333 16.6134C7.17728 16.7384 7.32475 16.8376 7.48723 16.9053C7.64971 16.973 7.82398 17.0078 8 17.0078C8.17602 17.0078 8.35029 16.973 8.51277 16.9053C8.67525 16.8376 8.82272 16.7384 8.94667 16.6134L15.6133 9.94675C15.7347 9.81995 15.8299 9.67042 15.8933 9.50675C16.0267 9.18214 16.0267 8.81803 15.8933 8.49342Z\" fill=\"#2183DF\" \/><\/svg>\n\t\t\t\t\t\t\t\t\t\t\t\t\t\t<\/span>\n\t\t\t\t<\/h2>\n\t\t\t<\/div>\n\t\t\t<\/div>\n<\/div>\n<div class=\"wpte-trip-category\">\n\t<div class=\"wpte-inner-container\">\n\t\t<div class=\"wpte-trip-category-img-wrap\">\n\t\t\t<figure class=\"thumbnail\">\n\t\t\t\t\t\t\t<\/figure>\n\t\t\t\t\t<\/div>\n\t\t\t\t\t<div class=\"wpte-trip-category-text-wrap\">\n\t\t\t\t<h2 class=\"wpte-trip-category-title\"><a href=\"https:\/\/turismoliberty.pe\/en\/activities\/trekking-en\/\">Trekking<\/a>\n\t\t\t\t\t\t\t\t\t\t\t<span class=\"trip-count\">(17 Viajes)<\/span>\n\t\t\t\t\t\t\t\t\t\t<span class=\"wpte-icon\">\n\t\t\t\t\t\t\t\t\t\t\t\t\t\t<svg width=\"16\" height=\"18\" viewBox=\"0 0 16 18\" fill=\"none\" xmlns=\"http:\/\/www.w3.org\/2000\/svg\"><path d=\"M15.8933 8.49342C15.8299 8.32975 15.7347 8.18022 15.6133 8.05342L8.94667 1.38675C8.82235 1.26243 8.67476 1.16382 8.51233 1.09654C8.3499 1.02926 8.17581 0.994629 8 0.994629C7.64493 0.994629 7.30441 1.13568 7.05333 1.38675C6.92902 1.51107 6.8304 1.65866 6.76312 1.82109C6.69584 1.98352 6.66121 2.15761 6.66121 2.33342C6.66121 2.68849 6.80226 3.02901 7.05333 3.28008L11.4533 7.66675H1.33333C0.979711 7.66675 0.640573 7.80723 0.390525 8.05728C0.140476 8.30733 0 8.64646 0 9.00009C0 9.35371 0.140476 9.69285 0.390525 9.94289C0.640573 10.1929 0.979711 10.3334 1.33333 10.3334H11.4533L7.05333 14.7201C6.92836 14.844 6.82917 14.9915 6.76148 15.154C6.69379 15.3165 6.65894 15.4907 6.65894 15.6668C6.65894 15.8428 6.69379 16.017 6.76148 16.1795C6.82917 16.342 6.92836 16.4895 7.05333 16.6134C7.17728 16.7384 7.32475 16.8376 7.48723 16.9053C7.64971 16.973 7.82398 17.0078 8 17.0078C8.17602 17.0078 8.35029 16.973 8.51277 16.9053C8.67525 16.8376 8.82272 16.7384 8.94667 16.6134L15.6133 9.94675C15.7347 9.81995 15.8299 9.67042 15.8933 9.50675C16.0267 9.18214 16.0267 8.81803 15.8933 8.49342Z\" fill=\"#2183DF\" \/><\/svg>\n\t\t\t\t\t\t\t\t\t\t\t\t\t\t<\/span>\n\t\t\t\t<\/h2>\n\t\t\t<\/div>\n\t\t\t<\/div>\n<\/div>\n\t<\/div>\n\t<\/div>\n\t\t\t\t\t<\/div>\n\t\t\t\t<\/div>\n\t\t\t\t\t<\/div>\n\t\t\t\t<\/div>\n\t\t<div class=\"elementor-element elementor-element-e1392b4 e-flex e-con-boxed e-con e-parent\" data-id=\"e1392b4\" data-element_type=\"container\" data-e-type=\"container\">\n\t\t\t\t\t<div class=\"e-con-inner\">\n\t\t\t\t<div class=\"elementor-element elementor-element-ccb349c elementor-widget elementor-widget-spacer\" data-id=\"ccb349c\" data-element_type=\"widget\" data-e-type=\"widget\" data-widget_type=\"spacer.default\">\n\t\t\t\t\t\t\t<div class=\"elementor-spacer\">\n\t\t\t<div class=\"elementor-spacer-inner\"><\/div>\n\t\t<\/div>\n\t\t\t\t\t\t<\/div>\n\t\t\t\t\t<\/div>\n\t\t\t\t<\/div>\n\t\t\t\t<\/div>\n\t\t","protected":false},"excerpt":{"rendered":"<p>Activities &#8220;The best activities, designed especially for you and tailored to each destination.&#8221; Canopy (18 Viajes) City Tour (25 Viajes) Cuatrimotos (29 Viajes) Hiking (50 Viajes) Rafting (1 Viaje) Trekking (11 Viajes)<\/p>\n","protected":false},"author":1,"featured_media":0,"parent":0,"menu_order":0,"comment_status":"closed","ping_status":"closed","template":"elementor_header_footer","meta":{"footnotes":""},"class_list":["post-6784","page","type-page","status-publish","hentry","travel-monster-post","no-post-thumbnail","latest_post"],"yoast_head":"<!-- This site is optimized with the Yoast SEO Premium plugin v27.5 (Yoast SEO v27.5) - https:\/\/yoast.com\/product\/yoast-seo-premium-wordpress\/ -->\n<title>Tourist activities not to be missed | Turismo Liberty<\/title>\n<meta name=\"description\" content=\"Enhance your trip with tourist activities that match your interests and offer unforgettable experiences.\" \/>\n<meta name=\"robots\" content=\"index, follow, max-snippet:-1, max-image-preview:large, max-video-preview:-1\" \/>\n<link rel=\"canonical\" href=\"https:\/\/turismoliberty.pe\/en\/activities\/\" \/>\n<meta property=\"og:locale\" content=\"en_US\" \/>\n<meta property=\"og:type\" content=\"article\" \/>\n<meta property=\"og:title\" content=\"Activities\" \/>\n<meta property=\"og:description\" content=\"Enhance your trip with tourist activities that match your interests and offer unforgettable experiences.\" \/>\n<meta property=\"og:url\" content=\"https:\/\/turismoliberty.pe\/en\/activities\/\" \/>\n<meta property=\"og:site_name\" content=\"Turismo Liberty\" \/>\n<meta property=\"article:publisher\" content=\"https:\/\/www.facebook.com\/turismolibertyarequipa\" \/>\n<meta property=\"article:modified_time\" content=\"2025-12-05T16:14:28+00:00\" \/>\n<meta property=\"og:image\" content=\"https:\/\/turismoliberty.pe\/wp-content\/uploads\/2024\/12\/canopy-arequipa-turismo-liberty.jpg\" \/>\n<meta name=\"twitter:card\" content=\"summary_large_image\" \/>\n<!-- \/ Yoast SEO Premium plugin. -->","yoast_head_json":{"title":"Tourist activities not to be missed | Turismo Liberty","description":"Enhance your trip with tourist activities that match your interests and offer unforgettable experiences.","robots":{"index":"index","follow":"follow","max-snippet":"max-snippet:-1","max-image-preview":"max-image-preview:large","max-video-preview":"max-video-preview:-1"},"canonical":"https:\/\/turismoliberty.pe\/en\/activities\/","og_locale":"en_US","og_type":"article","og_title":"Activities","og_description":"Enhance your trip with tourist activities that match your interests and offer unforgettable experiences.","og_url":"https:\/\/turismoliberty.pe\/en\/activities\/","og_site_name":"Turismo Liberty","article_publisher":"https:\/\/www.facebook.com\/turismolibertyarequipa","article_modified_time":"2025-12-05T16:14:28+00:00","og_image":[{"url":"https:\/\/turismoliberty.pe\/wp-content\/uploads\/2024\/12\/canopy-arequipa-turismo-liberty.jpg","type":"","width":"","height":""}],"twitter_card":"summary_large_image","schema":{"@context":"https:\/\/schema.org","@graph":[{"@type":"WebPage","@id":"https:\/\/turismoliberty.pe\/en\/activities\/","url":"https:\/\/turismoliberty.pe\/en\/activities\/","name":"Tourist activities not to be missed | Turismo Liberty","isPartOf":{"@id":"https:\/\/turismoliberty.pe\/en\/#website"},"primaryImageOfPage":{"@id":"https:\/\/turismoliberty.pe\/en\/activities\/#primaryimage"},"image":{"@id":"https:\/\/turismoliberty.pe\/en\/activities\/#primaryimage"},"thumbnailUrl":"https:\/\/turismoliberty.pe\/wp-content\/uploads\/2024\/12\/canopy-arequipa-turismo-liberty.jpg","datePublished":"2024-12-09T23:32:47+00:00","dateModified":"2025-12-05T16:14:28+00:00","description":"Enhance your trip with tourist activities that match your interests and offer unforgettable experiences.","breadcrumb":{"@id":"https:\/\/turismoliberty.pe\/en\/activities\/#breadcrumb"},"inLanguage":"en-US","potentialAction":[{"@type":"ReadAction","target":["https:\/\/turismoliberty.pe\/en\/activities\/"]}]},{"@type":"ImageObject","inLanguage":"en-US","@id":"https:\/\/turismoliberty.pe\/en\/activities\/#primaryimage","url":"https:\/\/turismoliberty.pe\/wp-content\/uploads\/2024\/12\/canopy-arequipa-turismo-liberty.jpg","contentUrl":"https:\/\/turismoliberty.pe\/wp-content\/uploads\/2024\/12\/canopy-arequipa-turismo-liberty.jpg"},{"@type":"BreadcrumbList","@id":"https:\/\/turismoliberty.pe\/en\/activities\/#breadcrumb","itemListElement":[{"@type":"ListItem","position":1,"name":"Home page","item":"https:\/\/turismoliberty.pe\/en\/"},{"@type":"ListItem","position":2,"name":"Activities"}]},{"@type":"WebSite","@id":"https:\/\/turismoliberty.pe\/en\/#website","url":"https:\/\/turismoliberty.pe\/en\/","name":"Turismo Liberty","description":"Viaja a tu ritmo con experiencias \u00fanicas en tu idioma","publisher":{"@id":"https:\/\/turismoliberty.pe\/en\/#organization"},"potentialAction":[{"@type":"SearchAction","target":{"@type":"EntryPoint","urlTemplate":"https:\/\/turismoliberty.pe\/en\/?s={search_term_string}"},"query-input":{"@type":"PropertyValueSpecification","valueRequired":true,"valueName":"search_term_string"}}],"inLanguage":"en-US"},{"@type":"Organization","@id":"https:\/\/turismoliberty.pe\/en\/#organization","name":"Turismo Liberty","url":"https:\/\/turismoliberty.pe\/en\/","logo":{"@type":"ImageObject","inLanguage":"en-US","@id":"https:\/\/turismoliberty.pe\/en\/#\/schema\/logo\/image\/","url":"https:\/\/turismoliberty.pe\/wp-content\/uploads\/2024\/12\/cropped-cropped-HORIZONTAL-SIN-FONDO-1-2.png","contentUrl":"https:\/\/turismoliberty.pe\/wp-content\/uploads\/2024\/12\/cropped-cropped-HORIZONTAL-SIN-FONDO-1-2.png","width":2559,"height":588,"caption":"Turismo Liberty"},"image":{"@id":"https:\/\/turismoliberty.pe\/en\/#\/schema\/logo\/image\/"},"sameAs":["https:\/\/www.facebook.com\/turismolibertyarequipa","https:\/\/www.instagram.com\/viajes.turismo.liberty\/","https:\/\/www.tiktok.com\/@viajes.turismo.liberty","https:\/\/www.youtube.com\/@turismolibertyperu"],"description":"Turismo Liberty es una agencia de viajes peruana especializada en experiencias aut\u00e9nticas y turismo vivencial. Organizamos viajes personalizados a destinos emblem\u00e1ticos del Per\u00fa como Cusco, Arequipa, Ica y Puno, conectando a los viajeros con las culturas locales a trav\u00e9s de vivencias reales, sostenibles y memorables.","email":"reservas@turismoliberty.pe","telephone":"+51 944134797","legalName":"Agencia de Viajes Liberty Eirl | Turismo Liberty Peru","numberOfEmployees":{"@type":"QuantitativeValue","minValue":"1","maxValue":"10"}}]}},"_links":{"self":[{"href":"https:\/\/turismoliberty.pe\/en\/wp-json\/wp\/v2\/pages\/6784","targetHints":{"allow":["GET"]}}],"collection":[{"href":"https:\/\/turismoliberty.pe\/en\/wp-json\/wp\/v2\/pages"}],"about":[{"href":"https:\/\/turismoliberty.pe\/en\/wp-json\/wp\/v2\/types\/page"}],"author":[{"embeddable":true,"href":"https:\/\/turismoliberty.pe\/en\/wp-json\/wp\/v2\/users\/1"}],"replies":[{"embeddable":true,"href":"https:\/\/turismoliberty.pe\/en\/wp-json\/wp\/v2\/comments?post=6784"}],"version-history":[{"count":2,"href":"https:\/\/turismoliberty.pe\/en\/wp-json\/wp\/v2\/pages\/6784\/revisions"}],"predecessor-version":[{"id":13699,"href":"https:\/\/turismoliberty.pe\/en\/wp-json\/wp\/v2\/pages\/6784\/revisions\/13699"}],"wp:attachment":[{"href":"https:\/\/turismoliberty.pe\/en\/wp-json\/wp\/v2\/media?parent=6784"}],"curies":[{"name":"wp","href":"https:\/\/api.w.org\/{rel}","templated":true}]}}