{"id":6806,"date":"2024-12-11T16:59:25","date_gmt":"2024-12-11T15:59:25","guid":{"rendered":"http:\/\/turismoliberty.pe\/thank-you-page\/"},"modified":"2025-12-08T21:07:29","modified_gmt":"2025-12-08T20:07:29","slug":"thank-you-page","status":"publish","type":"page","link":"https:\/\/turismoliberty.pe\/en\/thank-you-page\/","title":{"rendered":"Thank You Page"},"content":{"rendered":"\t\t<div data-elementor-type=\"wp-page\" data-elementor-id=\"6806\" class=\"elementor elementor-6806 elementor-6681\">\n\t\t\t\t\t\t<section class=\"elementor-section elementor-top-section elementor-element elementor-element-1cdd06d4 elementor-section-boxed elementor-section-height-default elementor-section-height-default\" data-id=\"1cdd06d4\" data-element_type=\"section\" data-e-type=\"section\" data-settings=\"{&quot;background_background&quot;:&quot;classic&quot;}\">\n\t\t\t\t\t\t\t<div class=\"elementor-background-overlay\"><\/div>\n\t\t\t\t\t\t\t<div class=\"elementor-container elementor-column-gap-default\">\n\t\t\t\t\t<div class=\"elementor-column elementor-col-100 elementor-top-column elementor-element elementor-element-7c518d0c\" data-id=\"7c518d0c\" data-element_type=\"column\" data-e-type=\"column\">\n\t\t\t<div class=\"elementor-widget-wrap elementor-element-populated\">\n\t\t\t\t\t\t<div class=\"elementor-element elementor-element-6b8e3c60 --secondaryFontFamily elementor-widget elementor-widget-heading\" data-id=\"6b8e3c60\" data-element_type=\"widget\" data-e-type=\"widget\" data-widget_type=\"heading.default\">\n\t\t\t\t\t<h1 class=\"elementor-heading-title elementor-size-default\">Thank you for your inquiry<\/h1>\t\t\t\t<\/div>\n\t\t\t\t\t<\/div>\n\t\t<\/div>\n\t\t\t\t\t<\/div>\n\t\t<\/section>\n\t\t<div class=\"elementor-element elementor-element-df93595 e-flex e-con-boxed e-con e-parent\" data-id=\"df93595\" data-element_type=\"container\" data-e-type=\"container\">\n\t\t\t\t\t<div class=\"e-con-inner\">\n\t\t\t\t<div class=\"elementor-element elementor-element-5441728 elementor-widget elementor-widget-spacer\" data-id=\"5441728\" data-element_type=\"widget\" data-e-type=\"widget\" data-widget_type=\"spacer.default\">\n\t\t\t\t\t\t\t<div class=\"elementor-spacer\">\n\t\t\t<div class=\"elementor-spacer-inner\"><\/div>\n\t\t<\/div>\n\t\t\t\t\t\t<\/div>\n\t\t\t\t<div class=\"elementor-element elementor-element-484dc17 elementor-widget elementor-widget-text-editor\" data-id=\"484dc17\" data-element_type=\"widget\" data-e-type=\"widget\" data-widget_type=\"text-editor.default\">\n\t\t\t\t\t\t\t\t\t<p data-start=\"971\" data-end=\"1130\"><strong>At Turismo Liberty, we value your interest in our experiences.<\/strong> Our team is already reviewing your request and we will get back to you as soon as possible.<\/p><p data-start=\"1132\" data-end=\"1207\">If you need immediate assistance, you can contact us directly via WhatsApp:<\/p>\t\t\t\t\t\t\t\t<\/div>\n\t\t\t\t<div class=\"elementor-element elementor-element-16ac8c5 elementor-position-inline-start elementor-view-default elementor-mobile-position-block-start elementor-widget elementor-widget-icon-box\" data-id=\"16ac8c5\" data-element_type=\"widget\" data-e-type=\"widget\" data-widget_type=\"icon-box.default\">\n\t\t\t\t\t\t\t<div class=\"elementor-icon-box-wrapper\">\n\n\t\t\t\t\t\t<div class=\"elementor-icon-box-icon\">\n\t\t\t\t<a href=\"https:\/\/wa.me\/51944134797?text=Hola%20\ud83d\udc4b%2C%20quiero%20crear%20un%20viaje%20a%20medida%20con%20Turismo%20Liberty.%20Me%20gustar\u00eda%20recibir%20asesor\u00eda%20personalizada%20para%20armar%20mi%20itinerario.%20\u00bfPodr\u00edan%20ayudarme%3F\" class=\"elementor-icon\" tabindex=\"-1\">\n\t\t\t\t<i aria-hidden=\"true\" class=\"jki jki-whatsapp-1-light\"><\/i>\t\t\t\t<\/a>\n\t\t\t<\/div>\n\t\t\t\n\t\t\t\t\t\t<div class=\"elementor-icon-box-content\">\n\n\t\t\t\t\n\t\t\t\t\t\t\t\t\t<p class=\"elementor-icon-box-description\">\n\t\t\t\t\t\tTalk to an Advisor \t\t\t\t\t<\/p>\n\t\t\t\t\n\t\t\t<\/div>\n\t\t\t\n\t\t<\/div>\n\t\t\t\t\t\t<\/div>\n\t\t\t\t<div class=\"elementor-element elementor-element-3918d73 elementor-widget elementor-widget-spacer\" data-id=\"3918d73\" data-element_type=\"widget\" data-e-type=\"widget\" data-widget_type=\"spacer.default\">\n\t\t\t\t\t\t\t<div class=\"elementor-spacer\">\n\t\t\t<div class=\"elementor-spacer-inner\"><\/div>\n\t\t<\/div>\n\t\t\t\t\t\t<\/div>\n\t\t\t\t\t<\/div>\n\t\t\t\t<\/div>\n\t\t\t\t<section class=\"elementor-section elementor-top-section elementor-element elementor-element-7d6593b2 elementor-section-boxed elementor-section-height-default elementor-section-height-default\" data-id=\"7d6593b2\" data-element_type=\"section\" data-e-type=\"section\">\n\t\t\t\t\t\t<div class=\"elementor-container elementor-column-gap-default\">\n\t\t\t\t\t<div class=\"elementor-column elementor-col-50 elementor-top-column elementor-element elementor-element-214b4073\" data-id=\"214b4073\" data-element_type=\"column\" data-e-type=\"column\">\n\t\t\t<div class=\"elementor-widget-wrap elementor-element-populated\">\n\t\t\t\t\t\t<section class=\"elementor-section elementor-inner-section elementor-element elementor-element-2febe00e travel-monster-section-header left elementor-section-boxed elementor-section-height-default elementor-section-height-default\" data-id=\"2febe00e\" data-element_type=\"section\" data-e-type=\"section\">\n\t\t\t\t\t\t<div class=\"elementor-container elementor-column-gap-default\">\n\t\t\t\t\t<div class=\"elementor-column elementor-col-100 elementor-inner-column elementor-element elementor-element-5f1fcf6d\" data-id=\"5f1fcf6d\" data-element_type=\"column\" data-e-type=\"column\">\n\t\t\t<div class=\"elementor-widget-wrap elementor-element-populated\">\n\t\t\t\t\t\t<div class=\"elementor-element elementor-element-1609010b elementor-widget elementor-widget-heading\" data-id=\"1609010b\" data-element_type=\"widget\" data-e-type=\"widget\" data-widget_type=\"heading.default\">\n\t\t\t\t\t<h1 class=\"elementor-heading-title elementor-size-default\">Live unique and unforgettable travel experiences.<\/h1>\t\t\t\t<\/div>\n\t\t\t\t\t<\/div>\n\t\t<\/div>\n\t\t\t\t\t<\/div>\n\t\t<\/section>\n\t\t\t\t<div class=\"elementor-element elementor-element-77677952 elementor-widget elementor-widget-text-editor\" data-id=\"77677952\" data-element_type=\"widget\" data-e-type=\"widget\" data-widget_type=\"text-editor.default\">\n\t\t\t\t\t\t\t\t\t<p style=\"text-align: justify;\">At Turismo Liberty, we are dedicated to crafting authentic and truly memorable travel experiences. With over ten years of expertise in the industry, we specialize in designing bespoke journeys tailored to your needs and aspirations, ensuring that every adventure becomes a meaningful and exceptional moment in your life. <\/p>\t\t\t\t\t\t\t\t<\/div>\n\t\t\t\t<div class=\"elementor-element elementor-element-32c989df elementor-widget elementor-widget-text-editor\" data-id=\"32c989df\" data-element_type=\"widget\" data-e-type=\"widget\" data-widget_type=\"text-editor.default\">\n\t\t\t\t\t\t\t\t\t<p><strong>Why choose us?<\/strong><\/p><ul><li><p style=\"text-align: justify;\"><strong>Personalized attention:<\/strong> We take the time to understand your needs and preferences, offering tailor-made itineraries.<\/p><\/li><li><p style=\"text-align: justify;\"><strong>Destination experts:<\/strong> Our team is composed of passionate and knowledgeable travelers to the most breathtaking destinations.<\/p><\/li><li><p style=\"text-align: justify;\"><strong>Commitment to sustainability:<\/strong> We work with suppliers who share our vision of responsible and environmentally friendly tourism.<\/p><\/li><li><p style=\"text-align: justify;\"><strong>Continuous assistance:<\/strong> We are with you every step of the way, before, during and after your trip, ensuring you have a worry-free experience.<\/p><\/li><\/ul><p style=\"text-align: justify;\">At Turismo Liberty, your satisfaction and well-being are our priority, let us help you create memories that will last a lifetime! <\/p>\t\t\t\t\t\t\t\t<\/div>\n\t\t\t\t\t<\/div>\n\t\t<\/div>\n\t\t\t\t<div class=\"elementor-column elementor-col-50 elementor-top-column elementor-element elementor-element-5d135b9\" data-id=\"5d135b9\" data-element_type=\"column\" data-e-type=\"column\">\n\t\t\t<div class=\"elementor-widget-wrap elementor-element-populated\">\n\t\t\t\t\t\t<div class=\"elementor-element elementor-element-c207371 elementor-widget elementor-widget-image\" data-id=\"c207371\" data-element_type=\"widget\" data-e-type=\"widget\" data-widget_type=\"image.default\">\n\t\t\t\t\t\t\t\t\t\t\t\t\t\t\t<img fetchpriority=\"high\" decoding=\"async\" width=\"500\" height=\"750\" src=\"https:\/\/turismoliberty.pe\/wp-content\/uploads\/2025\/11\/Banos-termales-Chacapi-by-Liberty.webp\" class=\"attachment-1536x1536 size-1536x1536 wp-image-13702\" alt=\"\" srcset=\"https:\/\/turismoliberty.pe\/wp-content\/uploads\/2025\/11\/Banos-termales-Chacapi-by-Liberty.webp 500w, https:\/\/turismoliberty.pe\/wp-content\/uploads\/2025\/11\/Banos-termales-Chacapi-by-Liberty-200x300.webp 200w\" sizes=\"(max-width: 500px) 100vw, 500px\" \/>\t\t\t\t\t\t\t\t\t\t\t\t\t\t\t<\/div>\n\t\t\t\t\t<\/div>\n\t\t<\/div>\n\t\t\t\t\t<\/div>\n\t\t<\/section>\n\t\t<div class=\"elementor-element elementor-element-02af56e e-flex e-con-boxed e-con e-parent\" data-id=\"02af56e\" data-element_type=\"container\" data-e-type=\"container\">\n\t\t\t\t\t<div class=\"e-con-inner\">\n\t\t\t\t<div class=\"elementor-element elementor-element-7faccd1 elementor-widget elementor-widget-spacer\" data-id=\"7faccd1\" data-element_type=\"widget\" data-e-type=\"widget\" data-widget_type=\"spacer.default\">\n\t\t\t\t\t\t\t<div class=\"elementor-spacer\">\n\t\t\t<div class=\"elementor-spacer-inner\"><\/div>\n\t\t<\/div>\n\t\t\t\t\t\t<\/div>\n\t\t\t\t\t<\/div>\n\t\t\t\t<\/div>\n\t\t\t\t<\/div>\n\t\t","protected":false},"excerpt":{"rendered":"<p>Thank you for your inquiry At Turismo Liberty, we value your interest in our experiences. Our team is already reviewing your request and we will get back to you as soon as possible. If you need immediate assistance, you can [&hellip;]<\/p>\n","protected":false},"author":1,"featured_media":0,"parent":0,"menu_order":0,"comment_status":"closed","ping_status":"closed","template":"elementor_header_footer","meta":{"footnotes":""},"class_list":["post-6806","page","type-page","status-publish","hentry","travel-monster-post","no-post-thumbnail","latest_post"],"yoast_head":"<!-- This site is optimized with the Yoast SEO Premium plugin v27.4 (Yoast SEO v27.4) - https:\/\/yoast.com\/product\/yoast-seo-premium-wordpress\/ -->\n<title>Thank You Page | Turismo Liberty<\/title>\n<meta name=\"robots\" content=\"index, follow, max-snippet:-1, max-image-preview:large, max-video-preview:-1\" \/>\n<link rel=\"canonical\" href=\"https:\/\/turismoliberty.pe\/en\/thank-you-page\/\" \/>\n<meta property=\"og:locale\" content=\"en_US\" \/>\n<meta property=\"og:type\" content=\"article\" \/>\n<meta property=\"og:title\" content=\"Thank You Page\" \/>\n<meta property=\"og:description\" content=\"Thank you for your inquiry At Turismo Liberty, we value your interest in our experiences. Our team is already reviewing your request and we will get back to you as soon as possible. If you need immediate assistance, you can [&hellip;]\" \/>\n<meta property=\"og:url\" content=\"https:\/\/turismoliberty.pe\/en\/thank-you-page\/\" \/>\n<meta property=\"og:site_name\" content=\"Turismo Liberty\" \/>\n<meta property=\"article:publisher\" content=\"https:\/\/www.facebook.com\/turismolibertyarequipa\" \/>\n<meta property=\"article:modified_time\" content=\"2025-12-08T20:07:29+00:00\" \/>\n<meta property=\"og:image\" content=\"https:\/\/turismoliberty.pe\/wp-content\/uploads\/2025\/11\/Banos-termales-Chacapi-by-Liberty.webp\" \/>\n\t<meta property=\"og:image:width\" content=\"500\" \/>\n\t<meta property=\"og:image:height\" content=\"750\" \/>\n\t<meta property=\"og:image:type\" content=\"image\/webp\" \/>\n<meta name=\"twitter:card\" content=\"summary_large_image\" \/>\n<meta name=\"twitter:label1\" content=\"Est. reading time\" \/>\n\t<meta name=\"twitter:data1\" content=\"1 minute\" \/>\n<!-- \/ Yoast SEO Premium plugin. -->","yoast_head_json":{"title":"Thank You Page | Turismo Liberty","robots":{"index":"index","follow":"follow","max-snippet":"max-snippet:-1","max-image-preview":"max-image-preview:large","max-video-preview":"max-video-preview:-1"},"canonical":"https:\/\/turismoliberty.pe\/en\/thank-you-page\/","og_locale":"en_US","og_type":"article","og_title":"Thank You Page","og_description":"Thank you for your inquiry At Turismo Liberty, we value your interest in our experiences. Our team is already reviewing your request and we will get back to you as soon as possible. If you need immediate assistance, you can [&hellip;]","og_url":"https:\/\/turismoliberty.pe\/en\/thank-you-page\/","og_site_name":"Turismo Liberty","article_publisher":"https:\/\/www.facebook.com\/turismolibertyarequipa","article_modified_time":"2025-12-08T20:07:29+00:00","og_image":[{"width":500,"height":750,"url":"https:\/\/turismoliberty.pe\/wp-content\/uploads\/2025\/11\/Banos-termales-Chacapi-by-Liberty.webp","type":"image\/webp"}],"twitter_card":"summary_large_image","twitter_misc":{"Est. reading time":"1 minute"},"schema":{"@context":"https:\/\/schema.org","@graph":[{"@type":"WebPage","@id":"https:\/\/turismoliberty.pe\/en\/thank-you-page\/","url":"https:\/\/turismoliberty.pe\/en\/thank-you-page\/","name":"Thank You Page | Turismo Liberty","isPartOf":{"@id":"https:\/\/turismoliberty.pe\/en\/#website"},"primaryImageOfPage":{"@id":"https:\/\/turismoliberty.pe\/en\/thank-you-page\/#primaryimage"},"image":{"@id":"https:\/\/turismoliberty.pe\/en\/thank-you-page\/#primaryimage"},"thumbnailUrl":"https:\/\/turismoliberty.pe\/wp-content\/uploads\/2025\/11\/Banos-termales-Chacapi-by-Liberty.webp","datePublished":"2024-12-11T15:59:25+00:00","dateModified":"2025-12-08T20:07:29+00:00","breadcrumb":{"@id":"https:\/\/turismoliberty.pe\/en\/thank-you-page\/#breadcrumb"},"inLanguage":"en-US","potentialAction":[{"@type":"ReadAction","target":["https:\/\/turismoliberty.pe\/en\/thank-you-page\/"]}]},{"@type":"ImageObject","inLanguage":"en-US","@id":"https:\/\/turismoliberty.pe\/en\/thank-you-page\/#primaryimage","url":"https:\/\/turismoliberty.pe\/wp-content\/uploads\/2025\/11\/Banos-termales-Chacapi-by-Liberty.webp","contentUrl":"https:\/\/turismoliberty.pe\/wp-content\/uploads\/2025\/11\/Banos-termales-Chacapi-by-Liberty.webp"},{"@type":"BreadcrumbList","@id":"https:\/\/turismoliberty.pe\/en\/thank-you-page\/#breadcrumb","itemListElement":[{"@type":"ListItem","position":1,"name":"Home page","item":"https:\/\/turismoliberty.pe\/en\/"},{"@type":"ListItem","position":2,"name":"Thank You Page"}]},{"@type":"WebSite","@id":"https:\/\/turismoliberty.pe\/en\/#website","url":"https:\/\/turismoliberty.pe\/en\/","name":"Turismo Liberty","description":"Viaja a tu ritmo con experiencias \u00fanicas en tu idioma","publisher":{"@id":"https:\/\/turismoliberty.pe\/en\/#organization"},"potentialAction":[{"@type":"SearchAction","target":{"@type":"EntryPoint","urlTemplate":"https:\/\/turismoliberty.pe\/en\/?s={search_term_string}"},"query-input":{"@type":"PropertyValueSpecification","valueRequired":true,"valueName":"search_term_string"}}],"inLanguage":"en-US"},{"@type":"Organization","@id":"https:\/\/turismoliberty.pe\/en\/#organization","name":"Turismo Liberty","url":"https:\/\/turismoliberty.pe\/en\/","logo":{"@type":"ImageObject","inLanguage":"en-US","@id":"https:\/\/turismoliberty.pe\/en\/#\/schema\/logo\/image\/","url":"https:\/\/turismoliberty.pe\/wp-content\/uploads\/2024\/12\/cropped-cropped-HORIZONTAL-SIN-FONDO-1-2.png","contentUrl":"https:\/\/turismoliberty.pe\/wp-content\/uploads\/2024\/12\/cropped-cropped-HORIZONTAL-SIN-FONDO-1-2.png","width":2559,"height":588,"caption":"Turismo Liberty"},"image":{"@id":"https:\/\/turismoliberty.pe\/en\/#\/schema\/logo\/image\/"},"sameAs":["https:\/\/www.facebook.com\/turismolibertyarequipa","https:\/\/www.instagram.com\/viajes.turismo.liberty\/","https:\/\/www.tiktok.com\/@viajes.turismo.liberty","https:\/\/www.youtube.com\/@turismolibertyperu"],"description":"Turismo Liberty es una agencia de viajes peruana especializada en experiencias aut\u00e9nticas y turismo vivencial. Organizamos viajes personalizados a destinos emblem\u00e1ticos del Per\u00fa como Cusco, Arequipa, Ica y Puno, conectando a los viajeros con las culturas locales a trav\u00e9s de vivencias reales, sostenibles y memorables.","email":"reservas@turismoliberty.pe","telephone":"+51 944134797","legalName":"Agencia de Viajes Liberty Eirl | Turismo Liberty Peru","numberOfEmployees":{"@type":"QuantitativeValue","minValue":"1","maxValue":"10"}}]}},"_links":{"self":[{"href":"https:\/\/turismoliberty.pe\/en\/wp-json\/wp\/v2\/pages\/6806","targetHints":{"allow":["GET"]}}],"collection":[{"href":"https:\/\/turismoliberty.pe\/en\/wp-json\/wp\/v2\/pages"}],"about":[{"href":"https:\/\/turismoliberty.pe\/en\/wp-json\/wp\/v2\/types\/page"}],"author":[{"embeddable":true,"href":"https:\/\/turismoliberty.pe\/en\/wp-json\/wp\/v2\/users\/1"}],"replies":[{"embeddable":true,"href":"https:\/\/turismoliberty.pe\/en\/wp-json\/wp\/v2\/comments?post=6806"}],"version-history":[{"count":2,"href":"https:\/\/turismoliberty.pe\/en\/wp-json\/wp\/v2\/pages\/6806\/revisions"}],"predecessor-version":[{"id":13787,"href":"https:\/\/turismoliberty.pe\/en\/wp-json\/wp\/v2\/pages\/6806\/revisions\/13787"}],"wp:attachment":[{"href":"https:\/\/turismoliberty.pe\/en\/wp-json\/wp\/v2\/media?parent=6806"}],"curies":[{"name":"wp","href":"https:\/\/api.w.org\/{rel}","templated":true}]}}