{"id":9645,"date":"2025-01-31T17:32:14","date_gmt":"2025-01-31T16:32:14","guid":{"rendered":"https:\/\/turismoliberty.pe\/my-account\/"},"modified":"2025-12-08T20:59:15","modified_gmt":"2025-12-08T19:59:15","slug":"my-account","status":"publish","type":"page","link":"https:\/\/turismoliberty.pe\/en\/my-account\/","title":{"rendered":"My Account"},"content":{"rendered":"\t\t<div data-elementor-type=\"wp-page\" data-elementor-id=\"9645\" class=\"elementor elementor-9645 elementor-9623\">\n\t\t\t\t<div class=\"elementor-element elementor-element-4db5fc00 e-flex e-con-boxed e-con e-parent\" data-id=\"4db5fc00\" data-element_type=\"container\" data-e-type=\"container\" data-settings=\"{&quot;background_background&quot;:&quot;classic&quot;}\">\n\t\t\t\t\t<div class=\"e-con-inner\">\n\t\t\t\t<div class=\"elementor-element elementor-element-1d8bd4b4 elementor-view-default elementor-widget elementor-widget-icon\" data-id=\"1d8bd4b4\" data-element_type=\"widget\" data-e-type=\"widget\" data-widget_type=\"icon.default\">\n\t\t\t\t\t\t\t<div class=\"elementor-icon-wrapper\">\n\t\t\t<div class=\"elementor-icon\">\n\t\t\t<svg xmlns=\"http:\/\/www.w3.org\/2000\/svg\" width=\"38\" height=\"25\" viewBox=\"0 0 38 25\" fill=\"none\"><mask id=\"mask0_8_659\" style=\"mask-type:luminance\" maskUnits=\"userSpaceOnUse\" x=\"0\" y=\"0\" width=\"38\" height=\"25\"><path d=\"M0 0H38V24.32H0V0Z\" fill=\"white\"><\/path><\/mask><g mask=\"url(#mask0_8_659)\"><path fill-rule=\"evenodd\" clip-rule=\"evenodd\" d=\"M25.2223 5.50497L18.9677 11.4965L12.7697 5.511L14.874 3.05407H23.1219L25.2223 5.50497ZM21.1811 22.2109L19 20.0998L16.8189 22.2109L19 24.324L21.1811 22.2109ZM14.5166 15.7569L4.37841 5.93926L6.33334 3.64719L6.39595 3.57481L4.00883 1.27069L0.0282863 5.93926H0.0181885L14.5065 19.9711L16.6997 17.87L18.9596 15.7087L21.2498 17.9203L23.435 20.0294L37.9818 5.93926H37.9273L33.9851 1.31693L31.5919 3.60899L31.6243 3.64719L33.5792 5.93926L23.439 15.7569L23.4087 15.7871L21.1529 13.6076L29.3947 5.71407L27.4155 3.40391L24.4972 0H13.4967L10.9763 2.93947L10.5865 3.4019L8.6215 5.72613L16.7724 13.5976L14.5166 15.7569Z\" fill=\"currentColor\"><\/path><\/g><\/svg>\t\t\t<\/div>\n\t\t<\/div>\n\t\t\t\t\t\t<\/div>\n\t\t\t\t<div class=\"elementor-element elementor-element-590a3e34 elementor-widget elementor-widget-heading\" data-id=\"590a3e34\" data-element_type=\"widget\" data-e-type=\"widget\" data-widget_type=\"heading.default\">\n\t\t\t\t\t<h1 class=\"elementor-heading-title elementor-size-default\">My Account<\/h1>\t\t\t\t<\/div>\n\t\t\t\t\t<\/div>\n\t\t\t\t<\/div>\n\t\t<div class=\"elementor-element elementor-element-f381fdd e-flex e-con-boxed e-con e-parent\" data-id=\"f381fdd\" data-element_type=\"container\" data-e-type=\"container\">\n\t\t\t\t\t<div class=\"e-con-inner\">\n\t\t\t\t<div class=\"elementor-element elementor-element-787956d elementor-widget elementor-widget-spacer\" data-id=\"787956d\" data-element_type=\"widget\" data-e-type=\"widget\" data-widget_type=\"spacer.default\">\n\t\t\t\t\t\t\t<div class=\"elementor-spacer\">\n\t\t\t<div class=\"elementor-spacer-inner\"><\/div>\n\t\t<\/div>\n\t\t\t\t\t\t<\/div>\n\t\t\t\t<div class=\"elementor-element elementor-element-56018fb elementor-widget elementor-widget-text-editor\" data-id=\"56018fb\" data-element_type=\"widget\" data-e-type=\"widget\" data-widget_type=\"text-editor.default\">\n\t\t\t\t\t\t\t\t\t<p style=\"text-align: justify;\">Your user panel is the place where you can review and manage all your travel activities. From your reservations to your destination preferences, all in one place for you to enjoy a unique trip. <\/p>\t\t\t\t\t\t\t\t<\/div>\n\t\t\t\t\t<\/div>\n\t\t\t\t<\/div>\n\t\t<div class=\"elementor-element elementor-element-df8a60c e-flex e-con-boxed e-con e-parent\" data-id=\"df8a60c\" data-element_type=\"container\" data-e-type=\"container\">\n\t\t\t\t\t<div class=\"e-con-inner\">\n\t\t\t\t<div class=\"elementor-element elementor-element-2253e07 elementor-widget elementor-widget-shortcode\" data-id=\"2253e07\" data-element_type=\"widget\" data-e-type=\"widget\" data-widget_type=\"shortcode.default\">\n\t\t\t\t\t\t\t<div class=\"elementor-shortcode\"><div class=\"wpte-lrf-wrap wpte-login\" >\n\t<div class=\"wpte-lrf-top\">\n\t\t<form method=\"post\" class=\"wpte-lrf\">\n\t\t\t\t\t\t\t\t\t\t<div class=\"wpte-lrf-right\">\n\t\t\t\t\t<div class=\"wpte-lrf-head\">\n\t\t\t\t\t\t<h2 class=\"wpte-lrf-title\">\n\t\t\t\t\t\t\tLog into Your Account\t\t\t\t\t\t<\/h2>\n\t\t\t\t\t<\/div>\n\t\t\t\t\t<div class=\"wpte-form-field wpte-material-ui-input-control\">\n\t\t\t\t\t\t<label for=\"username\">Username or Email<span class=\"required\">*<\/span><\/label>\n\t\t\t\t\t\t<input id=\"username\" required data-parsley-required-message=\"Please enter your valid email or username\" type=\"text\" name=\"username\" value=\"\" placeholder=\"Email or username\">\n\t\t\t\t\t\t<fieldset>\n\t\t\t\t\t\t\t<legend>\n\t\t\t\t\t\t\t\t<span>Username or Email<span class=\"required\">*<\/span><\/span>\n\t\t\t\t\t\t\t<\/legend>\n\t\t\t\t\t\t<\/fieldset>\n\t\t\t\t\t<\/div>\n\t\t\t\t\t<div class=\"wpte-form-field wpte-material-ui-input-control\">\n\t\t\t\t\t\t<label>Password<span class=\"required\">*<\/span><\/label>\n\t\t\t\t\t\t<input required data-parsley-required-message=\"Please enter your password\" type=\"password\" name=\"password\" value=\"\" placeholder=\"Password\">\n\t\t\t\t\t\t<fieldset>\n\t\t\t\t\t\t\t<legend>\n\t\t\t\t\t\t\t\t<span>Password<span class=\"required\">*<\/span><\/span>\n\t\t\t\t\t\t\t<\/legend>\n\t\t\t\t\t\t<\/fieldset>\n\t\t\t\t\t<\/div>\n\t\t\t\t\t<div class=\"wpte-form-field lrf-rememberme\">\n\t\t\t\t\t\t<div>\n\t\t\t\t\t\t\t<input type=\"hidden\" id=\"wp-travel-engine-login-nonce\" name=\"wp-travel-engine-login-nonce\" value=\"bb33b98769\" \/><input type=\"hidden\" name=\"_wp_http_referer\" value=\"\/en\/wp-json\/wp\/v2\/pages\/9645\" \/>\t\t\t\t\t\t\t<label for=\"rememberme\">\n\t\t\t\t\t\t\t\t<input class=\"\" name=\"rememberme\" type=\"checkbox\" id=\"rememberme\" value=\"forever\" \/>\n\t\t\t\t\t\t\t\tRemember me\t\t\t\t\t\t\t<\/label>\n\t\t\t\t\t\t<\/div>\n\t\t\t\t\t\t<a href=\"https:\/\/turismoliberty.pe\/mi-cuenta\/?action=lost-pass\">Forgot Password?<\/a>\n\t\t\t\t\t<\/div>\n\t\t\t\t\t<div class=\"wpte-form-field wpte-form-submit\">\n\t\t\t\t\t\t<input type=\"submit\" name=\"login\" value=\"Log In\">\n\t\t\t\t\t<\/div>\n\t\t\t\t\t\t\t\t\t<\/div>\n\t\t\t\n\t\t<\/form>\n\t<\/div>\n<\/div>\n<\/div>\n\t\t\t\t\t\t<\/div>\n\t\t\t\t<div class=\"elementor-element elementor-element-390169d elementor-widget elementor-widget-heading\" data-id=\"390169d\" data-element_type=\"widget\" data-e-type=\"widget\" data-widget_type=\"heading.default\">\n\t\t\t\t\t<h1 class=\"elementor-heading-title elementor-size-default\">Your trip is confirmed: why not add something else?<\/h1>\t\t\t\t<\/div>\n\t\t\t\t\t<\/div>\n\t\t\t\t<\/div>\n\t\t<div class=\"elementor-element elementor-element-52dd5f48 e-flex e-con-boxed e-con e-parent\" data-id=\"52dd5f48\" data-element_type=\"container\" data-e-type=\"container\">\n\t\t\t\t\t<div class=\"e-con-inner\">\n\t\t\t\t<div class=\"elementor-element elementor-element-7c5b9bfc elementor-widget elementor-widget-wptravelengine-trips-slider\" data-id=\"7c5b9bfc\" data-element_type=\"widget\" data-e-type=\"widget\" data-widget_type=\"wptravelengine-trips-slider.default\">\n\t\t\t\t<div class=\"elementor-widget-container\">\n\t\t\t\t\tNo trips available. Please add a new trip.\t\t\t\t<\/div>\n\t\t\t\t<\/div>\n\t\t\t\t<div class=\"elementor-element elementor-element-1ce01ae elementor-widget elementor-widget-spacer\" data-id=\"1ce01ae\" data-element_type=\"widget\" data-e-type=\"widget\" data-widget_type=\"spacer.default\">\n\t\t\t\t\t\t\t<div class=\"elementor-spacer\">\n\t\t\t<div class=\"elementor-spacer-inner\"><\/div>\n\t\t<\/div>\n\t\t\t\t\t\t<\/div>\n\t\t\t\t\t<\/div>\n\t\t\t\t<\/div>\n\t\t\t\t<\/div>\n\t\t","protected":false},"excerpt":{"rendered":"<p>My Account Your user panel is the place where you can review and manage all your travel activities. From your reservations to your destination preferences, all in one place for you to enjoy a unique trip. Your trip is confirmed: [&hellip;]<\/p>\n","protected":false},"author":1,"featured_media":0,"parent":0,"menu_order":0,"comment_status":"closed","ping_status":"closed","template":"elementor_header_footer","meta":{"footnotes":""},"class_list":["post-9645","page","type-page","status-publish","hentry","travel-monster-post","no-post-thumbnail","latest_post"],"yoast_head":"<!-- This site is optimized with the Yoast SEO Premium plugin v27.5 (Yoast SEO v27.5) - https:\/\/yoast.com\/product\/yoast-seo-premium-wordpress\/ -->\n<title>My Account | Turismo Liberty<\/title>\n<meta name=\"robots\" content=\"index, follow, max-snippet:-1, max-image-preview:large, max-video-preview:-1\" \/>\n<link rel=\"canonical\" href=\"https:\/\/turismoliberty.pe\/en\/my-account\/\" \/>\n<meta property=\"og:locale\" content=\"en_US\" \/>\n<meta property=\"og:type\" content=\"article\" \/>\n<meta property=\"og:title\" content=\"My Account\" \/>\n<meta property=\"og:description\" content=\"My Account Your user panel is the place where you can review and manage all your travel activities. From your reservations to your destination preferences, all in one place for you to enjoy a unique trip. Your trip is confirmed: [&hellip;]\" \/>\n<meta property=\"og:url\" content=\"https:\/\/turismoliberty.pe\/en\/my-account\/\" \/>\n<meta property=\"og:site_name\" content=\"Turismo Liberty\" \/>\n<meta property=\"article:publisher\" content=\"https:\/\/www.facebook.com\/turismolibertyarequipa\" \/>\n<meta property=\"article:modified_time\" content=\"2025-12-08T19:59:15+00:00\" \/>\n<meta property=\"og:image\" content=\"https:\/\/turismoliberty.pe\/wp-content\/uploads\/2025\/01\/Canon-del-Colca-Turismo-Liberty-3-990x490.png\" \/>\n<meta name=\"twitter:card\" content=\"summary_large_image\" \/>\n<meta name=\"twitter:label1\" content=\"Est. reading time\" \/>\n\t<meta name=\"twitter:data1\" content=\"4 minutes\" \/>\n<!-- \/ Yoast SEO Premium plugin. -->","yoast_head_json":{"title":"My Account | Turismo Liberty","robots":{"index":"index","follow":"follow","max-snippet":"max-snippet:-1","max-image-preview":"max-image-preview:large","max-video-preview":"max-video-preview:-1"},"canonical":"https:\/\/turismoliberty.pe\/en\/my-account\/","og_locale":"en_US","og_type":"article","og_title":"My Account","og_description":"My Account Your user panel is the place where you can review and manage all your travel activities. From your reservations to your destination preferences, all in one place for you to enjoy a unique trip. Your trip is confirmed: [&hellip;]","og_url":"https:\/\/turismoliberty.pe\/en\/my-account\/","og_site_name":"Turismo Liberty","article_publisher":"https:\/\/www.facebook.com\/turismolibertyarequipa","article_modified_time":"2025-12-08T19:59:15+00:00","og_image":[{"url":"https:\/\/turismoliberty.pe\/wp-content\/uploads\/2025\/01\/Canon-del-Colca-Turismo-Liberty-3-990x490.png","type":"","width":"","height":""}],"twitter_card":"summary_large_image","twitter_misc":{"Est. reading time":"4 minutes"},"schema":{"@context":"https:\/\/schema.org","@graph":[{"@type":"WebPage","@id":"https:\/\/turismoliberty.pe\/en\/my-account\/","url":"https:\/\/turismoliberty.pe\/en\/my-account\/","name":"My Account | Turismo Liberty","isPartOf":{"@id":"https:\/\/turismoliberty.pe\/en\/#website"},"primaryImageOfPage":{"@id":"https:\/\/turismoliberty.pe\/en\/my-account\/#primaryimage"},"image":{"@id":"https:\/\/turismoliberty.pe\/en\/my-account\/#primaryimage"},"thumbnailUrl":"https:\/\/turismoliberty.pe\/wp-content\/uploads\/2025\/01\/Canon-del-Colca-Turismo-Liberty-3-990x490.png","datePublished":"2025-01-31T16:32:14+00:00","dateModified":"2025-12-08T19:59:15+00:00","breadcrumb":{"@id":"https:\/\/turismoliberty.pe\/en\/my-account\/#breadcrumb"},"inLanguage":"en-US","potentialAction":[{"@type":"ReadAction","target":["https:\/\/turismoliberty.pe\/en\/my-account\/"]}]},{"@type":"ImageObject","inLanguage":"en-US","@id":"https:\/\/turismoliberty.pe\/en\/my-account\/#primaryimage","url":"https:\/\/turismoliberty.pe\/wp-content\/uploads\/2025\/01\/Canon-del-Colca-Turismo-Liberty-3-990x490.png","contentUrl":"https:\/\/turismoliberty.pe\/wp-content\/uploads\/2025\/01\/Canon-del-Colca-Turismo-Liberty-3-990x490.png"},{"@type":"BreadcrumbList","@id":"https:\/\/turismoliberty.pe\/en\/my-account\/#breadcrumb","itemListElement":[{"@type":"ListItem","position":1,"name":"Home page","item":"https:\/\/turismoliberty.pe\/en\/"},{"@type":"ListItem","position":2,"name":"My Account"}]},{"@type":"WebSite","@id":"https:\/\/turismoliberty.pe\/en\/#website","url":"https:\/\/turismoliberty.pe\/en\/","name":"Turismo Liberty","description":"Viaja a tu ritmo con experiencias \u00fanicas en tu idioma","publisher":{"@id":"https:\/\/turismoliberty.pe\/en\/#organization"},"potentialAction":[{"@type":"SearchAction","target":{"@type":"EntryPoint","urlTemplate":"https:\/\/turismoliberty.pe\/en\/?s={search_term_string}"},"query-input":{"@type":"PropertyValueSpecification","valueRequired":true,"valueName":"search_term_string"}}],"inLanguage":"en-US"},{"@type":"Organization","@id":"https:\/\/turismoliberty.pe\/en\/#organization","name":"Turismo Liberty","url":"https:\/\/turismoliberty.pe\/en\/","logo":{"@type":"ImageObject","inLanguage":"en-US","@id":"https:\/\/turismoliberty.pe\/en\/#\/schema\/logo\/image\/","url":"https:\/\/turismoliberty.pe\/wp-content\/uploads\/2024\/12\/cropped-cropped-HORIZONTAL-SIN-FONDO-1-2.png","contentUrl":"https:\/\/turismoliberty.pe\/wp-content\/uploads\/2024\/12\/cropped-cropped-HORIZONTAL-SIN-FONDO-1-2.png","width":2559,"height":588,"caption":"Turismo Liberty"},"image":{"@id":"https:\/\/turismoliberty.pe\/en\/#\/schema\/logo\/image\/"},"sameAs":["https:\/\/www.facebook.com\/turismolibertyarequipa","https:\/\/www.instagram.com\/viajes.turismo.liberty\/","https:\/\/www.tiktok.com\/@viajes.turismo.liberty","https:\/\/www.youtube.com\/@turismolibertyperu"],"description":"Turismo Liberty es una agencia de viajes peruana especializada en experiencias aut\u00e9nticas y turismo vivencial. Organizamos viajes personalizados a destinos emblem\u00e1ticos del Per\u00fa como Cusco, Arequipa, Ica y Puno, conectando a los viajeros con las culturas locales a trav\u00e9s de vivencias reales, sostenibles y memorables.","email":"reservas@turismoliberty.pe","telephone":"+51 944134797","legalName":"Agencia de Viajes Liberty Eirl | Turismo Liberty Peru","numberOfEmployees":{"@type":"QuantitativeValue","minValue":"1","maxValue":"10"}}]}},"_links":{"self":[{"href":"https:\/\/turismoliberty.pe\/en\/wp-json\/wp\/v2\/pages\/9645","targetHints":{"allow":["GET"]}}],"collection":[{"href":"https:\/\/turismoliberty.pe\/en\/wp-json\/wp\/v2\/pages"}],"about":[{"href":"https:\/\/turismoliberty.pe\/en\/wp-json\/wp\/v2\/types\/page"}],"author":[{"embeddable":true,"href":"https:\/\/turismoliberty.pe\/en\/wp-json\/wp\/v2\/users\/1"}],"replies":[{"embeddable":true,"href":"https:\/\/turismoliberty.pe\/en\/wp-json\/wp\/v2\/comments?post=9645"}],"version-history":[{"count":2,"href":"https:\/\/turismoliberty.pe\/en\/wp-json\/wp\/v2\/pages\/9645\/revisions"}],"predecessor-version":[{"id":13781,"href":"https:\/\/turismoliberty.pe\/en\/wp-json\/wp\/v2\/pages\/9645\/revisions\/13781"}],"wp:attachment":[{"href":"https:\/\/turismoliberty.pe\/en\/wp-json\/wp\/v2\/media?parent=9645"}],"curies":[{"name":"wp","href":"https:\/\/api.w.org\/{rel}","templated":true}]}}