{"id":10812,"date":"2021-12-30T10:54:48","date_gmt":"2021-12-30T09:54:48","guid":{"rendered":"https:\/\/turismoliberty.pe\/proceder-au-paiement\/"},"modified":"2025-07-12T02:53:18","modified_gmt":"2025-07-12T00:53:18","slug":"proceder-au-paiement","status":"publish","type":"page","link":"https:\/\/turismoliberty.pe\/fr\/proceder-au-paiement\/","title":{"rendered":"Proc\u00e9der au Paiement"},"content":{"rendered":"<p><strong>D\u00e9sol\u00e9, vous n'avez pas s\u00e9lectionn\u00e9 le nombre de voyageurs pour ce voyage. Veuillez s\u00e9lectionner le nombre de voyageurs et de confirmer votre r\u00e9servation. Je vous remercie.<\/strong><\/p>\n","protected":false},"excerpt":{"rendered":"","protected":false},"author":1,"featured_media":0,"parent":0,"menu_order":0,"comment_status":"closed","ping_status":"closed","template":"","meta":{"footnotes":""},"class_list":["post-10812","page","type-page","status-publish","hentry","travel-monster-post","no-post-thumbnail","latest_post"],"yoast_head":"<!-- This site is optimized with the Yoast SEO Premium plugin v27.4 (Yoast SEO v27.4) - https:\/\/yoast.com\/product\/yoast-seo-premium-wordpress\/ -->\n<title>Proc\u00e9der au Paiement | Turismo Liberty<\/title>\n<meta name=\"robots\" content=\"index, follow, max-snippet:-1, max-image-preview:large, max-video-preview:-1\" \/>\n<link rel=\"canonical\" href=\"https:\/\/turismoliberty.pe\/fr\/proceder-au-paiement\/\" \/>\n<meta property=\"og:locale\" content=\"fr_FR\" \/>\n<meta property=\"og:type\" content=\"article\" \/>\n<meta property=\"og:title\" content=\"Proc\u00e9der au Paiement\" \/>\n<meta property=\"og:url\" content=\"https:\/\/turismoliberty.pe\/fr\/proceder-au-paiement\/\" \/>\n<meta property=\"og:site_name\" content=\"Turismo Liberty\" \/>\n<meta property=\"article:publisher\" content=\"https:\/\/www.facebook.com\/turismolibertyarequipa\" \/>\n<meta property=\"article:modified_time\" content=\"2025-07-12T00:53:18+00:00\" \/>\n<meta property=\"og:image\" content=\"https:\/\/turismoliberty.pe\/wp-content\/uploads\/2025\/05\/Turismo-Liberty-Peru.webp\" \/>\n\t<meta property=\"og:image:width\" content=\"1200\" \/>\n\t<meta property=\"og:image:height\" content=\"675\" \/>\n\t<meta property=\"og:image:type\" content=\"image\/webp\" \/>\n<meta name=\"twitter:card\" content=\"summary_large_image\" \/>\n<!-- \/ Yoast SEO Premium plugin. -->","yoast_head_json":{"title":"Proc\u00e9der au Paiement | Turismo Liberty","robots":{"index":"index","follow":"follow","max-snippet":"max-snippet:-1","max-image-preview":"max-image-preview:large","max-video-preview":"max-video-preview:-1"},"canonical":"https:\/\/turismoliberty.pe\/fr\/proceder-au-paiement\/","og_locale":"fr_FR","og_type":"article","og_title":"Proc\u00e9der au Paiement","og_url":"https:\/\/turismoliberty.pe\/fr\/proceder-au-paiement\/","og_site_name":"Turismo Liberty","article_publisher":"https:\/\/www.facebook.com\/turismolibertyarequipa","article_modified_time":"2025-07-12T00:53:18+00:00","og_image":[{"width":1200,"height":675,"url":"https:\/\/turismoliberty.pe\/wp-content\/uploads\/2025\/05\/Turismo-Liberty-Peru.webp","type":"image\/webp"}],"twitter_card":"summary_large_image","schema":{"@context":"https:\/\/schema.org","@graph":[{"@type":"WebPage","@id":"https:\/\/turismoliberty.pe\/fr\/proceder-au-paiement\/","url":"https:\/\/turismoliberty.pe\/fr\/proceder-au-paiement\/","name":"Proc\u00e9der au Paiement | Turismo Liberty","isPartOf":{"@id":"https:\/\/turismoliberty.pe\/fr\/#website"},"datePublished":"2021-12-30T09:54:48+00:00","dateModified":"2025-07-12T00:53:18+00:00","breadcrumb":{"@id":"https:\/\/turismoliberty.pe\/fr\/proceder-au-paiement\/#breadcrumb"},"inLanguage":"fr-FR","potentialAction":[{"@type":"ReadAction","target":["https:\/\/turismoliberty.pe\/fr\/proceder-au-paiement\/"]}]},{"@type":"BreadcrumbList","@id":"https:\/\/turismoliberty.pe\/fr\/proceder-au-paiement\/#breadcrumb","itemListElement":[{"@type":"ListItem","position":1,"name":"Portada","item":"https:\/\/turismoliberty.pe\/fr\/"},{"@type":"ListItem","position":2,"name":"Proc\u00e9der au Paiement"}]},{"@type":"WebSite","@id":"https:\/\/turismoliberty.pe\/fr\/#website","url":"https:\/\/turismoliberty.pe\/fr\/","name":"Turismo Liberty","description":"Voyagez \u00e0 votre rythme et vivez des exp\u00e9riences uniques dans votre langue.","publisher":{"@id":"https:\/\/turismoliberty.pe\/fr\/#organization"},"potentialAction":[{"@type":"SearchAction","target":{"@type":"EntryPoint","urlTemplate":"https:\/\/turismoliberty.pe\/fr\/?s={search_term_string}"},"query-input":{"@type":"PropertyValueSpecification","valueRequired":true,"valueName":"search_term_string"}}],"inLanguage":"fr-FR"},{"@type":"Organization","@id":"https:\/\/turismoliberty.pe\/fr\/#organization","name":"Turismo Liberty","url":"https:\/\/turismoliberty.pe\/fr\/","logo":{"@type":"ImageObject","inLanguage":"fr-FR","@id":"https:\/\/turismoliberty.pe\/fr\/#\/schema\/logo\/image\/","url":"https:\/\/turismoliberty.pe\/wp-content\/uploads\/2024\/12\/cropped-cropped-HORIZONTAL-SIN-FONDO-1-2.png","contentUrl":"https:\/\/turismoliberty.pe\/wp-content\/uploads\/2024\/12\/cropped-cropped-HORIZONTAL-SIN-FONDO-1-2.png","width":2559,"height":588,"caption":"Turismo Liberty"},"image":{"@id":"https:\/\/turismoliberty.pe\/fr\/#\/schema\/logo\/image\/"},"sameAs":["https:\/\/www.facebook.com\/turismolibertyarequipa","https:\/\/www.instagram.com\/viajes.turismo.liberty\/","https:\/\/www.tiktok.com\/@viajes.turismo.liberty","https:\/\/www.youtube.com\/@turismolibertyperu"],"description":"Turismo Liberty es una agencia de viajes peruana especializada en experiencias aut\u00e9nticas y turismo vivencial. Organizamos viajes personalizados a destinos emblem\u00e1ticos del Per\u00fa como Cusco, Arequipa, Ica y Puno, conectando a los viajeros con las culturas locales a trav\u00e9s de vivencias reales, sostenibles y memorables.","email":"reservas@turismoliberty.pe","telephone":"+51 944134797","legalName":"Agencia de Viajes Liberty Eirl | Turismo Liberty Peru","numberOfEmployees":{"@type":"QuantitativeValue","minValue":"1","maxValue":"10"}}]}},"_links":{"self":[{"href":"https:\/\/turismoliberty.pe\/fr\/wp-json\/wp\/v2\/pages\/10812","targetHints":{"allow":["GET"]}}],"collection":[{"href":"https:\/\/turismoliberty.pe\/fr\/wp-json\/wp\/v2\/pages"}],"about":[{"href":"https:\/\/turismoliberty.pe\/fr\/wp-json\/wp\/v2\/types\/page"}],"author":[{"embeddable":true,"href":"https:\/\/turismoliberty.pe\/fr\/wp-json\/wp\/v2\/users\/1"}],"replies":[{"embeddable":true,"href":"https:\/\/turismoliberty.pe\/fr\/wp-json\/wp\/v2\/comments?post=10812"}],"version-history":[{"count":1,"href":"https:\/\/turismoliberty.pe\/fr\/wp-json\/wp\/v2\/pages\/10812\/revisions"}],"predecessor-version":[{"id":11543,"href":"https:\/\/turismoliberty.pe\/fr\/wp-json\/wp\/v2\/pages\/10812\/revisions\/11543"}],"wp:attachment":[{"href":"https:\/\/turismoliberty.pe\/fr\/wp-json\/wp\/v2\/media?parent=10812"}],"curies":[{"name":"wp","href":"https:\/\/api.w.org\/{rel}","templated":true}]}}