{"id":10816,"date":"2024-12-10T00:32:47","date_gmt":"2024-12-09T23:32:47","guid":{"rendered":"https:\/\/turismoliberty.pe\/destinations\/"},"modified":"2025-12-06T02:14:56","modified_gmt":"2025-12-06T01:14:56","slug":"destinations","status":"publish","type":"page","link":"https:\/\/turismoliberty.pe\/fr\/destinations\/","title":{"rendered":"Destinations"},"content":{"rendered":"<style>.elementor-10816 .elementor-element.elementor-element-6d7b0b9e:not(.elementor-motion-effects-element-type-background), .elementor-10816 .elementor-element.elementor-element-6d7b0b9e > .elementor-motion-effects-container > .elementor-motion-effects-layer{background-image:url(\"https:\/\/turismoliberty.pe\/wp-content\/uploads\/2022\/09\/fa-6.jpg\");background-position:center center;background-repeat:no-repeat;background-size:cover;}.elementor-10816 .elementor-element.elementor-element-6d7b0b9e > .elementor-background-overlay{background-color:#1C201180;opacity:1;transition:background 0.3s, border-radius 0.3s, opacity 0.3s;}.elementor-10816 .elementor-element.elementor-element-6d7b0b9e{transition:background 0.3s, border 0.3s, border-radius 0.3s, box-shadow 0.3s;margin-top:0px;margin-bottom:0px;padding:85px 0px 85px 0px;}.elementor-10816 .elementor-element.elementor-element-1f309489 > .elementor-element-populated{padding:0px 0px 0px 0px;}.elementor-10816 .elementor-element.elementor-element-555b38c8{text-align:center;margin:0px 0px calc(var(--kit-widget-spacing, 0px) + 0px) 0px;}.elementor-10816 .elementor-element.elementor-element-555b38c8 .elementor-heading-title{font-family:\"Merriweather\", Sans-serif;font-size:40px;letter-spacing:0px;color:#FFFFFF;}.elementor-10816 .elementor-element.elementor-element-4fef6390{padding:32px 15px 26px 15px;}.elementor-10816 .elementor-element.elementor-element-5689697d > .elementor-element-populated{padding:0px 0px 0px 0px;}.elementor-10816 .elementor-element.elementor-element-15d27762{font-size:16px;font-weight:400;line-height:1.75em;}.elementor-10816 .elementor-element.elementor-element-1fd8881{--display:flex;}.elementor-10816 .elementor-element.elementor-element-7c11909{--spacer-size:50px;}.elementor-10816 .elementor-element.elementor-element-99e46b3 .wpte-elementor-widget {--gap:20px 20px;}.elementor-10816 .elementor-element.elementor-element-99e46b3 .wpte-elementor-widget .wpte-card{--img-fit:cover;}.elementor-10816 .elementor-element.elementor-element-99e46b3 .wpte-elementor-widget .wpte-card img{transition-timing-function:linear;transition-duration:0.3s;}.elementor-10816 .elementor-element.elementor-element-0a5fd92{--display:flex;}.elementor-10816 .elementor-element.elementor-element-92410ef{--spacer-size:50px;}@media(max-width:1024px){.elementor-10816 .elementor-element.elementor-element-6d7b0b9e{padding:70px 0px 70px 0px;}.elementor-10816 .elementor-element.elementor-element-555b38c8{text-align:center;}.elementor-10816 .elementor-element.elementor-element-4fef6390{padding:32px 26px 15px 26px;}}@media(max-width:767px){.elementor-10816 .elementor-element.elementor-element-6d7b0b9e{padding:50px 0px 50px 0px;}.elementor-10816 .elementor-element.elementor-element-555b38c8{text-align:center;margin:0px 0px calc(var(--kit-widget-spacing, 0px) + 0px) 0px;}.elementor-10816 .elementor-element.elementor-element-4fef6390{padding:30px 16px 15px 16px;}}<\/style>\t\t<div data-elementor-type=\"wp-page\" data-elementor-id=\"10816\" class=\"elementor elementor-10816 elementor-9\">\n\t\t\t\t\t\t<section class=\"elementor-section elementor-top-section elementor-element elementor-element-6d7b0b9e elementor-section-boxed elementor-section-height-default elementor-section-height-default\" data-id=\"6d7b0b9e\" data-element_type=\"section\" data-e-type=\"section\" data-settings=\"{&quot;background_background&quot;:&quot;classic&quot;}\">\n\t\t\t\t\t\t\t<div class=\"elementor-background-overlay\"><\/div>\n\t\t\t\t\t\t\t<div class=\"elementor-container elementor-column-gap-default\">\n\t\t\t\t\t<div class=\"elementor-column elementor-col-100 elementor-top-column elementor-element elementor-element-1f309489\" data-id=\"1f309489\" data-element_type=\"column\" data-e-type=\"column\">\n\t\t\t<div class=\"elementor-widget-wrap elementor-element-populated\">\n\t\t\t\t\t\t<div class=\"elementor-element elementor-element-555b38c8 --secondaryFontFamily elementor-widget elementor-widget-heading\" data-id=\"555b38c8\" data-element_type=\"widget\" data-e-type=\"widget\" data-widget_type=\"heading.default\">\n\t\t\t\t\t<h1 class=\"elementor-heading-title elementor-size-default\">Destinations<\/h1>\t\t\t\t<\/div>\n\t\t\t\t\t<\/div>\n\t\t<\/div>\n\t\t\t\t\t<\/div>\n\t\t<\/section>\n\t\t\t\t<section class=\"elementor-section elementor-top-section elementor-element elementor-element-4fef6390 elementor-section-boxed elementor-section-height-default elementor-section-height-default\" data-id=\"4fef6390\" data-element_type=\"section\" data-e-type=\"section\">\n\t\t\t\t\t\t<div class=\"elementor-container elementor-column-gap-default\">\n\t\t\t\t\t<div class=\"elementor-column elementor-col-100 elementor-top-column elementor-element elementor-element-5689697d\" data-id=\"5689697d\" data-element_type=\"column\" data-e-type=\"column\">\n\t\t\t<div class=\"elementor-widget-wrap elementor-element-populated\">\n\t\t\t\t\t\t<div class=\"elementor-element elementor-element-15d27762 elementor-widget elementor-widget-text-editor\" data-id=\"15d27762\" data-element_type=\"widget\" data-e-type=\"widget\" data-widget_type=\"text-editor.default\">\n\t\t\t\t\t\t\t\t\t<h5 style=\"text-align: center;\"><strong>D\u00e9couvrez votre prochaine destination avec nous<\/strong><\/h5><p style=\"text-align: justify;\">\u00cates-vous pr\u00eat \u00e0 explorer de nouveaux horizons ? Chez Liberty Tourism, nous vous proposons une s\u00e9lection de destinations incroyables, des plages les plus paradisiaques aux villes charg\u00e9es d&#8217;histoire et de culture. Que vous soyez en qu\u00eate d&#8217;aventure, de d\u00e9tente ou d&#8217;une exp\u00e9rience unique, nous avons le voyage id\u00e9al pour vous.  <\/p>\t\t\t\t\t\t\t\t<\/div>\n\t\t\t\t\t<\/div>\n\t\t<\/div>\n\t\t\t\t\t<\/div>\n\t\t<\/section>\n\t\t<div class=\"elementor-element elementor-element-1fd8881 e-flex e-con-boxed e-con e-parent\" data-id=\"1fd8881\" data-element_type=\"container\" data-e-type=\"container\">\n\t\t\t\t\t<div class=\"e-con-inner\">\n\t\t\t\t<div class=\"elementor-element elementor-element-7c11909 elementor-widget elementor-widget-spacer\" data-id=\"7c11909\" data-element_type=\"widget\" data-e-type=\"widget\" data-widget_type=\"spacer.default\">\n\t\t\t\t\t\t\t<div class=\"elementor-spacer\">\n\t\t\t<div class=\"elementor-spacer-inner\"><\/div>\n\t\t<\/div>\n\t\t\t\t\t\t<\/div>\n\t\t\t\t<div class=\"elementor-element elementor-element-99e46b3 elementor-widget elementor-widget-wptravelengine-trip-tax-module-one\" data-id=\"99e46b3\" data-element_type=\"widget\" data-e-type=\"widget\" data-widget_type=\"wptravelengine-trip-tax-module-one.default\">\n\t\t\t\t<div class=\"elementor-widget-container\">\n\t\t\t\t\t\t\t\t<div class=\"wpte-tax-module wpte-tax-module_one wpte-elementor-widget layout-2\">\n\t\t\t\t<div class=\"wpte-grid\">\n\t\t\t\t\t<div class=\"wpte-card\" itemprop=\"itemListElement\" itemscope itemtype=\"http:\/\/schema.org\/ListItem\">\n    <div class=\"wpte-card__wrap wpte-card--overlap wpte-card--overlap-stack\">\n        <div class=\"wpte-card__media\">\n            <figure class=\"wpte-card__image\">\n                                <a href=\"https:\/\/turismoliberty.pe\/fr\/destinations\/arequipa-fr\/\" class=\"wpte-card__has-img\">\n                     \n                        <img decoding=\"async\" src=\"https:\/\/turismoliberty.pe\/wp-content\/uploads\/2024\/12\/colca-turismo-liberty-1-768x432.jpg\" alt=\"ca\u00f1\u00f3n del colca-turismo liberty\" \/>   \n                <\/a>\n            <\/figure>\n        <\/div>\n        <div class=\"wpte-card__content\">\n            <h3 class=\"wpte-card__tax-title\">\n                <a href=\"https:\/\/turismoliberty.pe\/fr\/destinations\/arequipa-fr\/\">\n                    Arequipa                <\/a>\n            <\/h3>\n                            <div class=\"wpte-card__tax-count\">8 Tours<\/div>\n                    <\/div>\n    <\/div>\n<\/div>\t\t\t\t<\/div><!-- .wte-adv-trips -->\n\t\t\t<\/div>\n\t\t\t\t\t\t<\/div>\n\t\t\t\t<\/div>\n\t\t\t\t\t<\/div>\n\t\t\t\t<\/div>\n\t\t<div class=\"elementor-element elementor-element-0a5fd92 e-flex e-con-boxed e-con e-parent\" data-id=\"0a5fd92\" data-element_type=\"container\" data-e-type=\"container\">\n\t\t\t\t\t<div class=\"e-con-inner\">\n\t\t\t\t<div class=\"elementor-element elementor-element-92410ef elementor-widget elementor-widget-spacer\" data-id=\"92410ef\" data-element_type=\"widget\" data-e-type=\"widget\" data-widget_type=\"spacer.default\">\n\t\t\t\t\t\t\t<div class=\"elementor-spacer\">\n\t\t\t<div class=\"elementor-spacer-inner\"><\/div>\n\t\t<\/div>\n\t\t\t\t\t\t<\/div>\n\t\t\t\t\t<\/div>\n\t\t\t\t<\/div>\n\t\t\t\t<\/div>\n\t\t","protected":false},"excerpt":{"rendered":"<p>Destinations D\u00e9couvrez votre prochaine destination avec nous \u00cates-vous pr\u00eat \u00e0 explorer de nouveaux horizons ? Chez Liberty Tourism, nous vous proposons une s\u00e9lection de destinations incroyables, des plages les plus paradisiaques aux villes charg\u00e9es d&#8217;histoire et de culture. Que vous [&hellip;]<\/p>\n","protected":false},"author":1,"featured_media":0,"parent":0,"menu_order":0,"comment_status":"closed","ping_status":"closed","template":"elementor_header_footer","meta":{"footnotes":""},"class_list":["post-10816","page","type-page","status-publish","hentry","travel-monster-post","no-post-thumbnail","latest_post"],"yoast_head":"<!-- This site is optimized with the Yoast SEO Premium plugin v27.2 (Yoast SEO v27.2) - https:\/\/yoast.com\/product\/yoast-seo-premium-wordpress\/ -->\n<title>Destinations touristiques au P\u00e9rou avec Turismo Liberty | Turismo Liberty<\/title>\n<meta name=\"description\" content=\"D\u00e9couvrez les meilleures destinations touristiques du P\u00e9rou avec Turismo Liberty et vivez des exp\u00e9riences uniques sur les plages et dans les villes historiques.\" \/>\n<meta name=\"robots\" content=\"index, follow, max-snippet:-1, max-image-preview:large, max-video-preview:-1\" \/>\n<link rel=\"canonical\" href=\"https:\/\/turismoliberty.pe\/fr\/destinations\/\" \/>\n<meta property=\"og:locale\" content=\"fr_FR\" \/>\n<meta property=\"og:type\" content=\"article\" \/>\n<meta property=\"og:title\" content=\"Destinations\" \/>\n<meta property=\"og:description\" content=\"D\u00e9couvrez les meilleures destinations touristiques du P\u00e9rou avec Turismo Liberty et vivez des exp\u00e9riences uniques sur les plages et dans les villes historiques.\" \/>\n<meta property=\"og:url\" content=\"https:\/\/turismoliberty.pe\/fr\/destinations\/\" \/>\n<meta property=\"og:site_name\" content=\"Turismo Liberty\" \/>\n<meta property=\"article:publisher\" content=\"https:\/\/www.facebook.com\/turismolibertyarequipa\" \/>\n<meta property=\"article:modified_time\" content=\"2025-12-06T01:14:56+00:00\" \/>\n<meta property=\"og:image\" content=\"https:\/\/turismoliberty.pe\/wp-content\/uploads\/2024\/12\/colca-turismo-liberty-1-768x432.jpg\" \/>\n<meta name=\"twitter:card\" content=\"summary_large_image\" \/>\n<!-- \/ Yoast SEO Premium plugin. -->","yoast_head_json":{"title":"Destinations touristiques au P\u00e9rou avec Turismo Liberty | Turismo Liberty","description":"D\u00e9couvrez les meilleures destinations touristiques du P\u00e9rou avec Turismo Liberty et vivez des exp\u00e9riences uniques sur les plages et dans les villes historiques.","robots":{"index":"index","follow":"follow","max-snippet":"max-snippet:-1","max-image-preview":"max-image-preview:large","max-video-preview":"max-video-preview:-1"},"canonical":"https:\/\/turismoliberty.pe\/fr\/destinations\/","og_locale":"fr_FR","og_type":"article","og_title":"Destinations","og_description":"D\u00e9couvrez les meilleures destinations touristiques du P\u00e9rou avec Turismo Liberty et vivez des exp\u00e9riences uniques sur les plages et dans les villes historiques.","og_url":"https:\/\/turismoliberty.pe\/fr\/destinations\/","og_site_name":"Turismo Liberty","article_publisher":"https:\/\/www.facebook.com\/turismolibertyarequipa","article_modified_time":"2025-12-06T01:14:56+00:00","og_image":[{"url":"https:\/\/turismoliberty.pe\/wp-content\/uploads\/2024\/12\/colca-turismo-liberty-1-768x432.jpg","type":"","width":"","height":""}],"twitter_card":"summary_large_image","schema":{"@context":"https:\/\/schema.org","@graph":[{"@type":"WebPage","@id":"https:\/\/turismoliberty.pe\/fr\/destinations\/","url":"https:\/\/turismoliberty.pe\/fr\/destinations\/","name":"Destinations touristiques au P\u00e9rou avec Turismo Liberty | Turismo Liberty","isPartOf":{"@id":"https:\/\/turismoliberty.pe\/fr\/#website"},"primaryImageOfPage":{"@id":"https:\/\/turismoliberty.pe\/fr\/destinations\/#primaryimage"},"image":{"@id":"https:\/\/turismoliberty.pe\/fr\/destinations\/#primaryimage"},"thumbnailUrl":"https:\/\/turismoliberty.pe\/wp-content\/uploads\/2024\/12\/colca-turismo-liberty-1-768x432.jpg","datePublished":"2024-12-09T23:32:47+00:00","dateModified":"2025-12-06T01:14:56+00:00","description":"D\u00e9couvrez les meilleures destinations touristiques du P\u00e9rou avec Turismo Liberty et vivez des exp\u00e9riences uniques sur les plages et dans les villes historiques.","breadcrumb":{"@id":"https:\/\/turismoliberty.pe\/fr\/destinations\/#breadcrumb"},"inLanguage":"fr-FR","potentialAction":[{"@type":"ReadAction","target":["https:\/\/turismoliberty.pe\/fr\/destinations\/"]}]},{"@type":"ImageObject","inLanguage":"fr-FR","@id":"https:\/\/turismoliberty.pe\/fr\/destinations\/#primaryimage","url":"https:\/\/turismoliberty.pe\/wp-content\/uploads\/2024\/12\/colca-turismo-liberty-1-768x432.jpg","contentUrl":"https:\/\/turismoliberty.pe\/wp-content\/uploads\/2024\/12\/colca-turismo-liberty-1-768x432.jpg"},{"@type":"BreadcrumbList","@id":"https:\/\/turismoliberty.pe\/fr\/destinations\/#breadcrumb","itemListElement":[{"@type":"ListItem","position":1,"name":"Portada","item":"https:\/\/turismoliberty.pe\/fr\/"},{"@type":"ListItem","position":2,"name":"Destinations"}]},{"@type":"WebSite","@id":"https:\/\/turismoliberty.pe\/fr\/#website","url":"https:\/\/turismoliberty.pe\/fr\/","name":"Turismo Liberty","description":"Voyagez \u00e0 votre rythme et vivez des exp\u00e9riences uniques dans votre langue.","publisher":{"@id":"https:\/\/turismoliberty.pe\/fr\/#organization"},"potentialAction":[{"@type":"SearchAction","target":{"@type":"EntryPoint","urlTemplate":"https:\/\/turismoliberty.pe\/fr\/?s={search_term_string}"},"query-input":{"@type":"PropertyValueSpecification","valueRequired":true,"valueName":"search_term_string"}}],"inLanguage":"fr-FR"},{"@type":"Organization","@id":"https:\/\/turismoliberty.pe\/fr\/#organization","name":"Turismo Liberty","url":"https:\/\/turismoliberty.pe\/fr\/","logo":{"@type":"ImageObject","inLanguage":"fr-FR","@id":"https:\/\/turismoliberty.pe\/fr\/#\/schema\/logo\/image\/","url":"https:\/\/turismoliberty.pe\/wp-content\/uploads\/2024\/12\/cropped-cropped-HORIZONTAL-SIN-FONDO-1-2.png","contentUrl":"https:\/\/turismoliberty.pe\/wp-content\/uploads\/2024\/12\/cropped-cropped-HORIZONTAL-SIN-FONDO-1-2.png","width":2559,"height":588,"caption":"Turismo Liberty"},"image":{"@id":"https:\/\/turismoliberty.pe\/fr\/#\/schema\/logo\/image\/"},"sameAs":["https:\/\/www.facebook.com\/turismolibertyarequipa","https:\/\/www.instagram.com\/viajes.turismo.liberty\/","https:\/\/www.tiktok.com\/@viajes.turismo.liberty","https:\/\/www.youtube.com\/@turismolibertyperu"],"description":"Turismo Liberty es una agencia de viajes peruana especializada en experiencias aut\u00e9nticas y turismo vivencial. Organizamos viajes personalizados a destinos emblem\u00e1ticos del Per\u00fa como Cusco, Arequipa, Ica y Puno, conectando a los viajeros con las culturas locales a trav\u00e9s de vivencias reales, sostenibles y memorables.","email":"reservas@turismoliberty.pe","telephone":"+51 944134797","legalName":"Agencia de Viajes Liberty Eirl | Turismo Liberty Peru","numberOfEmployees":{"@type":"QuantitativeValue","minValue":"1","maxValue":"10"}}]}},"_links":{"self":[{"href":"https:\/\/turismoliberty.pe\/fr\/wp-json\/wp\/v2\/pages\/10816","targetHints":{"allow":["GET"]}}],"collection":[{"href":"https:\/\/turismoliberty.pe\/fr\/wp-json\/wp\/v2\/pages"}],"about":[{"href":"https:\/\/turismoliberty.pe\/fr\/wp-json\/wp\/v2\/types\/page"}],"author":[{"embeddable":true,"href":"https:\/\/turismoliberty.pe\/fr\/wp-json\/wp\/v2\/users\/1"}],"replies":[{"embeddable":true,"href":"https:\/\/turismoliberty.pe\/fr\/wp-json\/wp\/v2\/comments?post=10816"}],"version-history":[{"count":2,"href":"https:\/\/turismoliberty.pe\/fr\/wp-json\/wp\/v2\/pages\/10816\/revisions"}],"predecessor-version":[{"id":13738,"href":"https:\/\/turismoliberty.pe\/fr\/wp-json\/wp\/v2\/pages\/10816\/revisions\/13738"}],"wp:attachment":[{"href":"https:\/\/turismoliberty.pe\/fr\/wp-json\/wp\/v2\/media?parent=10816"}],"curies":[{"name":"wp","href":"https:\/\/api.w.org\/{rel}","templated":true}]}}