{"id":10818,"date":"2024-12-11T16:13:21","date_gmt":"2024-12-11T15:13:21","guid":{"rendered":"https:\/\/turismoliberty.pe\/merci-davoir-reserve-votre-voyage-avec-nous\/"},"modified":"2025-12-06T02:16:46","modified_gmt":"2025-12-06T01:16:46","slug":"merci-davoir-reserve-votre-voyage-avec-nous","status":"publish","type":"page","link":"https:\/\/turismoliberty.pe\/fr\/merci-davoir-reserve-votre-voyage-avec-nous\/","title":{"rendered":"Merci d\u2019avoir r\u00e9serv\u00e9 votre voyage avec nous."},"content":{"rendered":"<style>.elementor-10818 .elementor-element.elementor-element-2da61d53:not(.elementor-motion-effects-element-type-background), .elementor-10818 .elementor-element.elementor-element-2da61d53 > .elementor-motion-effects-container > .elementor-motion-effects-layer{background-image:url(\"https:\/\/turismoliberty.pe\/wp-content\/uploads\/2022\/09\/tourists-having-fun-coast-1-6.jpg\");background-position:center center;background-repeat:no-repeat;background-size:cover;}.elementor-10818 .elementor-element.elementor-element-2da61d53 > .elementor-background-overlay{background-color:#1C201180;opacity:1;transition:background 0.3s, border-radius 0.3s, opacity 0.3s;}.elementor-10818 .elementor-element.elementor-element-2da61d53{transition:background 0.3s, border 0.3s, border-radius 0.3s, box-shadow 0.3s;margin-top:0px;margin-bottom:0px;padding:85px 0px 85px 0px;}.elementor-10818 .elementor-element.elementor-element-e681949 > .elementor-element-populated{padding:0px 0px 0px 0px;}.elementor-10818 .elementor-element.elementor-element-57cdc0b0{text-align:center;margin:0px 0px calc(var(--kit-widget-spacing, 0px) + 0px) 0px;}.elementor-10818 .elementor-element.elementor-element-57cdc0b0 .elementor-heading-title{font-family:\"Merriweather\", Sans-serif;font-size:40px;letter-spacing:0px;color:#FFFFFF;}.elementor-10818 .elementor-element.elementor-element-7c901612 > .elementor-widget-wrap > .elementor-widget:not(.elementor-widget__width-auto):not(.elementor-widget__width-initial):not(:last-child):not(.elementor-absolute){--kit-widget-spacing:0px;}.elementor-10818 .elementor-element.elementor-element-7c901612 > .elementor-element-populated{margin:0px 0px 0px 0px;--e-column-margin-right:0px;--e-column-margin-left:0px;padding:0px 0px 0px 0px;}.elementor-10818 .elementor-element.elementor-element-55d6f094{width:auto;max-width:auto;bottom:0px;}body:not(.rtl) .elementor-10818 .elementor-element.elementor-element-55d6f094{right:0px;}body.rtl .elementor-10818 .elementor-element.elementor-element-55d6f094{left:0px;}.elementor-10818 .elementor-element.elementor-element-cd57170{--display:flex;}.elementor-10818 .elementor-element.elementor-element-c367ded{--spacer-size:50px;}.elementor-10818 .elementor-element.elementor-element-affd190{--spacer-size:50px;}@media(max-width:1024px){.elementor-10818 .elementor-element.elementor-element-2da61d53{padding:70px 0px 70px 0px;}.elementor-10818 .elementor-element.elementor-element-57cdc0b0{text-align:center;}}@media(max-width:767px){.elementor-10818 .elementor-element.elementor-element-2da61d53{padding:50px 0px 50px 0px;}.elementor-10818 .elementor-element.elementor-element-57cdc0b0{text-align:center;margin:0px 0px calc(var(--kit-widget-spacing, 0px) + 0px) 0px;}}<\/style>\t\t<div data-elementor-type=\"wp-page\" data-elementor-id=\"10818\" class=\"elementor elementor-10818 elementor-6662\">\n\t\t\t\t\t\t<section class=\"elementor-section elementor-top-section elementor-element elementor-element-2da61d53 elementor-section-boxed elementor-section-height-default elementor-section-height-default\" data-id=\"2da61d53\" data-element_type=\"section\" data-e-type=\"section\" data-settings=\"{&quot;background_background&quot;:&quot;classic&quot;}\">\n\t\t\t\t\t\t\t<div class=\"elementor-background-overlay\"><\/div>\n\t\t\t\t\t\t\t<div class=\"elementor-container elementor-column-gap-default\">\n\t\t\t\t\t<div class=\"elementor-column elementor-col-100 elementor-top-column elementor-element elementor-element-e681949\" data-id=\"e681949\" data-element_type=\"column\" data-e-type=\"column\">\n\t\t\t<div class=\"elementor-widget-wrap elementor-element-populated\">\n\t\t\t\t\t\t<div class=\"elementor-element elementor-element-57cdc0b0 --secondaryFontFamily elementor-widget elementor-widget-heading\" data-id=\"57cdc0b0\" data-element_type=\"widget\" data-e-type=\"widget\" data-widget_type=\"heading.default\">\n\t\t\t\t\t<h1 class=\"elementor-heading-title elementor-size-default\">Bienvenue dans votre prochaine grande aventure !<\/h1>\t\t\t\t<\/div>\n\t\t\t\t\t<\/div>\n\t\t<\/div>\n\t\t\t\t\t<\/div>\n\t\t<\/section>\n\t\t\t\t<section class=\"elementor-section elementor-top-section elementor-element elementor-element-ef7bdf0 elementor-section-full_width elementor-section-height-default elementor-section-height-default\" data-id=\"ef7bdf0\" data-element_type=\"section\" data-e-type=\"section\">\n\t\t\t\t\t\t<div class=\"elementor-container elementor-column-gap-default\">\n\t\t\t\t\t<div class=\"elementor-column elementor-col-100 elementor-top-column elementor-element elementor-element-7c901612\" data-id=\"7c901612\" data-element_type=\"column\" data-e-type=\"column\">\n\t\t\t<div class=\"elementor-widget-wrap elementor-element-populated\">\n\t\t\t\t\t\t<div class=\"elementor-element elementor-element-55d6f094 elementor-widget__width-auto elementor-absolute elementor-hidden-tablet elementor-hidden-mobile elementor-widget elementor-widget-image\" data-id=\"55d6f094\" data-element_type=\"widget\" data-e-type=\"widget\" data-settings=\"{&quot;_position&quot;:&quot;absolute&quot;}\" data-widget_type=\"image.default\">\n\t\t\t\t\t\t\t\t\t\t\t\t\t\t\t<img decoding=\"async\" src=\"https:\/\/turismoliberty.pe\/wp-content\/uploads\/2022\/09\/decoration-1-6.png\" title=\"\" alt=\"\" loading=\"lazy\" \/>\t\t\t\t\t\t\t\t\t\t\t\t\t\t\t<\/div>\n\t\t\t\t\t<\/div>\n\t\t<\/div>\n\t\t\t\t\t<\/div>\n\t\t<\/section>\n\t\t<div class=\"elementor-element elementor-element-cd57170 e-flex e-con-boxed e-con e-parent\" data-id=\"cd57170\" data-element_type=\"container\" data-e-type=\"container\">\n\t\t\t\t\t<div class=\"e-con-inner\">\n\t\t\t\t<div class=\"elementor-element elementor-element-c367ded elementor-widget elementor-widget-spacer\" data-id=\"c367ded\" data-element_type=\"widget\" data-e-type=\"widget\" data-widget_type=\"spacer.default\">\n\t\t\t\t\t\t\t<div class=\"elementor-spacer\">\n\t\t\t<div class=\"elementor-spacer-inner\"><\/div>\n\t\t<\/div>\n\t\t\t\t\t\t<\/div>\n\t\t\t\t<div class=\"elementor-element elementor-element-df48d8f elementor-widget elementor-widget-shortcode\" data-id=\"df48d8f\" data-element_type=\"widget\" data-e-type=\"widget\" data-widget_type=\"shortcode.default\">\n\t\t\t\t\t\t\t<div class=\"elementor-shortcode\"> Merci pour la r\u00e9servation du voyage. Veuillez v\u00e9rifier votre courrier \u00e9lectronique pour la confirmation.<\/div>\n\t\t\t\t\t\t<\/div>\n\t\t\t\t<div class=\"elementor-element elementor-element-affd190 elementor-widget elementor-widget-spacer\" data-id=\"affd190\" data-element_type=\"widget\" data-e-type=\"widget\" data-widget_type=\"spacer.default\">\n\t\t\t\t\t\t\t<div class=\"elementor-spacer\">\n\t\t\t<div class=\"elementor-spacer-inner\"><\/div>\n\t\t<\/div>\n\t\t\t\t\t\t<\/div>\n\t\t\t\t\t<\/div>\n\t\t\t\t<\/div>\n\t\t\t\t<\/div>\n\t\t","protected":false},"excerpt":{"rendered":"<p>Bienvenue dans votre prochaine grande aventure !<\/p>\n","protected":false},"author":1,"featured_media":0,"parent":0,"menu_order":0,"comment_status":"closed","ping_status":"closed","template":"elementor_header_footer","meta":{"footnotes":""},"class_list":["post-10818","page","type-page","status-publish","hentry","travel-monster-post","no-post-thumbnail","latest_post"],"yoast_head":"<!-- This site is optimized with the Yoast SEO Premium plugin v27.2 (Yoast SEO v27.2) - https:\/\/yoast.com\/product\/yoast-seo-premium-wordpress\/ -->\n<title>Merci d\u2019avoir r\u00e9serv\u00e9 votre voyage avec nous. | Turismo Liberty<\/title>\n<meta name=\"robots\" content=\"index, follow, max-snippet:-1, max-image-preview:large, max-video-preview:-1\" \/>\n<link rel=\"canonical\" href=\"https:\/\/turismoliberty.pe\/fr\/merci-davoir-reserve-votre-voyage-avec-nous\/\" \/>\n<meta property=\"og:locale\" content=\"fr_FR\" \/>\n<meta property=\"og:type\" content=\"article\" \/>\n<meta property=\"og:title\" content=\"Merci d\u2019avoir r\u00e9serv\u00e9 votre voyage avec nous.\" \/>\n<meta property=\"og:description\" content=\"Bienvenue dans votre prochaine grande aventure !\" \/>\n<meta property=\"og:url\" content=\"https:\/\/turismoliberty.pe\/fr\/merci-davoir-reserve-votre-voyage-avec-nous\/\" \/>\n<meta property=\"og:site_name\" content=\"Turismo Liberty\" \/>\n<meta property=\"article:publisher\" content=\"https:\/\/www.facebook.com\/turismolibertyarequipa\" \/>\n<meta property=\"article:modified_time\" content=\"2025-12-06T01:16:46+00:00\" \/>\n<meta property=\"og:image\" content=\"https:\/\/turismoliberty.pe\/wp-content\/uploads\/2022\/09\/decoration-1-6.png\" \/>\n\t<meta property=\"og:image:width\" content=\"162\" \/>\n\t<meta property=\"og:image:height\" content=\"195\" \/>\n\t<meta property=\"og:image:type\" content=\"image\/png\" \/>\n<meta name=\"twitter:card\" content=\"summary_large_image\" \/>\n<!-- \/ Yoast SEO Premium plugin. -->","yoast_head_json":{"title":"Merci d\u2019avoir r\u00e9serv\u00e9 votre voyage avec nous. | Turismo Liberty","robots":{"index":"index","follow":"follow","max-snippet":"max-snippet:-1","max-image-preview":"max-image-preview:large","max-video-preview":"max-video-preview:-1"},"canonical":"https:\/\/turismoliberty.pe\/fr\/merci-davoir-reserve-votre-voyage-avec-nous\/","og_locale":"fr_FR","og_type":"article","og_title":"Merci d\u2019avoir r\u00e9serv\u00e9 votre voyage avec nous.","og_description":"Bienvenue dans votre prochaine grande aventure !","og_url":"https:\/\/turismoliberty.pe\/fr\/merci-davoir-reserve-votre-voyage-avec-nous\/","og_site_name":"Turismo Liberty","article_publisher":"https:\/\/www.facebook.com\/turismolibertyarequipa","article_modified_time":"2025-12-06T01:16:46+00:00","og_image":[{"width":162,"height":195,"url":"https:\/\/turismoliberty.pe\/wp-content\/uploads\/2022\/09\/decoration-1-6.png","type":"image\/png"}],"twitter_card":"summary_large_image","schema":{"@context":"https:\/\/schema.org","@graph":[{"@type":"WebPage","@id":"https:\/\/turismoliberty.pe\/fr\/merci-davoir-reserve-votre-voyage-avec-nous\/","url":"https:\/\/turismoliberty.pe\/fr\/merci-davoir-reserve-votre-voyage-avec-nous\/","name":"Merci d\u2019avoir r\u00e9serv\u00e9 votre voyage avec nous. | Turismo Liberty","isPartOf":{"@id":"https:\/\/turismoliberty.pe\/fr\/#website"},"primaryImageOfPage":{"@id":"https:\/\/turismoliberty.pe\/fr\/merci-davoir-reserve-votre-voyage-avec-nous\/#primaryimage"},"image":{"@id":"https:\/\/turismoliberty.pe\/fr\/merci-davoir-reserve-votre-voyage-avec-nous\/#primaryimage"},"thumbnailUrl":"https:\/\/turismoliberty.pe\/wp-content\/uploads\/2022\/09\/decoration-1-6.png","datePublished":"2024-12-11T15:13:21+00:00","dateModified":"2025-12-06T01:16:46+00:00","breadcrumb":{"@id":"https:\/\/turismoliberty.pe\/fr\/merci-davoir-reserve-votre-voyage-avec-nous\/#breadcrumb"},"inLanguage":"fr-FR","potentialAction":[{"@type":"ReadAction","target":["https:\/\/turismoliberty.pe\/fr\/merci-davoir-reserve-votre-voyage-avec-nous\/"]}]},{"@type":"ImageObject","inLanguage":"fr-FR","@id":"https:\/\/turismoliberty.pe\/fr\/merci-davoir-reserve-votre-voyage-avec-nous\/#primaryimage","url":"https:\/\/turismoliberty.pe\/wp-content\/uploads\/2022\/09\/decoration-1-6.png","contentUrl":"https:\/\/turismoliberty.pe\/wp-content\/uploads\/2022\/09\/decoration-1-6.png"},{"@type":"BreadcrumbList","@id":"https:\/\/turismoliberty.pe\/fr\/merci-davoir-reserve-votre-voyage-avec-nous\/#breadcrumb","itemListElement":[{"@type":"ListItem","position":1,"name":"Portada","item":"https:\/\/turismoliberty.pe\/fr\/"},{"@type":"ListItem","position":2,"name":"Merci d\u2019avoir r\u00e9serv\u00e9 votre voyage avec nous."}]},{"@type":"WebSite","@id":"https:\/\/turismoliberty.pe\/fr\/#website","url":"https:\/\/turismoliberty.pe\/fr\/","name":"Turismo Liberty","description":"Voyagez \u00e0 votre rythme et vivez des exp\u00e9riences uniques dans votre langue.","publisher":{"@id":"https:\/\/turismoliberty.pe\/fr\/#organization"},"potentialAction":[{"@type":"SearchAction","target":{"@type":"EntryPoint","urlTemplate":"https:\/\/turismoliberty.pe\/fr\/?s={search_term_string}"},"query-input":{"@type":"PropertyValueSpecification","valueRequired":true,"valueName":"search_term_string"}}],"inLanguage":"fr-FR"},{"@type":"Organization","@id":"https:\/\/turismoliberty.pe\/fr\/#organization","name":"Turismo Liberty","url":"https:\/\/turismoliberty.pe\/fr\/","logo":{"@type":"ImageObject","inLanguage":"fr-FR","@id":"https:\/\/turismoliberty.pe\/fr\/#\/schema\/logo\/image\/","url":"https:\/\/turismoliberty.pe\/wp-content\/uploads\/2024\/12\/cropped-cropped-HORIZONTAL-SIN-FONDO-1-2.png","contentUrl":"https:\/\/turismoliberty.pe\/wp-content\/uploads\/2024\/12\/cropped-cropped-HORIZONTAL-SIN-FONDO-1-2.png","width":2559,"height":588,"caption":"Turismo Liberty"},"image":{"@id":"https:\/\/turismoliberty.pe\/fr\/#\/schema\/logo\/image\/"},"sameAs":["https:\/\/www.facebook.com\/turismolibertyarequipa","https:\/\/www.instagram.com\/viajes.turismo.liberty\/","https:\/\/www.tiktok.com\/@viajes.turismo.liberty","https:\/\/www.youtube.com\/@turismolibertyperu"],"description":"Turismo Liberty es una agencia de viajes peruana especializada en experiencias aut\u00e9nticas y turismo vivencial. Organizamos viajes personalizados a destinos emblem\u00e1ticos del Per\u00fa como Cusco, Arequipa, Ica y Puno, conectando a los viajeros con las culturas locales a trav\u00e9s de vivencias reales, sostenibles y memorables.","email":"reservas@turismoliberty.pe","telephone":"+51 944134797","legalName":"Agencia de Viajes Liberty Eirl | Turismo Liberty Peru","numberOfEmployees":{"@type":"QuantitativeValue","minValue":"1","maxValue":"10"}}]}},"_links":{"self":[{"href":"https:\/\/turismoliberty.pe\/fr\/wp-json\/wp\/v2\/pages\/10818","targetHints":{"allow":["GET"]}}],"collection":[{"href":"https:\/\/turismoliberty.pe\/fr\/wp-json\/wp\/v2\/pages"}],"about":[{"href":"https:\/\/turismoliberty.pe\/fr\/wp-json\/wp\/v2\/types\/page"}],"author":[{"embeddable":true,"href":"https:\/\/turismoliberty.pe\/fr\/wp-json\/wp\/v2\/users\/1"}],"replies":[{"embeddable":true,"href":"https:\/\/turismoliberty.pe\/fr\/wp-json\/wp\/v2\/comments?post=10818"}],"version-history":[{"count":2,"href":"https:\/\/turismoliberty.pe\/fr\/wp-json\/wp\/v2\/pages\/10818\/revisions"}],"predecessor-version":[{"id":13742,"href":"https:\/\/turismoliberty.pe\/fr\/wp-json\/wp\/v2\/pages\/10818\/revisions\/13742"}],"wp:attachment":[{"href":"https:\/\/turismoliberty.pe\/fr\/wp-json\/wp\/v2\/media?parent=10818"}],"curies":[{"name":"wp","href":"https:\/\/api.w.org\/{rel}","templated":true}]}}