{"id":10820,"date":"2024-12-11T16:26:13","date_gmt":"2024-12-11T15:26:13","guid":{"rendered":"https:\/\/turismoliberty.pe\/informations-sur-les-passagers\/"},"modified":"2025-12-08T20:50:53","modified_gmt":"2025-12-08T19:50:53","slug":"informations-sur-les-passagers","status":"publish","type":"page","link":"https:\/\/turismoliberty.pe\/fr\/informations-sur-les-passagers\/","title":{"rendered":"Informations sur les Passagers"},"content":{"rendered":"<style>.elementor-10820 .elementor-element.elementor-element-4a2df3c1:not(.elementor-motion-effects-element-type-background), .elementor-10820 .elementor-element.elementor-element-4a2df3c1 > .elementor-motion-effects-container > .elementor-motion-effects-layer{background-image:url(\"https:\/\/turismoliberty.pe\/wp-content\/uploads\/2022\/09\/fa-6.jpg\");background-position:center center;background-repeat:no-repeat;background-size:cover;}.elementor-10820 .elementor-element.elementor-element-4a2df3c1 > .elementor-background-overlay{background-color:#1C201180;opacity:1;transition:background 0.3s, border-radius 0.3s, opacity 0.3s;}.elementor-10820 .elementor-element.elementor-element-4a2df3c1{transition:background 0.3s, border 0.3s, border-radius 0.3s, box-shadow 0.3s;margin-top:0px;margin-bottom:0px;padding:85px 0px 85px 0px;}.elementor-10820 .elementor-element.elementor-element-6192d488 > .elementor-element-populated{padding:0px 0px 0px 0px;}.elementor-10820 .elementor-element.elementor-element-16403ec9{text-align:center;margin:0px 0px calc(var(--kit-widget-spacing, 0px) + 0px) 0px;}.elementor-10820 .elementor-element.elementor-element-16403ec9 .elementor-heading-title{font-family:\"Merriweather\", Sans-serif;font-size:40px;letter-spacing:0px;color:#FFFFFF;}.elementor-10820 .elementor-element.elementor-element-75a981ea{padding:32px 15px 26px 15px;}.elementor-10820 .elementor-element.elementor-element-a5774e3 > .elementor-element-populated{padding:0px 0px 0px 0px;}.elementor-10820 .elementor-element.elementor-element-23471d80{font-size:16px;font-weight:400;line-height:1.75em;}.elementor-10820 .elementor-element.elementor-element-b02fa70{--display:flex;}.elementor-10820 .elementor-element.elementor-element-327821e{--spacer-size:50px;}@media(max-width:1024px){.elementor-10820 .elementor-element.elementor-element-4a2df3c1{padding:70px 0px 70px 0px;}.elementor-10820 .elementor-element.elementor-element-16403ec9{text-align:center;}.elementor-10820 .elementor-element.elementor-element-75a981ea{padding:32px 26px 15px 26px;}}@media(max-width:767px){.elementor-10820 .elementor-element.elementor-element-4a2df3c1{padding:50px 0px 50px 0px;}.elementor-10820 .elementor-element.elementor-element-16403ec9{text-align:center;margin:0px 0px calc(var(--kit-widget-spacing, 0px) + 0px) 0px;}.elementor-10820 .elementor-element.elementor-element-75a981ea{padding:30px 16px 15px 16px;}}<\/style>\t\t<div data-elementor-type=\"wp-page\" data-elementor-id=\"10820\" class=\"elementor elementor-10820 elementor-6673\">\n\t\t\t\t\t\t<section class=\"elementor-section elementor-top-section elementor-element elementor-element-4a2df3c1 elementor-section-boxed elementor-section-height-default elementor-section-height-default\" data-id=\"4a2df3c1\" data-element_type=\"section\" data-e-type=\"section\" data-settings=\"{&quot;background_background&quot;:&quot;classic&quot;}\">\n\t\t\t\t\t\t\t<div class=\"elementor-background-overlay\"><\/div>\n\t\t\t\t\t\t\t<div class=\"elementor-container elementor-column-gap-default\">\n\t\t\t\t\t<div class=\"elementor-column elementor-col-100 elementor-top-column elementor-element elementor-element-6192d488\" data-id=\"6192d488\" data-element_type=\"column\" data-e-type=\"column\">\n\t\t\t<div class=\"elementor-widget-wrap elementor-element-populated\">\n\t\t\t\t\t\t<div class=\"elementor-element elementor-element-16403ec9 --secondaryFontFamily elementor-widget elementor-widget-heading\" data-id=\"16403ec9\" data-element_type=\"widget\" data-e-type=\"widget\" data-widget_type=\"heading.default\">\n\t\t\t\t\t<h1 class=\"elementor-heading-title elementor-size-default\">Informations sur les Passagers<\/h1>\t\t\t\t<\/div>\n\t\t\t\t\t<\/div>\n\t\t<\/div>\n\t\t\t\t\t<\/div>\n\t\t<\/section>\n\t\t\t\t<section class=\"elementor-section elementor-top-section elementor-element elementor-element-75a981ea elementor-section-boxed elementor-section-height-default elementor-section-height-default\" data-id=\"75a981ea\" data-element_type=\"section\" data-e-type=\"section\">\n\t\t\t\t\t\t<div class=\"elementor-container elementor-column-gap-default\">\n\t\t\t\t\t<div class=\"elementor-column elementor-col-100 elementor-top-column elementor-element elementor-element-a5774e3\" data-id=\"a5774e3\" data-element_type=\"column\" data-e-type=\"column\">\n\t\t\t<div class=\"elementor-widget-wrap elementor-element-populated\">\n\t\t\t\t\t\t<div class=\"elementor-element elementor-element-23471d80 elementor-widget elementor-widget-text-editor\" data-id=\"23471d80\" data-element_type=\"widget\" data-e-type=\"widget\" data-widget_type=\"text-editor.default\">\n\t\t\t\t\t\t\t\t\t<p style=\"text-align: justify;\">Bienvenue ! Afin de garantir une exp\u00e9rience confortable et s\u00fbre, veuillez nous fournir les informations suivantes sur les passagers : \t\t\t\t\t\t\t\t<\/div>\n\t\t\t\t\t<\/div>\n\t\t<\/div>\n\t\t\t\t\t<\/div>\n\t\t<\/section>\n\t\t<div class=\"elementor-element elementor-element-b02fa70 e-flex e-con-boxed e-con e-parent\" data-id=\"b02fa70\" data-element_type=\"container\" data-e-type=\"container\">\n\t\t\t\t\t<div class=\"e-con-inner\">\n\t\t\t\t<div class=\"elementor-element elementor-element-c913706 elementor-widget elementor-widget-shortcode\" data-id=\"c913706\" data-element_type=\"widget\" data-e-type=\"widget\" data-widget_type=\"shortcode.default\">\n\t\t\t\t\t\t\t<div class=\"elementor-shortcode\">Pas D&#039;Information Pour Les Voyageurs!!<\/div>\n\t\t\t\t\t\t<\/div>\n\t\t\t\t<div class=\"elementor-element elementor-element-327821e elementor-widget elementor-widget-spacer\" data-id=\"327821e\" data-element_type=\"widget\" data-e-type=\"widget\" data-widget_type=\"spacer.default\">\n\t\t\t\t\t\t\t<div class=\"elementor-spacer\">\n\t\t\t<div class=\"elementor-spacer-inner\"><\/div>\n\t\t<\/div>\n\t\t\t\t\t\t<\/div>\n\t\t\t\t\t<\/div>\n\t\t\t\t<\/div>\n\t\t\t\t<\/div>\n\t\t","protected":false},"excerpt":{"rendered":"<p>Informations sur les Passagers Bienvenue ! Afin de garantir une exp\u00e9rience confortable et s\u00fbre, veuillez nous fournir les informations suivantes sur les passagers :<\/p>\n","protected":false},"author":1,"featured_media":0,"parent":0,"menu_order":0,"comment_status":"closed","ping_status":"closed","template":"elementor_header_footer","meta":{"footnotes":""},"class_list":["post-10820","page","type-page","status-publish","hentry","travel-monster-post","no-post-thumbnail","latest_post"],"yoast_head":"<!-- This site is optimized with the Yoast SEO Premium plugin v27.4 (Yoast SEO v27.4) - https:\/\/yoast.com\/product\/yoast-seo-premium-wordpress\/ -->\n<title>Informations sur les Passagers | Turismo Liberty<\/title>\n<meta name=\"robots\" content=\"index, follow, max-snippet:-1, max-image-preview:large, max-video-preview:-1\" \/>\n<link rel=\"canonical\" href=\"https:\/\/turismoliberty.pe\/fr\/informations-sur-les-passagers\/\" \/>\n<meta property=\"og:locale\" content=\"fr_FR\" \/>\n<meta property=\"og:type\" content=\"article\" \/>\n<meta property=\"og:title\" content=\"Informations sur les Passagers\" \/>\n<meta property=\"og:description\" content=\"Informations sur les Passagers Bienvenue ! Afin de garantir une exp\u00e9rience confortable et s\u00fbre, veuillez nous fournir les informations suivantes sur les passagers :\" \/>\n<meta property=\"og:url\" content=\"https:\/\/turismoliberty.pe\/fr\/informations-sur-les-passagers\/\" \/>\n<meta property=\"og:site_name\" content=\"Turismo Liberty\" \/>\n<meta property=\"article:publisher\" content=\"https:\/\/www.facebook.com\/turismolibertyarequipa\" \/>\n<meta property=\"article:modified_time\" content=\"2025-12-08T19:50:53+00:00\" \/>\n<meta property=\"og:image\" content=\"https:\/\/turismoliberty.pe\/wp-content\/uploads\/2025\/05\/Turismo-Liberty-Peru.webp\" \/>\n\t<meta property=\"og:image:width\" content=\"1200\" \/>\n\t<meta property=\"og:image:height\" content=\"675\" \/>\n\t<meta property=\"og:image:type\" content=\"image\/webp\" \/>\n<meta name=\"twitter:card\" content=\"summary_large_image\" \/>\n<!-- \/ Yoast SEO Premium plugin. -->","yoast_head_json":{"title":"Informations sur les Passagers | Turismo Liberty","robots":{"index":"index","follow":"follow","max-snippet":"max-snippet:-1","max-image-preview":"max-image-preview:large","max-video-preview":"max-video-preview:-1"},"canonical":"https:\/\/turismoliberty.pe\/fr\/informations-sur-les-passagers\/","og_locale":"fr_FR","og_type":"article","og_title":"Informations sur les Passagers","og_description":"Informations sur les Passagers Bienvenue ! Afin de garantir une exp\u00e9rience confortable et s\u00fbre, veuillez nous fournir les informations suivantes sur les passagers :","og_url":"https:\/\/turismoliberty.pe\/fr\/informations-sur-les-passagers\/","og_site_name":"Turismo Liberty","article_publisher":"https:\/\/www.facebook.com\/turismolibertyarequipa","article_modified_time":"2025-12-08T19:50:53+00:00","og_image":[{"width":1200,"height":675,"url":"https:\/\/turismoliberty.pe\/wp-content\/uploads\/2025\/05\/Turismo-Liberty-Peru.webp","type":"image\/webp"}],"twitter_card":"summary_large_image","schema":{"@context":"https:\/\/schema.org","@graph":[{"@type":"WebPage","@id":"https:\/\/turismoliberty.pe\/fr\/informations-sur-les-passagers\/","url":"https:\/\/turismoliberty.pe\/fr\/informations-sur-les-passagers\/","name":"Informations sur les Passagers | Turismo Liberty","isPartOf":{"@id":"https:\/\/turismoliberty.pe\/fr\/#website"},"datePublished":"2024-12-11T15:26:13+00:00","dateModified":"2025-12-08T19:50:53+00:00","breadcrumb":{"@id":"https:\/\/turismoliberty.pe\/fr\/informations-sur-les-passagers\/#breadcrumb"},"inLanguage":"fr-FR","potentialAction":[{"@type":"ReadAction","target":["https:\/\/turismoliberty.pe\/fr\/informations-sur-les-passagers\/"]}]},{"@type":"BreadcrumbList","@id":"https:\/\/turismoliberty.pe\/fr\/informations-sur-les-passagers\/#breadcrumb","itemListElement":[{"@type":"ListItem","position":1,"name":"Portada","item":"https:\/\/turismoliberty.pe\/fr\/"},{"@type":"ListItem","position":2,"name":"Informations sur les Passagers"}]},{"@type":"WebSite","@id":"https:\/\/turismoliberty.pe\/fr\/#website","url":"https:\/\/turismoliberty.pe\/fr\/","name":"Turismo Liberty","description":"Voyagez \u00e0 votre rythme et vivez des exp\u00e9riences uniques dans votre langue.","publisher":{"@id":"https:\/\/turismoliberty.pe\/fr\/#organization"},"potentialAction":[{"@type":"SearchAction","target":{"@type":"EntryPoint","urlTemplate":"https:\/\/turismoliberty.pe\/fr\/?s={search_term_string}"},"query-input":{"@type":"PropertyValueSpecification","valueRequired":true,"valueName":"search_term_string"}}],"inLanguage":"fr-FR"},{"@type":"Organization","@id":"https:\/\/turismoliberty.pe\/fr\/#organization","name":"Turismo Liberty","url":"https:\/\/turismoliberty.pe\/fr\/","logo":{"@type":"ImageObject","inLanguage":"fr-FR","@id":"https:\/\/turismoliberty.pe\/fr\/#\/schema\/logo\/image\/","url":"https:\/\/turismoliberty.pe\/wp-content\/uploads\/2024\/12\/cropped-cropped-HORIZONTAL-SIN-FONDO-1-2.png","contentUrl":"https:\/\/turismoliberty.pe\/wp-content\/uploads\/2024\/12\/cropped-cropped-HORIZONTAL-SIN-FONDO-1-2.png","width":2559,"height":588,"caption":"Turismo Liberty"},"image":{"@id":"https:\/\/turismoliberty.pe\/fr\/#\/schema\/logo\/image\/"},"sameAs":["https:\/\/www.facebook.com\/turismolibertyarequipa","https:\/\/www.instagram.com\/viajes.turismo.liberty\/","https:\/\/www.tiktok.com\/@viajes.turismo.liberty","https:\/\/www.youtube.com\/@turismolibertyperu"],"description":"Turismo Liberty es una agencia de viajes peruana especializada en experiencias aut\u00e9nticas y turismo vivencial. Organizamos viajes personalizados a destinos emblem\u00e1ticos del Per\u00fa como Cusco, Arequipa, Ica y Puno, conectando a los viajeros con las culturas locales a trav\u00e9s de vivencias reales, sostenibles y memorables.","email":"reservas@turismoliberty.pe","telephone":"+51 944134797","legalName":"Agencia de Viajes Liberty Eirl | Turismo Liberty Peru","numberOfEmployees":{"@type":"QuantitativeValue","minValue":"1","maxValue":"10"}}]}},"_links":{"self":[{"href":"https:\/\/turismoliberty.pe\/fr\/wp-json\/wp\/v2\/pages\/10820","targetHints":{"allow":["GET"]}}],"collection":[{"href":"https:\/\/turismoliberty.pe\/fr\/wp-json\/wp\/v2\/pages"}],"about":[{"href":"https:\/\/turismoliberty.pe\/fr\/wp-json\/wp\/v2\/types\/page"}],"author":[{"embeddable":true,"href":"https:\/\/turismoliberty.pe\/fr\/wp-json\/wp\/v2\/users\/1"}],"replies":[{"embeddable":true,"href":"https:\/\/turismoliberty.pe\/fr\/wp-json\/wp\/v2\/comments?post=10820"}],"version-history":[{"count":2,"href":"https:\/\/turismoliberty.pe\/fr\/wp-json\/wp\/v2\/pages\/10820\/revisions"}],"predecessor-version":[{"id":13773,"href":"https:\/\/turismoliberty.pe\/fr\/wp-json\/wp\/v2\/pages\/10820\/revisions\/13773"}],"wp:attachment":[{"href":"https:\/\/turismoliberty.pe\/fr\/wp-json\/wp\/v2\/media?parent=10820"}],"curies":[{"name":"wp","href":"https:\/\/api.w.org\/{rel}","templated":true}]}}