{"id":10835,"date":"2024-12-11T16:59:25","date_gmt":"2024-12-11T15:59:25","guid":{"rendered":"https:\/\/turismoliberty.pe\/page-de-remerciement\/"},"modified":"2025-12-08T21:10:23","modified_gmt":"2025-12-08T20:10:23","slug":"page-de-remerciement","status":"publish","type":"page","link":"https:\/\/turismoliberty.pe\/fr\/page-de-remerciement\/","title":{"rendered":"Page de Remerciement"},"content":{"rendered":"\t\t<div data-elementor-type=\"wp-page\" data-elementor-id=\"10835\" class=\"elementor elementor-10835 elementor-6681\">\n\t\t\t\t\t\t<section class=\"elementor-section elementor-top-section elementor-element elementor-element-1cdd06d4 elementor-section-boxed elementor-section-height-default elementor-section-height-default\" data-id=\"1cdd06d4\" data-element_type=\"section\" data-e-type=\"section\" data-settings=\"{&quot;background_background&quot;:&quot;classic&quot;}\">\n\t\t\t\t\t\t\t<div class=\"elementor-background-overlay\"><\/div>\n\t\t\t\t\t\t\t<div class=\"elementor-container elementor-column-gap-default\">\n\t\t\t\t\t<div class=\"elementor-column elementor-col-100 elementor-top-column elementor-element elementor-element-7c518d0c\" data-id=\"7c518d0c\" data-element_type=\"column\" data-e-type=\"column\">\n\t\t\t<div class=\"elementor-widget-wrap elementor-element-populated\">\n\t\t\t\t\t\t<div class=\"elementor-element elementor-element-6b8e3c60 --secondaryFontFamily elementor-widget elementor-widget-heading\" data-id=\"6b8e3c60\" data-element_type=\"widget\" data-e-type=\"widget\" data-widget_type=\"heading.default\">\n\t\t\t\t\t<h1 class=\"elementor-heading-title elementor-size-default\">Merci pour votre demande<\/h1>\t\t\t\t<\/div>\n\t\t\t\t\t<\/div>\n\t\t<\/div>\n\t\t\t\t\t<\/div>\n\t\t<\/section>\n\t\t<div class=\"elementor-element elementor-element-df93595 e-flex e-con-boxed e-con e-parent\" data-id=\"df93595\" data-element_type=\"container\" data-e-type=\"container\">\n\t\t\t\t\t<div class=\"e-con-inner\">\n\t\t\t\t<div class=\"elementor-element elementor-element-5441728 elementor-widget elementor-widget-spacer\" data-id=\"5441728\" data-element_type=\"widget\" data-e-type=\"widget\" data-widget_type=\"spacer.default\">\n\t\t\t\t\t\t\t<div class=\"elementor-spacer\">\n\t\t\t<div class=\"elementor-spacer-inner\"><\/div>\n\t\t<\/div>\n\t\t\t\t\t\t<\/div>\n\t\t\t\t<div class=\"elementor-element elementor-element-484dc17 elementor-widget elementor-widget-text-editor\" data-id=\"484dc17\" data-element_type=\"widget\" data-e-type=\"widget\" data-widget_type=\"text-editor.default\">\n\t\t\t\t\t\t\t\t\t<p data-start=\"971\" data-end=\"1130\"><strong>Chez Turismo Liberty, nous appr\u00e9cions sinc\u00e8rement l\u2019int\u00e9r\u00eat que vous portez \u00e0 nos exp\u00e9riences.<\/strong> Notre \u00e9quipe est d\u00e9j\u00e0 en train d\u2019examiner votre demande et nous vous r\u00e9pondrons dans les plus brefs d\u00e9lais.<\/p><p data-start=\"1132\" data-end=\"1207\">Si vous souhaitez une assistance imm\u00e9diate, vous pouvez nous contacter directement via WhatsApp :<\/p>\t\t\t\t\t\t\t\t<\/div>\n\t\t\t\t<div class=\"elementor-element elementor-element-16ac8c5 elementor-position-inline-start elementor-view-default elementor-mobile-position-block-start elementor-widget elementor-widget-icon-box\" data-id=\"16ac8c5\" data-element_type=\"widget\" data-e-type=\"widget\" data-widget_type=\"icon-box.default\">\n\t\t\t\t\t\t\t<div class=\"elementor-icon-box-wrapper\">\n\n\t\t\t\t\t\t<div class=\"elementor-icon-box-icon\">\n\t\t\t\t<a href=\"https:\/\/wa.me\/51944134797?text=Hola%20\ud83d\udc4b%2C%20quiero%20crear%20un%20viaje%20a%20medida%20con%20Turismo%20Liberty.%20Me%20gustar\u00eda%20recibir%20asesor\u00eda%20personalizada%20para%20armar%20mi%20itinerario.%20\u00bfPodr\u00edan%20ayudarme%3F\" class=\"elementor-icon\" tabindex=\"-1\">\n\t\t\t\t<i aria-hidden=\"true\" class=\"jki jki-whatsapp-1-light\"><\/i>\t\t\t\t<\/a>\n\t\t\t<\/div>\n\t\t\t\n\t\t\t\t\t\t<div class=\"elementor-icon-box-content\">\n\n\t\t\t\t\n\t\t\t\t\t\t\t\t\t<p class=\"elementor-icon-box-description\">\n\t\t\t\t\t\tParler avec un Conseiller \t\t\t\t\t<\/p>\n\t\t\t\t\n\t\t\t<\/div>\n\t\t\t\n\t\t<\/div>\n\t\t\t\t\t\t<\/div>\n\t\t\t\t<div class=\"elementor-element elementor-element-3918d73 elementor-widget elementor-widget-spacer\" data-id=\"3918d73\" data-element_type=\"widget\" data-e-type=\"widget\" data-widget_type=\"spacer.default\">\n\t\t\t\t\t\t\t<div class=\"elementor-spacer\">\n\t\t\t<div class=\"elementor-spacer-inner\"><\/div>\n\t\t<\/div>\n\t\t\t\t\t\t<\/div>\n\t\t\t\t\t<\/div>\n\t\t\t\t<\/div>\n\t\t\t\t<section class=\"elementor-section elementor-top-section elementor-element elementor-element-7d6593b2 elementor-section-boxed elementor-section-height-default elementor-section-height-default\" data-id=\"7d6593b2\" data-element_type=\"section\" data-e-type=\"section\">\n\t\t\t\t\t\t<div class=\"elementor-container elementor-column-gap-default\">\n\t\t\t\t\t<div class=\"elementor-column elementor-col-50 elementor-top-column elementor-element elementor-element-214b4073\" data-id=\"214b4073\" data-element_type=\"column\" data-e-type=\"column\">\n\t\t\t<div class=\"elementor-widget-wrap elementor-element-populated\">\n\t\t\t\t\t\t<section class=\"elementor-section elementor-inner-section elementor-element elementor-element-2febe00e travel-monster-section-header left elementor-section-boxed elementor-section-height-default elementor-section-height-default\" data-id=\"2febe00e\" data-element_type=\"section\" data-e-type=\"section\">\n\t\t\t\t\t\t<div class=\"elementor-container elementor-column-gap-default\">\n\t\t\t\t\t<div class=\"elementor-column elementor-col-100 elementor-inner-column elementor-element elementor-element-5f1fcf6d\" data-id=\"5f1fcf6d\" data-element_type=\"column\" data-e-type=\"column\">\n\t\t\t<div class=\"elementor-widget-wrap elementor-element-populated\">\n\t\t\t\t\t\t<div class=\"elementor-element elementor-element-1609010b elementor-widget elementor-widget-heading\" data-id=\"1609010b\" data-element_type=\"widget\" data-e-type=\"widget\" data-widget_type=\"heading.default\">\n\t\t\t\t\t<h1 class=\"elementor-heading-title elementor-size-default\">Vivez des exp\u00e9riences de voyage uniques et inoubliables.<\/h1>\t\t\t\t<\/div>\n\t\t\t\t\t<\/div>\n\t\t<\/div>\n\t\t\t\t\t<\/div>\n\t\t<\/section>\n\t\t\t\t<div class=\"elementor-element elementor-element-77677952 elementor-widget elementor-widget-text-editor\" data-id=\"77677952\" data-element_type=\"widget\" data-e-type=\"widget\" data-widget_type=\"text-editor.default\">\n\t\t\t\t\t\t\t\t\t<p style=\"text-align: justify;\">Chez Turismo Liberty, nous sommes passionn\u00e9s par la cr\u00e9ation d\u2019exp\u00e9riences authentiques et m\u00e9morables pour nos voyageurs.<br>Avec plus de dix ans d\u2019expertise dans le secteur, nous concevons des voyages sur mesure, adapt\u00e9s \u00e0 vos besoins et \u00e0 vos aspirations, afin que chaque aventure devienne un moment exceptionnel et profond\u00e9ment significatif. <\/p>\t\t\t\t\t\t\t\t<\/div>\n\t\t\t\t<div class=\"elementor-element elementor-element-32c989df elementor-widget elementor-widget-text-editor\" data-id=\"32c989df\" data-element_type=\"widget\" data-e-type=\"widget\" data-widget_type=\"text-editor.default\">\n\t\t\t\t\t\t\t\t\t<p><strong>Pourquoi nous choisir ?<\/strong><\/p><ul><li><p style=\"text-align: justify;\"><strong>Attention personnalis\u00e9e : <\/strong>nous prenons le temps de comprendre vos besoins et vos pr\u00e9f\u00e9rences, en vous proposant des itin\u00e9raires sur mesure.<\/p><\/li><li><p style=\"text-align: justify;\"><strong>Des experts de la destination : <\/strong>Notre \u00e9quipe est compos\u00e9e de voyageurs passionn\u00e9s qui connaissent les destinations les plus \u00e9tonnantes.<\/p><\/li><li><p style=\"text-align: justify;\"><strong>Engagement en faveur du d\u00e9veloppement durable :<\/strong> nous travaillons avec des fournisseurs qui partagent notre vision d&#8217;un tourisme responsable et respectueux de l&#8217;environnement.<\/p><\/li><li><p style=\"text-align: justify;\"><strong>Assistance permanente : <\/strong>nous sommes \u00e0 vos c\u00f4t\u00e9s \u00e0 chaque \u00e9tape, avant, pendant et apr\u00e8s votre voyage, pour que vous viviez une exp\u00e9rience sans souci.<\/p><\/li><\/ul><p style=\"text-align: justify;\">Chez Turismo Liberty, votre satisfaction et votre bien-\u00eatre sont notre priorit\u00e9. Laissez-nous vous aider \u00e0 cr\u00e9er des souvenirs qui dureront toute une vie ! <\/p>\t\t\t\t\t\t\t\t<\/div>\n\t\t\t\t\t<\/div>\n\t\t<\/div>\n\t\t\t\t<div class=\"elementor-column elementor-col-50 elementor-top-column elementor-element elementor-element-5d135b9\" data-id=\"5d135b9\" data-element_type=\"column\" data-e-type=\"column\">\n\t\t\t<div class=\"elementor-widget-wrap elementor-element-populated\">\n\t\t\t\t\t\t<div class=\"elementor-element elementor-element-c207371 elementor-widget elementor-widget-image\" data-id=\"c207371\" data-element_type=\"widget\" data-e-type=\"widget\" data-widget_type=\"image.default\">\n\t\t\t\t\t\t\t\t\t\t\t\t\t\t\t<img decoding=\"async\" width=\"1\" height=\"1\" src=\"https:\/\/turismoliberty.pe\/wp-content\/uploads\/2025\/11\/Banos-termales-Chacapi-by-Liberty.webp\" class=\"attachment-1536x1536 size-1536x1536 wp-image-13716\" alt=\"\" \/>\t\t\t\t\t\t\t\t\t\t\t\t\t\t\t<\/div>\n\t\t\t\t\t<\/div>\n\t\t<\/div>\n\t\t\t\t\t<\/div>\n\t\t<\/section>\n\t\t<div class=\"elementor-element elementor-element-02af56e e-flex e-con-boxed e-con e-parent\" data-id=\"02af56e\" data-element_type=\"container\" data-e-type=\"container\">\n\t\t\t\t\t<div class=\"e-con-inner\">\n\t\t\t\t<div class=\"elementor-element elementor-element-7faccd1 elementor-widget elementor-widget-spacer\" data-id=\"7faccd1\" data-element_type=\"widget\" data-e-type=\"widget\" data-widget_type=\"spacer.default\">\n\t\t\t\t\t\t\t<div class=\"elementor-spacer\">\n\t\t\t<div class=\"elementor-spacer-inner\"><\/div>\n\t\t<\/div>\n\t\t\t\t\t\t<\/div>\n\t\t\t\t\t<\/div>\n\t\t\t\t<\/div>\n\t\t\t\t<\/div>\n\t\t","protected":false},"excerpt":{"rendered":"<p>Merci pour votre demande Chez Turismo Liberty, nous appr\u00e9cions sinc\u00e8rement l\u2019int\u00e9r\u00eat que vous portez \u00e0 nos exp\u00e9riences. Notre \u00e9quipe est d\u00e9j\u00e0 en train d\u2019examiner votre demande et nous vous r\u00e9pondrons dans les plus brefs d\u00e9lais. Si vous souhaitez une assistance [&hellip;]<\/p>\n","protected":false},"author":1,"featured_media":0,"parent":0,"menu_order":0,"comment_status":"closed","ping_status":"closed","template":"elementor_header_footer","meta":{"footnotes":""},"class_list":["post-10835","page","type-page","status-publish","hentry","travel-monster-post","no-post-thumbnail","latest_post"],"yoast_head":"<!-- This site is optimized with the Yoast SEO Premium plugin v27.4 (Yoast SEO v27.4) - https:\/\/yoast.com\/product\/yoast-seo-premium-wordpress\/ -->\n<title>Page de Remerciement | Turismo Liberty<\/title>\n<meta name=\"robots\" content=\"index, follow, max-snippet:-1, max-image-preview:large, max-video-preview:-1\" \/>\n<link rel=\"canonical\" href=\"https:\/\/turismoliberty.pe\/fr\/page-de-remerciement\/\" \/>\n<meta property=\"og:locale\" content=\"fr_FR\" \/>\n<meta property=\"og:type\" content=\"article\" \/>\n<meta property=\"og:title\" content=\"Page de Remerciement\" \/>\n<meta property=\"og:description\" content=\"Merci pour votre demande Chez Turismo Liberty, nous appr\u00e9cions sinc\u00e8rement l\u2019int\u00e9r\u00eat que vous portez \u00e0 nos exp\u00e9riences. Notre \u00e9quipe est d\u00e9j\u00e0 en train d\u2019examiner votre demande et nous vous r\u00e9pondrons dans les plus brefs d\u00e9lais. Si vous souhaitez une assistance [&hellip;]\" \/>\n<meta property=\"og:url\" content=\"https:\/\/turismoliberty.pe\/fr\/page-de-remerciement\/\" \/>\n<meta property=\"og:site_name\" content=\"Turismo Liberty\" \/>\n<meta property=\"article:publisher\" content=\"https:\/\/www.facebook.com\/turismolibertyarequipa\" \/>\n<meta property=\"article:modified_time\" content=\"2025-12-08T20:10:23+00:00\" \/>\n<meta property=\"og:image\" content=\"https:\/\/turismoliberty.pe\/wp-content\/uploads\/2025\/11\/Banos-termales-Chacapi-by-Liberty.webp\" \/>\n\t<meta property=\"og:image:width\" content=\"500\" \/>\n\t<meta property=\"og:image:height\" content=\"750\" \/>\n\t<meta property=\"og:image:type\" content=\"image\/webp\" \/>\n<meta name=\"twitter:card\" content=\"summary_large_image\" \/>\n<meta name=\"twitter:label1\" content=\"Dur\u00e9e de lecture estim\u00e9e\" \/>\n\t<meta name=\"twitter:data1\" content=\"1 minute\" \/>\n<!-- \/ Yoast SEO Premium plugin. -->","yoast_head_json":{"title":"Page de Remerciement | Turismo Liberty","robots":{"index":"index","follow":"follow","max-snippet":"max-snippet:-1","max-image-preview":"max-image-preview:large","max-video-preview":"max-video-preview:-1"},"canonical":"https:\/\/turismoliberty.pe\/fr\/page-de-remerciement\/","og_locale":"fr_FR","og_type":"article","og_title":"Page de Remerciement","og_description":"Merci pour votre demande Chez Turismo Liberty, nous appr\u00e9cions sinc\u00e8rement l\u2019int\u00e9r\u00eat que vous portez \u00e0 nos exp\u00e9riences. Notre \u00e9quipe est d\u00e9j\u00e0 en train d\u2019examiner votre demande et nous vous r\u00e9pondrons dans les plus brefs d\u00e9lais. Si vous souhaitez une assistance [&hellip;]","og_url":"https:\/\/turismoliberty.pe\/fr\/page-de-remerciement\/","og_site_name":"Turismo Liberty","article_publisher":"https:\/\/www.facebook.com\/turismolibertyarequipa","article_modified_time":"2025-12-08T20:10:23+00:00","og_image":[{"width":500,"height":750,"url":"https:\/\/turismoliberty.pe\/wp-content\/uploads\/2025\/11\/Banos-termales-Chacapi-by-Liberty.webp","type":"image\/webp"}],"twitter_card":"summary_large_image","twitter_misc":{"Dur\u00e9e de lecture estim\u00e9e":"1 minute"},"schema":{"@context":"https:\/\/schema.org","@graph":[{"@type":"WebPage","@id":"https:\/\/turismoliberty.pe\/fr\/page-de-remerciement\/","url":"https:\/\/turismoliberty.pe\/fr\/page-de-remerciement\/","name":"Page de Remerciement | Turismo Liberty","isPartOf":{"@id":"https:\/\/turismoliberty.pe\/fr\/#website"},"primaryImageOfPage":{"@id":"https:\/\/turismoliberty.pe\/fr\/page-de-remerciement\/#primaryimage"},"image":{"@id":"https:\/\/turismoliberty.pe\/fr\/page-de-remerciement\/#primaryimage"},"thumbnailUrl":"https:\/\/turismoliberty.pe\/wp-content\/uploads\/2025\/11\/Banos-termales-Chacapi-by-Liberty.webp","datePublished":"2024-12-11T15:59:25+00:00","dateModified":"2025-12-08T20:10:23+00:00","breadcrumb":{"@id":"https:\/\/turismoliberty.pe\/fr\/page-de-remerciement\/#breadcrumb"},"inLanguage":"fr-FR","potentialAction":[{"@type":"ReadAction","target":["https:\/\/turismoliberty.pe\/fr\/page-de-remerciement\/"]}]},{"@type":"ImageObject","inLanguage":"fr-FR","@id":"https:\/\/turismoliberty.pe\/fr\/page-de-remerciement\/#primaryimage","url":"https:\/\/turismoliberty.pe\/wp-content\/uploads\/2025\/11\/Banos-termales-Chacapi-by-Liberty.webp","contentUrl":"https:\/\/turismoliberty.pe\/wp-content\/uploads\/2025\/11\/Banos-termales-Chacapi-by-Liberty.webp"},{"@type":"BreadcrumbList","@id":"https:\/\/turismoliberty.pe\/fr\/page-de-remerciement\/#breadcrumb","itemListElement":[{"@type":"ListItem","position":1,"name":"Portada","item":"https:\/\/turismoliberty.pe\/fr\/"},{"@type":"ListItem","position":2,"name":"Page de Remerciement"}]},{"@type":"WebSite","@id":"https:\/\/turismoliberty.pe\/fr\/#website","url":"https:\/\/turismoliberty.pe\/fr\/","name":"Turismo Liberty","description":"Voyagez \u00e0 votre rythme et vivez des exp\u00e9riences uniques dans votre langue.","publisher":{"@id":"https:\/\/turismoliberty.pe\/fr\/#organization"},"potentialAction":[{"@type":"SearchAction","target":{"@type":"EntryPoint","urlTemplate":"https:\/\/turismoliberty.pe\/fr\/?s={search_term_string}"},"query-input":{"@type":"PropertyValueSpecification","valueRequired":true,"valueName":"search_term_string"}}],"inLanguage":"fr-FR"},{"@type":"Organization","@id":"https:\/\/turismoliberty.pe\/fr\/#organization","name":"Turismo Liberty","url":"https:\/\/turismoliberty.pe\/fr\/","logo":{"@type":"ImageObject","inLanguage":"fr-FR","@id":"https:\/\/turismoliberty.pe\/fr\/#\/schema\/logo\/image\/","url":"https:\/\/turismoliberty.pe\/wp-content\/uploads\/2024\/12\/cropped-cropped-HORIZONTAL-SIN-FONDO-1-2.png","contentUrl":"https:\/\/turismoliberty.pe\/wp-content\/uploads\/2024\/12\/cropped-cropped-HORIZONTAL-SIN-FONDO-1-2.png","width":2559,"height":588,"caption":"Turismo Liberty"},"image":{"@id":"https:\/\/turismoliberty.pe\/fr\/#\/schema\/logo\/image\/"},"sameAs":["https:\/\/www.facebook.com\/turismolibertyarequipa","https:\/\/www.instagram.com\/viajes.turismo.liberty\/","https:\/\/www.tiktok.com\/@viajes.turismo.liberty","https:\/\/www.youtube.com\/@turismolibertyperu"],"description":"Turismo Liberty es una agencia de viajes peruana especializada en experiencias aut\u00e9nticas y turismo vivencial. Organizamos viajes personalizados a destinos emblem\u00e1ticos del Per\u00fa como Cusco, Arequipa, Ica y Puno, conectando a los viajeros con las culturas locales a trav\u00e9s de vivencias reales, sostenibles y memorables.","email":"reservas@turismoliberty.pe","telephone":"+51 944134797","legalName":"Agencia de Viajes Liberty Eirl | Turismo Liberty Peru","numberOfEmployees":{"@type":"QuantitativeValue","minValue":"1","maxValue":"10"}}]}},"_links":{"self":[{"href":"https:\/\/turismoliberty.pe\/fr\/wp-json\/wp\/v2\/pages\/10835","targetHints":{"allow":["GET"]}}],"collection":[{"href":"https:\/\/turismoliberty.pe\/fr\/wp-json\/wp\/v2\/pages"}],"about":[{"href":"https:\/\/turismoliberty.pe\/fr\/wp-json\/wp\/v2\/types\/page"}],"author":[{"embeddable":true,"href":"https:\/\/turismoliberty.pe\/fr\/wp-json\/wp\/v2\/users\/1"}],"replies":[{"embeddable":true,"href":"https:\/\/turismoliberty.pe\/fr\/wp-json\/wp\/v2\/comments?post=10835"}],"version-history":[{"count":2,"href":"https:\/\/turismoliberty.pe\/fr\/wp-json\/wp\/v2\/pages\/10835\/revisions"}],"predecessor-version":[{"id":13788,"href":"https:\/\/turismoliberty.pe\/fr\/wp-json\/wp\/v2\/pages\/10835\/revisions\/13788"}],"wp:attachment":[{"href":"https:\/\/turismoliberty.pe\/fr\/wp-json\/wp\/v2\/media?parent=10835"}],"curies":[{"name":"wp","href":"https:\/\/api.w.org\/{rel}","templated":true}]}}