{"id":10842,"date":"2024-12-10T14:07:50","date_gmt":"2024-12-10T13:07:50","guid":{"rendered":"https:\/\/turismoliberty.pe\/politique-de-confidentialite\/"},"modified":"2025-12-08T21:12:14","modified_gmt":"2025-12-08T20:12:14","slug":"politique-de-confidentialite","status":"publish","type":"page","link":"https:\/\/turismoliberty.pe\/fr\/politique-de-confidentialite\/","title":{"rendered":"Politique de confidentialit\u00e9"},"content":{"rendered":"<style>.elementor-10842 .elementor-element.elementor-element-33b00fa4:not(.elementor-motion-effects-element-type-background), .elementor-10842 .elementor-element.elementor-element-33b00fa4 > .elementor-motion-effects-container > .elementor-motion-effects-layer{background-image:url(\"https:\/\/turismoliberty.pe\/wp-content\/uploads\/2022\/09\/Mask-Group-1-7.jpg\");background-position:center center;background-repeat:no-repeat;background-size:cover;}.elementor-10842 .elementor-element.elementor-element-33b00fa4 > .elementor-background-overlay{background-color:#1C201180;opacity:1;transition:background 0.3s, border-radius 0.3s, opacity 0.3s;}.elementor-10842 .elementor-element.elementor-element-33b00fa4{transition:background 0.3s, border 0.3s, border-radius 0.3s, box-shadow 0.3s;margin-top:0px;margin-bottom:0px;padding:85px 0px 85px 0px;}.elementor-10842 .elementor-element.elementor-element-3dab80f8 > .elementor-element-populated{padding:0px 0px 0px 0px;}.elementor-10842 .elementor-element.elementor-element-6d76172d{text-align:center;margin:0px 0px calc(var(--kit-widget-spacing, 0px) + 0px) 0px;}.elementor-10842 .elementor-element.elementor-element-6d76172d .elementor-heading-title{font-family:\"Merriweather\", Sans-serif;font-size:40px;letter-spacing:0px;color:#FFFFFF;}.elementor-10842 .elementor-element.elementor-element-895cd03{--display:flex;}.elementor-10842 .elementor-element.elementor-element-7faf8da{--display:flex;}@media(max-width:1024px){.elementor-10842 .elementor-element.elementor-element-33b00fa4{padding:70px 0px 70px 0px;}.elementor-10842 .elementor-element.elementor-element-6d76172d{text-align:center;}}@media(max-width:767px){.elementor-10842 .elementor-element.elementor-element-33b00fa4{padding:50px 0px 50px 0px;}.elementor-10842 .elementor-element.elementor-element-6d76172d{text-align:center;margin:0px 0px calc(var(--kit-widget-spacing, 0px) + 0px) 0px;}}<\/style>\t\t<div data-elementor-type=\"wp-page\" data-elementor-id=\"10842\" class=\"elementor elementor-10842 elementor-6492\">\n\t\t\t\t\t\t<section class=\"elementor-section elementor-top-section elementor-element elementor-element-33b00fa4 elementor-section-boxed elementor-section-height-default elementor-section-height-default\" data-id=\"33b00fa4\" data-element_type=\"section\" data-e-type=\"section\" data-settings=\"{&quot;background_background&quot;:&quot;classic&quot;}\">\n\t\t\t\t\t\t\t<div class=\"elementor-background-overlay\"><\/div>\n\t\t\t\t\t\t\t<div class=\"elementor-container elementor-column-gap-default\">\n\t\t\t\t\t<div class=\"elementor-column elementor-col-100 elementor-top-column elementor-element elementor-element-3dab80f8\" data-id=\"3dab80f8\" data-element_type=\"column\" data-e-type=\"column\">\n\t\t\t<div class=\"elementor-widget-wrap elementor-element-populated\">\n\t\t\t\t\t\t<div class=\"elementor-element elementor-element-6d76172d --secondaryFontFamily elementor-widget elementor-widget-heading\" data-id=\"6d76172d\" data-element_type=\"widget\" data-e-type=\"widget\" data-widget_type=\"heading.default\">\n\t\t\t\t\t<h1 class=\"elementor-heading-title elementor-size-default\">Politique de confidentialit\u00e9<\/h1>\t\t\t\t<\/div>\n\t\t\t\t\t<\/div>\n\t\t<\/div>\n\t\t\t\t\t<\/div>\n\t\t<\/section>\n\t\t<div class=\"elementor-element elementor-element-895cd03 e-flex e-con-boxed e-con e-parent\" data-id=\"895cd03\" data-element_type=\"container\" data-e-type=\"container\">\n\t\t\t\t\t<div class=\"e-con-inner\">\n\t\t\t\t<div class=\"elementor-element elementor-element-9346a96 elementor-widget elementor-widget-text-editor\" data-id=\"9346a96\" data-element_type=\"widget\" data-e-type=\"widget\" data-widget_type=\"text-editor.default\">\n\t\t\t\t\t\t\t\t\t<p><strong>Politique de confidentialit\u00e9 de Turismo Liberty.<\/strong><\/p><p>Date d&#8217;entr\u00e9e en vigueur : 10 d\u00e9cembre 2024.<\/p>\t\t\t\t\t\t\t\t<\/div>\n\t\t\t\t\t<\/div>\n\t\t\t\t<\/div>\n\t\t<div class=\"elementor-element elementor-element-7faf8da e-flex e-con-boxed e-con e-parent\" data-id=\"7faf8da\" data-element_type=\"container\" data-e-type=\"container\">\n\t\t\t\t\t<div class=\"e-con-inner\">\n\t\t\t\t<div class=\"elementor-element elementor-element-f5f1d95 elementor-widget elementor-widget-text-editor\" data-id=\"f5f1d95\" data-element_type=\"widget\" data-e-type=\"widget\" data-widget_type=\"text-editor.default\">\n\t\t\t\t\t\t\t\t\t<p><strong>1. Introduction<\/strong><\/p><p>Chez Turismo Liberty, nous nous engageons \u00e0 prot\u00e9ger votre vie priv\u00e9e et \u00e0 garantir la s\u00e9curit\u00e9 de votre exp\u00e9rience utilisateur. La pr\u00e9sente politique de confidentialit\u00e9 explique comment nous collectons, utilisons, prot\u00e9geons et partageons vos donn\u00e9es personnelles lorsque vous acc\u00e9dez \u00e0 notre site web, vous inscrivez \u00e0 des services ou achetez des produits li\u00e9s au voyage. <\/p><p><strong>2. Informations que nous collectons<\/strong><\/p><p>Nous recueillons les informations personnelles que vous nous fournissez directement lorsque vous effectuez les actions suivantes :<\/p><ul><li>Vous effectuez une r\u00e9servation ou achetez des produits via notre site web.<\/li><li>Vous vous abonnez \u00e0 notre newsletter ou \u00e0 nos communications marketing.<\/li><li>Contactez-nous pour obtenir de l&#8217;aide ou poser des questions.<\/li><\/ul><p>Les informations que nous pouvons collecter comprennent, entre autres :<\/p><ul><li>Coordonn\u00e9es (nom, adresse \u00e9lectronique, num\u00e9ro de t\u00e9l\u00e9phone).<\/li><li>Informations relatives au paiement (num\u00e9ro de carte de cr\u00e9dit\/d\u00e9bit, coordonn\u00e9es bancaires).<\/li><li>D\u00e9tails de vos r\u00e9servations ou pr\u00e9f\u00e9rences de voyage (date, destination, type de voyage).<\/li><li>Informations sur votre localisation, si vous fournissez l&#8217;acc\u00e8s \u00e0 ces informations.<\/li><\/ul><p><strong>3. Utilisation des informations<\/strong><\/p><p>Nous utilisons les informations collect\u00e9es aux fins suivantes :<\/p><ul><li>Traiter et g\u00e9rer vos r\u00e9servations et vos achats.<\/li><li>Communiquer avec vous pour vous fournir des informations pertinentes concernant votre r\u00e9servation, telles que des modifications ou des mises \u00e0 jour.<\/li><li>Am\u00e9liorer nos services et vous proposer des recommandations personnalis\u00e9es de produits et de voyages.<\/li><li>Respecter les obligations l\u00e9gales et r\u00e9soudre les litiges.<\/li><\/ul><p><strong>4. Utilisation des cookies<\/strong><\/p><p>Notre site web utilise des cookies pour am\u00e9liorer l&#8217;exp\u00e9rience utilisateur. Les cookies sont de petits fichiers texte stock\u00e9s sur votre appareil qui nous permettent de m\u00e9moriser vos pr\u00e9f\u00e9rences et de vous offrir une navigation plus fluide. Vous pouvez configurer votre navigateur pour qu&#8217;il vous avertisse lorsque des cookies sont utilis\u00e9s ou pour les d\u00e9sactiver, mais cela pourrait affecter le fonctionnement du site web.  <\/p><p><strong>5. Partager vos informations<\/strong><\/p><p>Nous ne partageons pas vos informations personnelles avec des tiers, sauf dans les circonstances suivantes :<\/p><ul><li>Avec les prestataires de services (tels que les compagnies a\u00e9riennes, les h\u00f4tels, les transporteurs, etc.) n\u00e9cessaires pour finaliser votre r\u00e9servation ou fournir le service demand\u00e9.<\/li><li>Lorsque la loi l&#8217;exige ou pour prot\u00e9ger nos droits, notre propri\u00e9t\u00e9 ou notre s\u00e9curit\u00e9.<\/li><\/ul><p><strong>6. S\u00e9curit\u00e9 des informations<\/strong><\/p><p>Nous prenons des mesures raisonnables pour prot\u00e9ger vos donn\u00e9es personnelles. Nous utilisons des technologies et des proc\u00e9dures de s\u00e9curit\u00e9 pour prot\u00e9ger vos informations contre tout acc\u00e8s non autoris\u00e9, toute alt\u00e9ration, divulgation ou destruction. <\/p><p><strong>7. Acc\u00e8s et contr\u00f4le de vos informations personnelles<\/strong><\/p><p>Vous avez le droit d&#8217;acc\u00e9der, de corriger ou de supprimer les informations personnelles que nous avons collect\u00e9es \u00e0 votre sujet. Si vous souhaitez exercer ces droits, veuillez nous contacter \u00e0 l&#8217;adresse reservas@turismoliberty.pe. <\/p><p><strong>8. Liens vers des sites tiers<\/strong><\/p><p>Notre site Web peut contenir des liens vers d&#8217;autres sites Internet que nous ne g\u00e9rons pas. Nous ne sommes pas responsables de la confidentialit\u00e9 ou du contenu de ces sites. Nous vous recommandons de lire les politiques de confidentialit\u00e9 de ces sites.  <\/p><p><strong>9. Modifications apport\u00e9es \u00e0 la pr\u00e9sente politique de confidentialit\u00e9<\/strong><\/p><p>Nous nous r\u00e9servons le droit de mettre \u00e0 jour cette politique de confidentialit\u00e9 \u00e0 tout moment. Toute modification sera publi\u00e9e sur cette page avec la date de la derni\u00e8re mise \u00e0 jour. Nous vous recommandons de consulter cette page r\u00e9guli\u00e8rement.  <\/p><p><strong>10. Contact<\/strong><\/p><p>Si vous avez des questions concernant cette politique de confidentialit\u00e9 ou la mani\u00e8re dont nous traitons vos donn\u00e9es personnelles, vous pouvez nous contacter \u00e0 l&#8217;adresse suivante :<\/p><p>Turismo Liberty<br>125 Rue La Merced, Bureau 147, Arequipa, P\u00e9rou.<br>reservas@turismoliberty.pe<br>+51 944134797<\/p>\t\t\t\t\t\t\t\t<\/div>\n\t\t\t\t\t<\/div>\n\t\t\t\t<\/div>\n\t\t\t\t<\/div>\n\t\t","protected":false},"excerpt":{"rendered":"<p>Politique de confidentialit\u00e9 Politique de confidentialit\u00e9 de Turismo Liberty. Date d&#8217;entr\u00e9e en vigueur : 10 d\u00e9cembre 2024. 1. Introduction Chez Turismo Liberty, nous nous engageons \u00e0 prot\u00e9ger votre vie priv\u00e9e et \u00e0 garantir la s\u00e9curit\u00e9 de votre exp\u00e9rience utilisateur. La [&hellip;]<\/p>\n","protected":false},"author":1,"featured_media":0,"parent":0,"menu_order":0,"comment_status":"closed","ping_status":"closed","template":"elementor_header_footer","meta":{"footnotes":""},"class_list":["post-10842","page","type-page","status-publish","hentry","travel-monster-post","no-post-thumbnail","latest_post"],"yoast_head":"<!-- This site is optimized with the Yoast SEO Premium plugin v27.2 (Yoast SEO v27.2) - https:\/\/yoast.com\/product\/yoast-seo-premium-wordpress\/ -->\n<title>Politique de confidentialit\u00e9 | Turismo Liberty<\/title>\n<meta name=\"robots\" content=\"index, follow, max-snippet:-1, max-image-preview:large, max-video-preview:-1\" \/>\n<link rel=\"canonical\" href=\"https:\/\/turismoliberty.pe\/fr\/politique-de-confidentialite\/\" \/>\n<meta property=\"og:locale\" content=\"fr_FR\" \/>\n<meta property=\"og:type\" content=\"article\" \/>\n<meta property=\"og:title\" content=\"Politique de confidentialit\u00e9\" \/>\n<meta property=\"og:description\" content=\"Politique de confidentialit\u00e9 Politique de confidentialit\u00e9 de Turismo Liberty. Date d&#8217;entr\u00e9e en vigueur : 10 d\u00e9cembre 2024. 1. Introduction Chez Turismo Liberty, nous nous engageons \u00e0 prot\u00e9ger votre vie priv\u00e9e et \u00e0 garantir la s\u00e9curit\u00e9 de votre exp\u00e9rience utilisateur. La [&hellip;]\" \/>\n<meta property=\"og:url\" content=\"https:\/\/turismoliberty.pe\/fr\/politique-de-confidentialite\/\" \/>\n<meta property=\"og:site_name\" content=\"Turismo Liberty\" \/>\n<meta property=\"article:publisher\" content=\"https:\/\/www.facebook.com\/turismolibertyarequipa\" \/>\n<meta property=\"article:modified_time\" content=\"2025-12-08T20:12:14+00:00\" \/>\n<meta property=\"og:image\" content=\"https:\/\/turismoliberty.pe\/wp-content\/uploads\/2025\/05\/Turismo-Liberty-Peru.webp\" \/>\n\t<meta property=\"og:image:width\" content=\"1200\" \/>\n\t<meta property=\"og:image:height\" content=\"675\" \/>\n\t<meta property=\"og:image:type\" content=\"image\/webp\" \/>\n<meta name=\"twitter:card\" content=\"summary_large_image\" \/>\n<meta name=\"twitter:label1\" content=\"Dur\u00e9e de lecture estim\u00e9e\" \/>\n\t<meta name=\"twitter:data1\" content=\"3 minutes\" \/>\n<!-- \/ Yoast SEO Premium plugin. -->","yoast_head_json":{"title":"Politique de confidentialit\u00e9 | Turismo Liberty","robots":{"index":"index","follow":"follow","max-snippet":"max-snippet:-1","max-image-preview":"max-image-preview:large","max-video-preview":"max-video-preview:-1"},"canonical":"https:\/\/turismoliberty.pe\/fr\/politique-de-confidentialite\/","og_locale":"fr_FR","og_type":"article","og_title":"Politique de confidentialit\u00e9","og_description":"Politique de confidentialit\u00e9 Politique de confidentialit\u00e9 de Turismo Liberty. Date d&#8217;entr\u00e9e en vigueur : 10 d\u00e9cembre 2024. 1. Introduction Chez Turismo Liberty, nous nous engageons \u00e0 prot\u00e9ger votre vie priv\u00e9e et \u00e0 garantir la s\u00e9curit\u00e9 de votre exp\u00e9rience utilisateur. La [&hellip;]","og_url":"https:\/\/turismoliberty.pe\/fr\/politique-de-confidentialite\/","og_site_name":"Turismo Liberty","article_publisher":"https:\/\/www.facebook.com\/turismolibertyarequipa","article_modified_time":"2025-12-08T20:12:14+00:00","og_image":[{"width":1200,"height":675,"url":"https:\/\/turismoliberty.pe\/wp-content\/uploads\/2025\/05\/Turismo-Liberty-Peru.webp","type":"image\/webp"}],"twitter_card":"summary_large_image","twitter_misc":{"Dur\u00e9e de lecture estim\u00e9e":"3 minutes"},"schema":{"@context":"https:\/\/schema.org","@graph":[{"@type":"WebPage","@id":"https:\/\/turismoliberty.pe\/fr\/politique-de-confidentialite\/","url":"https:\/\/turismoliberty.pe\/fr\/politique-de-confidentialite\/","name":"Politique de confidentialit\u00e9 | Turismo Liberty","isPartOf":{"@id":"https:\/\/turismoliberty.pe\/fr\/#website"},"datePublished":"2024-12-10T13:07:50+00:00","dateModified":"2025-12-08T20:12:14+00:00","breadcrumb":{"@id":"https:\/\/turismoliberty.pe\/fr\/politique-de-confidentialite\/#breadcrumb"},"inLanguage":"fr-FR","potentialAction":[{"@type":"ReadAction","target":["https:\/\/turismoliberty.pe\/fr\/politique-de-confidentialite\/"]}]},{"@type":"BreadcrumbList","@id":"https:\/\/turismoliberty.pe\/fr\/politique-de-confidentialite\/#breadcrumb","itemListElement":[{"@type":"ListItem","position":1,"name":"Portada","item":"https:\/\/turismoliberty.pe\/fr\/"},{"@type":"ListItem","position":2,"name":"Politique de confidentialit\u00e9"}]},{"@type":"WebSite","@id":"https:\/\/turismoliberty.pe\/fr\/#website","url":"https:\/\/turismoliberty.pe\/fr\/","name":"Turismo Liberty","description":"Voyagez \u00e0 votre rythme et vivez des exp\u00e9riences uniques dans votre langue.","publisher":{"@id":"https:\/\/turismoliberty.pe\/fr\/#organization"},"potentialAction":[{"@type":"SearchAction","target":{"@type":"EntryPoint","urlTemplate":"https:\/\/turismoliberty.pe\/fr\/?s={search_term_string}"},"query-input":{"@type":"PropertyValueSpecification","valueRequired":true,"valueName":"search_term_string"}}],"inLanguage":"fr-FR"},{"@type":"Organization","@id":"https:\/\/turismoliberty.pe\/fr\/#organization","name":"Turismo Liberty","url":"https:\/\/turismoliberty.pe\/fr\/","logo":{"@type":"ImageObject","inLanguage":"fr-FR","@id":"https:\/\/turismoliberty.pe\/fr\/#\/schema\/logo\/image\/","url":"https:\/\/turismoliberty.pe\/wp-content\/uploads\/2024\/12\/cropped-cropped-HORIZONTAL-SIN-FONDO-1-2.png","contentUrl":"https:\/\/turismoliberty.pe\/wp-content\/uploads\/2024\/12\/cropped-cropped-HORIZONTAL-SIN-FONDO-1-2.png","width":2559,"height":588,"caption":"Turismo Liberty"},"image":{"@id":"https:\/\/turismoliberty.pe\/fr\/#\/schema\/logo\/image\/"},"sameAs":["https:\/\/www.facebook.com\/turismolibertyarequipa","https:\/\/www.instagram.com\/viajes.turismo.liberty\/","https:\/\/www.tiktok.com\/@viajes.turismo.liberty","https:\/\/www.youtube.com\/@turismolibertyperu"],"description":"Turismo Liberty es una agencia de viajes peruana especializada en experiencias aut\u00e9nticas y turismo vivencial. Organizamos viajes personalizados a destinos emblem\u00e1ticos del Per\u00fa como Cusco, Arequipa, Ica y Puno, conectando a los viajeros con las culturas locales a trav\u00e9s de vivencias reales, sostenibles y memorables.","email":"reservas@turismoliberty.pe","telephone":"+51 944134797","legalName":"Agencia de Viajes Liberty Eirl | Turismo Liberty Peru","numberOfEmployees":{"@type":"QuantitativeValue","minValue":"1","maxValue":"10"}}]}},"_links":{"self":[{"href":"https:\/\/turismoliberty.pe\/fr\/wp-json\/wp\/v2\/pages\/10842","targetHints":{"allow":["GET"]}}],"collection":[{"href":"https:\/\/turismoliberty.pe\/fr\/wp-json\/wp\/v2\/pages"}],"about":[{"href":"https:\/\/turismoliberty.pe\/fr\/wp-json\/wp\/v2\/types\/page"}],"author":[{"embeddable":true,"href":"https:\/\/turismoliberty.pe\/fr\/wp-json\/wp\/v2\/users\/1"}],"replies":[{"embeddable":true,"href":"https:\/\/turismoliberty.pe\/fr\/wp-json\/wp\/v2\/comments?post=10842"}],"version-history":[{"count":2,"href":"https:\/\/turismoliberty.pe\/fr\/wp-json\/wp\/v2\/pages\/10842\/revisions"}],"predecessor-version":[{"id":13791,"href":"https:\/\/turismoliberty.pe\/fr\/wp-json\/wp\/v2\/pages\/10842\/revisions\/13791"}],"wp:attachment":[{"href":"https:\/\/turismoliberty.pe\/fr\/wp-json\/wp\/v2\/media?parent=10842"}],"curies":[{"name":"wp","href":"https:\/\/api.w.org\/{rel}","templated":true}]}}