{"id":10859,"date":"2024-12-10T16:36:21","date_gmt":"2024-12-10T15:36:21","guid":{"rendered":"https:\/\/turismoliberty.pe\/conditions-generales\/"},"modified":"2025-12-08T22:35:52","modified_gmt":"2025-12-08T21:35:52","slug":"conditions-generales","status":"publish","type":"page","link":"https:\/\/turismoliberty.pe\/fr\/conditions-generales\/","title":{"rendered":"Conditions g\u00e9n\u00e9rales"},"content":{"rendered":"<style>.elementor-10859 .elementor-element.elementor-element-5543873d:not(.elementor-motion-effects-element-type-background), .elementor-10859 .elementor-element.elementor-element-5543873d > .elementor-motion-effects-container > .elementor-motion-effects-layer{background-image:url(\"https:\/\/turismoliberty.pe\/wp-content\/uploads\/2022\/09\/fa-6.jpg\");background-position:center center;background-repeat:no-repeat;background-size:cover;}.elementor-10859 .elementor-element.elementor-element-5543873d > .elementor-background-overlay{background-color:#1C201180;opacity:1;transition:background 0.3s, border-radius 0.3s, opacity 0.3s;}.elementor-10859 .elementor-element.elementor-element-5543873d{transition:background 0.3s, border 0.3s, border-radius 0.3s, box-shadow 0.3s;margin-top:0px;margin-bottom:0px;padding:85px 0px 85px 0px;}.elementor-10859 .elementor-element.elementor-element-cc62666 > .elementor-element-populated{padding:0px 0px 0px 0px;}.elementor-10859 .elementor-element.elementor-element-44207912{text-align:center;margin:0px 0px calc(var(--kit-widget-spacing, 0px) + 0px) 0px;}.elementor-10859 .elementor-element.elementor-element-44207912 .elementor-heading-title{font-family:\"Merriweather\", Sans-serif;font-size:40px;letter-spacing:0px;color:#FFFFFF;}.elementor-10859 .elementor-element.elementor-element-54cae59a{padding:32px 15px 26px 15px;}.elementor-10859 .elementor-element.elementor-element-20b6f9ce > .elementor-element-populated{padding:0px 0px 0px 0px;}.elementor-10859 .elementor-element.elementor-element-42018592{font-size:16px;font-weight:400;line-height:1.75em;}.elementor-10859 .elementor-element.elementor-element-e161fe2{--display:flex;}@media(max-width:1024px){.elementor-10859 .elementor-element.elementor-element-5543873d{padding:70px 0px 70px 0px;}.elementor-10859 .elementor-element.elementor-element-44207912{text-align:center;}.elementor-10859 .elementor-element.elementor-element-54cae59a{padding:32px 26px 15px 26px;}}@media(max-width:767px){.elementor-10859 .elementor-element.elementor-element-5543873d{padding:50px 0px 50px 0px;}.elementor-10859 .elementor-element.elementor-element-44207912{text-align:center;margin:0px 0px calc(var(--kit-widget-spacing, 0px) + 0px) 0px;}.elementor-10859 .elementor-element.elementor-element-54cae59a{padding:30px 16px 15px 16px;}}<\/style>\t\t<div data-elementor-type=\"wp-page\" data-elementor-id=\"10859\" class=\"elementor elementor-10859 elementor-6498\">\n\t\t\t\t\t\t<section class=\"elementor-section elementor-top-section elementor-element elementor-element-5543873d elementor-section-boxed elementor-section-height-default elementor-section-height-default\" data-id=\"5543873d\" data-element_type=\"section\" data-e-type=\"section\" data-settings=\"{&quot;background_background&quot;:&quot;classic&quot;}\">\n\t\t\t\t\t\t\t<div class=\"elementor-background-overlay\"><\/div>\n\t\t\t\t\t\t\t<div class=\"elementor-container elementor-column-gap-default\">\n\t\t\t\t\t<div class=\"elementor-column elementor-col-100 elementor-top-column elementor-element elementor-element-cc62666\" data-id=\"cc62666\" data-element_type=\"column\" data-e-type=\"column\">\n\t\t\t<div class=\"elementor-widget-wrap elementor-element-populated\">\n\t\t\t\t\t\t<div class=\"elementor-element elementor-element-44207912 --secondaryFontFamily elementor-widget elementor-widget-heading\" data-id=\"44207912\" data-element_type=\"widget\" data-e-type=\"widget\" data-widget_type=\"heading.default\">\n\t\t\t\t\t<h1 class=\"elementor-heading-title elementor-size-default\">Conditions g\u00e9n\u00e9rales<\/h1>\t\t\t\t<\/div>\n\t\t\t\t\t<\/div>\n\t\t<\/div>\n\t\t\t\t\t<\/div>\n\t\t<\/section>\n\t\t\t\t<section class=\"elementor-section elementor-top-section elementor-element elementor-element-54cae59a elementor-section-boxed elementor-section-height-default elementor-section-height-default\" data-id=\"54cae59a\" data-element_type=\"section\" data-e-type=\"section\">\n\t\t\t\t\t\t<div class=\"elementor-container elementor-column-gap-default\">\n\t\t\t\t\t<div class=\"elementor-column elementor-col-100 elementor-top-column elementor-element elementor-element-20b6f9ce\" data-id=\"20b6f9ce\" data-element_type=\"column\" data-e-type=\"column\">\n\t\t\t<div class=\"elementor-widget-wrap elementor-element-populated\">\n\t\t\t\t\t\t<div class=\"elementor-element elementor-element-42018592 elementor-widget elementor-widget-text-editor\" data-id=\"42018592\" data-element_type=\"widget\" data-e-type=\"widget\" data-widget_type=\"text-editor.default\">\n\t\t\t\t\t\t\t\t\t<p><strong>Conditions g\u00e9n\u00e9rales de Turismo Liberty<\/strong><\/p><p>Date d&#8217;entr\u00e9e en vigueur : 10 d\u00e9cembre 2024.<\/p>\t\t\t\t\t\t\t\t<\/div>\n\t\t\t\t\t<\/div>\n\t\t<\/div>\n\t\t\t\t\t<\/div>\n\t\t<\/section>\n\t\t<div class=\"elementor-element elementor-element-e161fe2 e-flex e-con-boxed e-con e-parent\" data-id=\"e161fe2\" data-element_type=\"container\" data-e-type=\"container\">\n\t\t\t\t\t<div class=\"e-con-inner\">\n\t\t\t\t<div class=\"elementor-element elementor-element-2a78613 elementor-widget elementor-widget-text-editor\" data-id=\"2a78613\" data-element_type=\"widget\" data-e-type=\"widget\" data-widget_type=\"text-editor.default\">\n\t\t\t\t\t\t\t\t\t<p><strong>1. Introduction<\/strong><\/p><p>Les conditions g\u00e9n\u00e9rales suivantes r\u00e9gissent l&#8217;utilisation des services fournis par Turismo Liberty. En acc\u00e9dant \u00e0 nos services ou en les utilisant, vous acceptez de vous conformer aux pr\u00e9sentes conditions g\u00e9n\u00e9rales et \u00e0 notre politique de confidentialit\u00e9. Si vous n&#8217;acceptez pas ces conditions g\u00e9n\u00e9rales, nous vous demandons de ne pas utiliser nos services.  <\/p><p><strong>2. Services fournis<\/strong><\/p><p>L&#8217;agence propose toute une gamme de services li\u00e9s \u00e0 la planification et \u00e0 la gestion des voyages, notamment, mais sans s&#8217;y limiter :<\/p><ul><li>R\u00e9servations de vols, h\u00f4tels, transports et activit\u00e9s touristiques.<\/li><li>Forfaits touristiques et excursions.<\/li><li>Conseil et assistance en mati\u00e8re de voyages.<\/li><\/ul><p><strong>3. R\u00e9servations et paiements<\/strong><\/p><ul><li>Les r\u00e9servations effectu\u00e9es via notre site Web ou notre service client\u00e8le sont soumises \u00e0 disponibilit\u00e9 et confirmation par les prestataires de services (compagnies a\u00e9riennes, h\u00f4tels, etc.).<\/li><li>Le paiement int\u00e9gral ou partiel est exig\u00e9 au moment de la r\u00e9servation. Nous acceptons les modes de paiement suivants : cartes de cr\u00e9dit, cartes de d\u00e9bit, virements bancaires, Paypal. <\/li><li>Les prix de nos services sont susceptibles d&#8217;\u00eatre modifi\u00e9s sans pr\u00e9avis jusqu&#8217;\u00e0 ce que la r\u00e9servation ait \u00e9t\u00e9 confirm\u00e9e.<\/li><\/ul><p><strong>4. Modifications et annulations<\/strong><\/p><ul><li><strong>Modifications :<\/strong> les modifications apport\u00e9es aux r\u00e9servations d\u00e9j\u00e0 confirm\u00e9es peuvent faire l&#8217;objet de frais suppl\u00e9mentaires, selon les politiques du prestataire de services.<\/li><li><strong>Annulations : <\/strong>les politiques d&#8217;annulation varient en fonction du service souscrit. En g\u00e9n\u00e9ral, les r\u00e9servations peuvent \u00eatre annul\u00e9es avec remboursement partiel ou total si elles sont effectu\u00e9es dans un d\u00e9lai d\u00e9termin\u00e9, mais il est important de consulter les politiques sp\u00e9cifiques de chaque fournisseur. <\/li><li>En cas d&#8217;annulation d&#8217;un service par l&#8217;agence ou le prestataire de services, nous proposons des options de remboursement ou de reprogrammation, selon le cas.<\/li><\/ul><p><strong>5. Responsabilit\u00e9 de l&#8217;agence<\/strong><\/p><ul><li>L&#8217;agence agit uniquement en tant qu&#8217;interm\u00e9diaire entre le client et les prestataires de services. Nous ne sommes pas responsables des annulations, retards ou probl\u00e8mes li\u00e9s aux prestataires de services (tels que les compagnies a\u00e9riennes, les h\u00f4tels, les voyagistes, etc.). <\/li><li>Nous ne sommes pas responsables des dommages, pertes ou inconv\u00e9nients pouvant survenir en raison de situations ind\u00e9pendantes de notre volont\u00e9, telles que des \u00e9v\u00e9nements climatiques, des gr\u00e8ves, des catastrophes naturelles ou des pand\u00e9mies.<\/li><\/ul><p><strong>6. Responsabilit\u00e9 du client<\/strong><\/p><p>Le client est responsable de :<\/p><ul><li>Fournir des informations correctes et \u00e0 jour au moment de la r\u00e9servation.<\/li><li>Respecter les lois et r\u00e9glementations du pays de destination, y compris les exigences en mati\u00e8re de visa, de vaccination et autres r\u00e9glementations li\u00e9es \u00e0 la s\u00e9curit\u00e9.<\/li><li>V\u00e9rifiez la validit\u00e9 de votre passeport, visa et autres documents de voyage n\u00e9cessaires.<\/li><\/ul><p><strong>7. Propri\u00e9t\u00e9 intellectuelle<\/strong><\/p><p>Tout le contenu du site web de l&#8217;agence, y compris les textes, graphiques, logos, images et logiciels, est la propri\u00e9t\u00e9 exclusive de Turismo Liberty ou de ses fournisseurs. La reproduction, la distribution ou l&#8217;utilisation non autoris\u00e9e de ce contenu est interdite. <\/p><p><strong>8. Protection des donn\u00e9es personnelles<\/strong><\/p><p>Nous collectons et traitons vos donn\u00e9es personnelles conform\u00e9ment \u00e0 notre <strong>politique de confidentialit\u00e9<\/strong>, disponible \u00e0 l&#8217;adresse [lien]. Nous nous engageons \u00e0 prot\u00e9ger votre vie priv\u00e9e et \u00e0 traiter vos donn\u00e9es conform\u00e9ment \u00e0 la l\u00e9gislation applicable en mati\u00e8re de protection des donn\u00e9es. <\/p><p><strong>9. Force majeure<\/strong><\/p><p>En cas de force majeure (telle que catastrophe naturelle, guerre, pand\u00e9mie, gr\u00e8ve ou tout autre \u00e9v\u00e9nement ind\u00e9pendant de notre volont\u00e9), nous nous r\u00e9servons le droit de modifier, reprogrammer ou annuler les r\u00e9servations sans responsabilit\u00e9 suppl\u00e9mentaire pour l&#8217;agence.<\/p><p><strong>10. Loi applicable et r\u00e9solution des conflits<\/strong><\/p><p>Les pr\u00e9sentes Conditions sont r\u00e9gies et interpr\u00e9t\u00e9es conform\u00e9ment aux lois du P\u00e9rou. Tout litige d\u00e9coulant des pr\u00e9sentes Conditions sera tranch\u00e9 par les tribunaux comp\u00e9tents du P\u00e9rou. <\/p><p><strong>11. Modification des conditions g\u00e9n\u00e9rales<\/strong><\/p><p>Nous nous r\u00e9servons le droit de modifier les pr\u00e9sentes Conditions \u00e0 tout moment. Toute modification sera publi\u00e9e sur ce site Web et entrera en vigueur \u00e0 la date de sa publication. <\/p><p><strong>12. Contact<\/strong><\/p><p>Si vous avez des questions ou des doutes concernant les pr\u00e9sentes conditions g\u00e9n\u00e9rales, vous pouvez nous contacter par les moyens suivants :<\/p><p>Turismo Liberty<br>125 Rue La Merced, Bureau 147, Arequipa, P\u00e9rou<br>reservas@turismoliberty.pe<br>+51 944134797<\/p>\t\t\t\t\t\t\t\t<\/div>\n\t\t\t\t\t<\/div>\n\t\t\t\t<\/div>\n\t\t\t\t<\/div>\n\t\t","protected":false},"excerpt":{"rendered":"<p>Conditions g\u00e9n\u00e9rales Conditions g\u00e9n\u00e9rales de Turismo Liberty Date d&#8217;entr\u00e9e en vigueur : 10 d\u00e9cembre 2024. 1. Introduction Les conditions g\u00e9n\u00e9rales suivantes r\u00e9gissent l&#8217;utilisation des services fournis par Turismo Liberty. En acc\u00e9dant \u00e0 nos services ou en les utilisant, vous acceptez [&hellip;]<\/p>\n","protected":false},"author":1,"featured_media":0,"parent":0,"menu_order":0,"comment_status":"closed","ping_status":"closed","template":"elementor_header_footer","meta":{"footnotes":""},"class_list":["post-10859","page","type-page","status-publish","hentry","travel-monster-post","no-post-thumbnail","latest_post"],"yoast_head":"<!-- This site is optimized with the Yoast SEO Premium plugin v27.2 (Yoast SEO v27.2) - https:\/\/yoast.com\/product\/yoast-seo-premium-wordpress\/ -->\n<title>Conditions g\u00e9n\u00e9rales | Turismo Liberty<\/title>\n<meta name=\"robots\" content=\"index, follow, max-snippet:-1, max-image-preview:large, max-video-preview:-1\" \/>\n<link rel=\"canonical\" href=\"https:\/\/turismoliberty.pe\/fr\/conditions-generales\/\" \/>\n<meta property=\"og:locale\" content=\"fr_FR\" \/>\n<meta property=\"og:type\" content=\"article\" \/>\n<meta property=\"og:title\" content=\"Conditions g\u00e9n\u00e9rales\" \/>\n<meta property=\"og:description\" content=\"Conditions g\u00e9n\u00e9rales Conditions g\u00e9n\u00e9rales de Turismo Liberty Date d&#8217;entr\u00e9e en vigueur : 10 d\u00e9cembre 2024. 1. Introduction Les conditions g\u00e9n\u00e9rales suivantes r\u00e9gissent l&#8217;utilisation des services fournis par Turismo Liberty. En acc\u00e9dant \u00e0 nos services ou en les utilisant, vous acceptez [&hellip;]\" \/>\n<meta property=\"og:url\" content=\"https:\/\/turismoliberty.pe\/fr\/conditions-generales\/\" \/>\n<meta property=\"og:site_name\" content=\"Turismo Liberty\" \/>\n<meta property=\"article:publisher\" content=\"https:\/\/www.facebook.com\/turismolibertyarequipa\" \/>\n<meta property=\"article:modified_time\" content=\"2025-12-08T21:35:52+00:00\" \/>\n<meta property=\"og:image\" content=\"https:\/\/turismoliberty.pe\/wp-content\/uploads\/2025\/05\/Turismo-Liberty-Peru.webp\" \/>\n\t<meta property=\"og:image:width\" content=\"1200\" \/>\n\t<meta property=\"og:image:height\" content=\"675\" \/>\n\t<meta property=\"og:image:type\" content=\"image\/webp\" \/>\n<meta name=\"twitter:card\" content=\"summary_large_image\" \/>\n<meta name=\"twitter:label1\" content=\"Dur\u00e9e de lecture estim\u00e9e\" \/>\n\t<meta name=\"twitter:data1\" content=\"4 minutes\" \/>\n<!-- \/ Yoast SEO Premium plugin. -->","yoast_head_json":{"title":"Conditions g\u00e9n\u00e9rales | Turismo Liberty","robots":{"index":"index","follow":"follow","max-snippet":"max-snippet:-1","max-image-preview":"max-image-preview:large","max-video-preview":"max-video-preview:-1"},"canonical":"https:\/\/turismoliberty.pe\/fr\/conditions-generales\/","og_locale":"fr_FR","og_type":"article","og_title":"Conditions g\u00e9n\u00e9rales","og_description":"Conditions g\u00e9n\u00e9rales Conditions g\u00e9n\u00e9rales de Turismo Liberty Date d&#8217;entr\u00e9e en vigueur : 10 d\u00e9cembre 2024. 1. Introduction Les conditions g\u00e9n\u00e9rales suivantes r\u00e9gissent l&#8217;utilisation des services fournis par Turismo Liberty. En acc\u00e9dant \u00e0 nos services ou en les utilisant, vous acceptez [&hellip;]","og_url":"https:\/\/turismoliberty.pe\/fr\/conditions-generales\/","og_site_name":"Turismo Liberty","article_publisher":"https:\/\/www.facebook.com\/turismolibertyarequipa","article_modified_time":"2025-12-08T21:35:52+00:00","og_image":[{"width":1200,"height":675,"url":"https:\/\/turismoliberty.pe\/wp-content\/uploads\/2025\/05\/Turismo-Liberty-Peru.webp","type":"image\/webp"}],"twitter_card":"summary_large_image","twitter_misc":{"Dur\u00e9e de lecture estim\u00e9e":"4 minutes"},"schema":{"@context":"https:\/\/schema.org","@graph":[{"@type":"WebPage","@id":"https:\/\/turismoliberty.pe\/fr\/conditions-generales\/","url":"https:\/\/turismoliberty.pe\/fr\/conditions-generales\/","name":"Conditions g\u00e9n\u00e9rales | Turismo Liberty","isPartOf":{"@id":"https:\/\/turismoliberty.pe\/fr\/#website"},"datePublished":"2024-12-10T15:36:21+00:00","dateModified":"2025-12-08T21:35:52+00:00","breadcrumb":{"@id":"https:\/\/turismoliberty.pe\/fr\/conditions-generales\/#breadcrumb"},"inLanguage":"fr-FR","potentialAction":[{"@type":"ReadAction","target":["https:\/\/turismoliberty.pe\/fr\/conditions-generales\/"]}]},{"@type":"BreadcrumbList","@id":"https:\/\/turismoliberty.pe\/fr\/conditions-generales\/#breadcrumb","itemListElement":[{"@type":"ListItem","position":1,"name":"Portada","item":"https:\/\/turismoliberty.pe\/fr\/"},{"@type":"ListItem","position":2,"name":"Conditions g\u00e9n\u00e9rales"}]},{"@type":"WebSite","@id":"https:\/\/turismoliberty.pe\/fr\/#website","url":"https:\/\/turismoliberty.pe\/fr\/","name":"Turismo Liberty","description":"Voyagez \u00e0 votre rythme et vivez des exp\u00e9riences uniques dans votre langue.","publisher":{"@id":"https:\/\/turismoliberty.pe\/fr\/#organization"},"potentialAction":[{"@type":"SearchAction","target":{"@type":"EntryPoint","urlTemplate":"https:\/\/turismoliberty.pe\/fr\/?s={search_term_string}"},"query-input":{"@type":"PropertyValueSpecification","valueRequired":true,"valueName":"search_term_string"}}],"inLanguage":"fr-FR"},{"@type":"Organization","@id":"https:\/\/turismoliberty.pe\/fr\/#organization","name":"Turismo Liberty","url":"https:\/\/turismoliberty.pe\/fr\/","logo":{"@type":"ImageObject","inLanguage":"fr-FR","@id":"https:\/\/turismoliberty.pe\/fr\/#\/schema\/logo\/image\/","url":"https:\/\/turismoliberty.pe\/wp-content\/uploads\/2024\/12\/cropped-cropped-HORIZONTAL-SIN-FONDO-1-2.png","contentUrl":"https:\/\/turismoliberty.pe\/wp-content\/uploads\/2024\/12\/cropped-cropped-HORIZONTAL-SIN-FONDO-1-2.png","width":2559,"height":588,"caption":"Turismo Liberty"},"image":{"@id":"https:\/\/turismoliberty.pe\/fr\/#\/schema\/logo\/image\/"},"sameAs":["https:\/\/www.facebook.com\/turismolibertyarequipa","https:\/\/www.instagram.com\/viajes.turismo.liberty\/","https:\/\/www.tiktok.com\/@viajes.turismo.liberty","https:\/\/www.youtube.com\/@turismolibertyperu"],"description":"Turismo Liberty es una agencia de viajes peruana especializada en experiencias aut\u00e9nticas y turismo vivencial. Organizamos viajes personalizados a destinos emblem\u00e1ticos del Per\u00fa como Cusco, Arequipa, Ica y Puno, conectando a los viajeros con las culturas locales a trav\u00e9s de vivencias reales, sostenibles y memorables.","email":"reservas@turismoliberty.pe","telephone":"+51 944134797","legalName":"Agencia de Viajes Liberty Eirl | Turismo Liberty Peru","numberOfEmployees":{"@type":"QuantitativeValue","minValue":"1","maxValue":"10"}}]}},"_links":{"self":[{"href":"https:\/\/turismoliberty.pe\/fr\/wp-json\/wp\/v2\/pages\/10859","targetHints":{"allow":["GET"]}}],"collection":[{"href":"https:\/\/turismoliberty.pe\/fr\/wp-json\/wp\/v2\/pages"}],"about":[{"href":"https:\/\/turismoliberty.pe\/fr\/wp-json\/wp\/v2\/types\/page"}],"author":[{"embeddable":true,"href":"https:\/\/turismoliberty.pe\/fr\/wp-json\/wp\/v2\/users\/1"}],"replies":[{"embeddable":true,"href":"https:\/\/turismoliberty.pe\/fr\/wp-json\/wp\/v2\/comments?post=10859"}],"version-history":[{"count":2,"href":"https:\/\/turismoliberty.pe\/fr\/wp-json\/wp\/v2\/pages\/10859\/revisions"}],"predecessor-version":[{"id":13795,"href":"https:\/\/turismoliberty.pe\/fr\/wp-json\/wp\/v2\/pages\/10859\/revisions\/13795"}],"wp:attachment":[{"href":"https:\/\/turismoliberty.pe\/fr\/wp-json\/wp\/v2\/media?parent=10859"}],"curies":[{"name":"wp","href":"https:\/\/api.w.org\/{rel}","templated":true}]}}